{"id":42922,"date":"2025-09-09T16:34:21","date_gmt":"2025-09-09T14:34:21","guid":{"rendered":"https:\/\/www.llobetregals.com\/producte\/cesta-fruta-cf-3-combinado\/"},"modified":"2025-09-09T16:35:17","modified_gmt":"2025-09-09T14:35:17","slug":"cesta-fruta-cf-3-combinado","status":"publish","type":"product","link":"https:\/\/www.llobetregals.com\/es\/producto\/cesta-fruta-cf-3-combinado\/","title":{"rendered":"CESTA FRUTA CF-3 Combinado"},"content":{"rendered":"<p>1 Botella Cava Brut Nature <strong>CAVAS HILL PANOT GAUD\u00cd<\/strong> 75 cl<br \/>\n0,65 Pitahaya Roja Natural<br \/>\n0,5 Uva Blanca<br \/>\n1 Mango Avi\u00f3n Natural pe\u00e7a 600 g aprox<br \/>\n0,75 Mandarina granel<br \/>\n0,7 <strong>LIMA<\/strong> VERDE<br \/>\n1 Aguacate Unidad<br \/>\n1 Coco<br \/>\n1,9 Pieza Pi\u00f1a Natural <strong>DEL MONTE<\/strong> 1,9 kg. aprox.<br \/>\n0,6 Uva Rosada Granel<br \/>\n1 Caja Fruta <strong>LLOBET<\/strong> 1923 P<br \/>\n1 Caja Fruta <strong>LLOBET<\/strong> 1923 M<\/p>\n","protected":false},"excerpt":{"rendered":"<p>1 Botella Cava Brut Nature CAVAS HILL PANOT GAUD\u00cd 75 cl 0,65 Pitahaya Roja Natural 0,5 Uva Blanca 1 Mango Avi\u00f3n Natural pe\u00e7a 600 g&#8230;<\/p>\n","protected":false},"featured_media":40718,"comment_status":"closed","ping_status":"closed","template":"","meta":{"om_disable_all_campaigns":false,"_joinchat":[]},"product_brand":[],"product_cat":[669,616],"product_tag":[636],"class_list":{"0":"post-42922","1":"product","2":"type-product","3":"status-publish","4":"has-post-thumbnail","6":"product_cat-cestas-de-navidad","7":"product_cat-detalles-navidenos","8":"product_tag-fruta","10":"first","11":"outofstock","12":"purchasable","13":"product-type-simple"},"acf":[],"etheme_brands":{"errors":{"invalid_taxonomy":["Taxonom\u00eda no v\u00e1lida."]},"error_data":[]},"yoast_head":"<!-- This site is optimized with the Yoast SEO plugin v27.3 - https:\/\/yoast.com\/product\/yoast-seo-wordpress\/ -->\n<title>CESTA FRUTA CF-3 Combinado - Llobet Regals<\/title>\n<meta name=\"robots\" content=\"index, follow, max-snippet:-1, max-image-preview:large, max-video-preview:-1\" \/>\n<link rel=\"canonical\" href=\"https:\/\/www.llobetregals.com\/es\/producto\/cesta-fruta-cf-3-combinado\/\" \/>\n<meta property=\"og:locale\" content=\"es_ES\" \/>\n<meta property=\"og:type\" content=\"article\" \/>\n<meta property=\"og:title\" content=\"CESTA FRUTA CF-3 Combinado - Llobet Regals\" \/>\n<meta property=\"og:description\" content=\"1 Botella Cava Brut Nature CAVAS HILL PANOT GAUD\u00cd 75 cl 0,65 Pitahaya Roja Natural 0,5 Uva Blanca 1 Mango Avi\u00f3n Natural pe\u00e7a 600 g...\" \/>\n<meta property=\"og:url\" content=\"https:\/\/www.llobetregals.com\/es\/producto\/cesta-fruta-cf-3-combinado\/\" \/>\n<meta property=\"og:site_name\" content=\"Llobet Regals\" \/>\n<meta property=\"article:modified_time\" content=\"2025-09-09T14:35:17+00:00\" \/>\n<meta property=\"og:image\" content=\"https:\/\/www.llobetregals.com\/wp-content\/uploads\/2025\/09\/798549-scaled.jpg\" \/>\n\t<meta property=\"og:image:width\" content=\"2560\" \/>\n\t<meta property=\"og:image:height\" content=\"2560\" \/>\n\t<meta property=\"og:image:type\" content=\"image\/jpeg\" \/>\n<meta name=\"twitter:card\" content=\"summary_large_image\" \/>\n<script type=\"application\/ld+json\" class=\"yoast-schema-graph\">{\"@context\":\"https:\\\/\\\/schema.org\",\"@graph\":[{\"@type\":\"WebPage\",\"@id\":\"https:\\\/\\\/www.llobetregals.com\\\/es\\\/producto\\\/cesta-fruta-cf-3-combinado\\\/\",\"url\":\"https:\\\/\\\/www.llobetregals.com\\\/es\\\/producto\\\/cesta-fruta-cf-3-combinado\\\/\",\"name\":\"CESTA FRUTA CF-3 Combinado - Llobet Regals\",\"isPartOf\":{\"@id\":\"https:\\\/\\\/www.llobetregals.com\\\/#website\"},\"primaryImageOfPage\":{\"@id\":\"https:\\\/\\\/www.llobetregals.com\\\/es\\\/producto\\\/cesta-fruta-cf-3-combinado\\\/#primaryimage\"},\"image\":{\"@id\":\"https:\\\/\\\/www.llobetregals.com\\\/es\\\/producto\\\/cesta-fruta-cf-3-combinado\\\/#primaryimage\"},\"thumbnailUrl\":\"https:\\\/\\\/www.llobetregals.com\\\/wp-content\\\/uploads\\\/2025\\\/09\\\/798549-scaled.jpg\",\"datePublished\":\"2025-09-09T14:34:21+00:00\",\"dateModified\":\"2025-09-09T14:35:17+00:00\",\"breadcrumb\":{\"@id\":\"https:\\\/\\\/www.llobetregals.com\\\/es\\\/producto\\\/cesta-fruta-cf-3-combinado\\\/#breadcrumb\"},\"inLanguage\":\"es\",\"potentialAction\":[{\"@type\":\"ReadAction\",\"target\":[\"https:\\\/\\\/www.llobetregals.com\\\/es\\\/producto\\\/cesta-fruta-cf-3-combinado\\\/\"]}]},{\"@type\":\"ImageObject\",\"inLanguage\":\"es\",\"@id\":\"https:\\\/\\\/www.llobetregals.com\\\/es\\\/producto\\\/cesta-fruta-cf-3-combinado\\\/#primaryimage\",\"url\":\"https:\\\/\\\/www.llobetregals.com\\\/wp-content\\\/uploads\\\/2025\\\/09\\\/798549-scaled.jpg\",\"contentUrl\":\"https:\\\/\\\/www.llobetregals.com\\\/wp-content\\\/uploads\\\/2025\\\/09\\\/798549-scaled.jpg\",\"width\":2560,\"height\":2560},{\"@type\":\"BreadcrumbList\",\"@id\":\"https:\\\/\\\/www.llobetregals.com\\\/es\\\/producto\\\/cesta-fruta-cf-3-combinado\\\/#breadcrumb\",\"itemListElement\":[{\"@type\":\"ListItem\",\"position\":1,\"name\":\"Inici\",\"item\":\"https:\\\/\\\/www.llobetregals.com\\\/es\\\/\"},{\"@type\":\"ListItem\",\"position\":2,\"name\":\"Regalos\",\"item\":\"https:\\\/\\\/www.llobetregals.com\\\/es\\\/regalos\\\/\"},{\"@type\":\"ListItem\",\"position\":3,\"name\":\"CESTA FRUTA CF-3 Combinado\"}]},{\"@type\":\"WebSite\",\"@id\":\"https:\\\/\\\/www.llobetregals.com\\\/#website\",\"url\":\"https:\\\/\\\/www.llobetregals.com\\\/\",\"name\":\"Llobet Regals\",\"description\":\"Fem Lots Nadal des de fa m\u00e9s de 50 anys.\",\"potentialAction\":[{\"@type\":\"SearchAction\",\"target\":{\"@type\":\"EntryPoint\",\"urlTemplate\":\"https:\\\/\\\/www.llobetregals.com\\\/?s={search_term_string}\"},\"query-input\":{\"@type\":\"PropertyValueSpecification\",\"valueRequired\":true,\"valueName\":\"search_term_string\"}}],\"inLanguage\":\"es\"}]}<\/script>\n<!-- \/ Yoast SEO plugin. -->","yoast_head_json":{"title":"CESTA FRUTA CF-3 Combinado - Llobet Regals","robots":{"index":"index","follow":"follow","max-snippet":"max-snippet:-1","max-image-preview":"max-image-preview:large","max-video-preview":"max-video-preview:-1"},"canonical":"https:\/\/www.llobetregals.com\/es\/producto\/cesta-fruta-cf-3-combinado\/","og_locale":"es_ES","og_type":"article","og_title":"CESTA FRUTA CF-3 Combinado - Llobet Regals","og_description":"1 Botella Cava Brut Nature CAVAS HILL PANOT GAUD\u00cd 75 cl 0,65 Pitahaya Roja Natural 0,5 Uva Blanca 1 Mango Avi\u00f3n Natural pe\u00e7a 600 g...","og_url":"https:\/\/www.llobetregals.com\/es\/producto\/cesta-fruta-cf-3-combinado\/","og_site_name":"Llobet Regals","article_modified_time":"2025-09-09T14:35:17+00:00","og_image":[{"width":2560,"height":2560,"url":"https:\/\/www.llobetregals.com\/wp-content\/uploads\/2025\/09\/798549-scaled.jpg","type":"image\/jpeg"}],"twitter_card":"summary_large_image","schema":{"@context":"https:\/\/schema.org","@graph":[{"@type":"WebPage","@id":"https:\/\/www.llobetregals.com\/es\/producto\/cesta-fruta-cf-3-combinado\/","url":"https:\/\/www.llobetregals.com\/es\/producto\/cesta-fruta-cf-3-combinado\/","name":"CESTA FRUTA CF-3 Combinado - Llobet Regals","isPartOf":{"@id":"https:\/\/www.llobetregals.com\/#website"},"primaryImageOfPage":{"@id":"https:\/\/www.llobetregals.com\/es\/producto\/cesta-fruta-cf-3-combinado\/#primaryimage"},"image":{"@id":"https:\/\/www.llobetregals.com\/es\/producto\/cesta-fruta-cf-3-combinado\/#primaryimage"},"thumbnailUrl":"https:\/\/www.llobetregals.com\/wp-content\/uploads\/2025\/09\/798549-scaled.jpg","datePublished":"2025-09-09T14:34:21+00:00","dateModified":"2025-09-09T14:35:17+00:00","breadcrumb":{"@id":"https:\/\/www.llobetregals.com\/es\/producto\/cesta-fruta-cf-3-combinado\/#breadcrumb"},"inLanguage":"es","potentialAction":[{"@type":"ReadAction","target":["https:\/\/www.llobetregals.com\/es\/producto\/cesta-fruta-cf-3-combinado\/"]}]},{"@type":"ImageObject","inLanguage":"es","@id":"https:\/\/www.llobetregals.com\/es\/producto\/cesta-fruta-cf-3-combinado\/#primaryimage","url":"https:\/\/www.llobetregals.com\/wp-content\/uploads\/2025\/09\/798549-scaled.jpg","contentUrl":"https:\/\/www.llobetregals.com\/wp-content\/uploads\/2025\/09\/798549-scaled.jpg","width":2560,"height":2560},{"@type":"BreadcrumbList","@id":"https:\/\/www.llobetregals.com\/es\/producto\/cesta-fruta-cf-3-combinado\/#breadcrumb","itemListElement":[{"@type":"ListItem","position":1,"name":"Inici","item":"https:\/\/www.llobetregals.com\/es\/"},{"@type":"ListItem","position":2,"name":"Regalos","item":"https:\/\/www.llobetregals.com\/es\/regalos\/"},{"@type":"ListItem","position":3,"name":"CESTA FRUTA CF-3 Combinado"}]},{"@type":"WebSite","@id":"https:\/\/www.llobetregals.com\/#website","url":"https:\/\/www.llobetregals.com\/","name":"Llobet Regals","description":"Fem Lots Nadal des de fa m\u00e9s de 50 anys.","potentialAction":[{"@type":"SearchAction","target":{"@type":"EntryPoint","urlTemplate":"https:\/\/www.llobetregals.com\/?s={search_term_string}"},"query-input":{"@type":"PropertyValueSpecification","valueRequired":true,"valueName":"search_term_string"}}],"inLanguage":"es"}]}},"_links":{"self":[{"href":"https:\/\/www.llobetregals.com\/es\/wp-json\/wp\/v2\/product\/42922","targetHints":{"allow":["GET"]}}],"collection":[{"href":"https:\/\/www.llobetregals.com\/es\/wp-json\/wp\/v2\/product"}],"about":[{"href":"https:\/\/www.llobetregals.com\/es\/wp-json\/wp\/v2\/types\/product"}],"replies":[{"embeddable":true,"href":"https:\/\/www.llobetregals.com\/es\/wp-json\/wp\/v2\/comments?post=42922"}],"wp:featuredmedia":[{"embeddable":true,"href":"https:\/\/www.llobetregals.com\/es\/wp-json\/wp\/v2\/media\/40718"}],"wp:attachment":[{"href":"https:\/\/www.llobetregals.com\/es\/wp-json\/wp\/v2\/media?parent=42922"}],"wp:term":[{"taxonomy":"product_brand","embeddable":true,"href":"https:\/\/www.llobetregals.com\/es\/wp-json\/wp\/v2\/product_brand?post=42922"},{"taxonomy":"product_cat","embeddable":true,"href":"https:\/\/www.llobetregals.com\/es\/wp-json\/wp\/v2\/product_cat?post=42922"},{"taxonomy":"product_tag","embeddable":true,"href":"https:\/\/www.llobetregals.com\/es\/wp-json\/wp\/v2\/product_tag?post=42922"}],"curies":[{"name":"wp","href":"https:\/\/api.w.org\/{rel}","templated":true}]}}