{"id":42837,"date":"2025-09-09T16:29:21","date_gmt":"2025-09-09T14:29:21","guid":{"rendered":"https:\/\/www.llobetregals.com\/producte\/caja-ce-110-vino-rosado-d-o-penedes\/"},"modified":"2025-09-09T16:29:44","modified_gmt":"2025-09-09T14:29:44","slug":"caja-ce-110-vino-rosado-d-o-penedes","status":"publish","type":"product","link":"https:\/\/www.llobetregals.com\/es\/producto\/caja-ce-110-vino-rosado-d-o-penedes\/","title":{"rendered":"CAJA CE-110 VINO ROSADO D.O.PENED\u00c9S"},"content":{"rendered":"<p>6 Botella Vino Rosado D.O. Pened\u00e9s <strong>GARNATXA ROS\u00c9<\/strong> Agust\u00ed Torell\u00f3 Ecol\u00f3gico 75 cl<br \/>\n1 Caja Embalaje CE<\/p>\n","protected":false},"excerpt":{"rendered":"<p>6 Botella Vino Rosado D.O. Pened\u00e9s GARNATXA ROS\u00c9 Agust\u00ed Torell\u00f3 Ecol\u00f3gico 75 cl 1 Caja Embalaje CE<\/p>\n","protected":false},"featured_media":0,"comment_status":"closed","ping_status":"closed","template":"","meta":{"om_disable_all_campaigns":false,"_joinchat":[]},"product_brand":[],"product_cat":[624,672],"product_tag":[564,159,164],"class_list":{"0":"post-42837","1":"product","2":"type-product","3":"status-publish","5":"product_cat-bodega","6":"product_cat-cajas-navidenas","7":"product_tag-d-o-penedes-es","8":"product_tag-ecologico","9":"product_tag-vegano","11":"first","12":"outofstock","13":"purchasable","14":"product-type-simple"},"acf":[],"etheme_brands":{"errors":{"invalid_taxonomy":["Taxonom\u00eda no v\u00e1lida."]},"error_data":[]},"yoast_head":"<!-- This site is optimized with the Yoast SEO plugin v27.3 - https:\/\/yoast.com\/product\/yoast-seo-wordpress\/ -->\n<title>CAJA CE-110 VINO ROSADO D.O.PENED\u00c9S - Llobet Regals<\/title>\n<meta name=\"robots\" content=\"index, follow, max-snippet:-1, max-image-preview:large, max-video-preview:-1\" \/>\n<link rel=\"canonical\" href=\"https:\/\/www.llobetregals.com\/es\/producto\/caja-ce-110-vino-rosado-d-o-penedes\/\" \/>\n<meta property=\"og:locale\" content=\"es_ES\" \/>\n<meta property=\"og:type\" content=\"article\" \/>\n<meta property=\"og:title\" content=\"CAJA CE-110 VINO ROSADO D.O.PENED\u00c9S - Llobet Regals\" \/>\n<meta property=\"og:description\" content=\"6 Botella Vino Rosado D.O. Pened\u00e9s GARNATXA ROS\u00c9 Agust\u00ed Torell\u00f3 Ecol\u00f3gico 75 cl 1 Caja Embalaje CE\" \/>\n<meta property=\"og:url\" content=\"https:\/\/www.llobetregals.com\/es\/producto\/caja-ce-110-vino-rosado-d-o-penedes\/\" \/>\n<meta property=\"og:site_name\" content=\"Llobet Regals\" \/>\n<meta property=\"article:modified_time\" content=\"2025-09-09T14:29:44+00:00\" \/>\n<meta name=\"twitter:card\" content=\"summary_large_image\" \/>\n<script type=\"application\/ld+json\" class=\"yoast-schema-graph\">{\"@context\":\"https:\\\/\\\/schema.org\",\"@graph\":[{\"@type\":\"WebPage\",\"@id\":\"https:\\\/\\\/www.llobetregals.com\\\/es\\\/producto\\\/caja-ce-110-vino-rosado-d-o-penedes\\\/\",\"url\":\"https:\\\/\\\/www.llobetregals.com\\\/es\\\/producto\\\/caja-ce-110-vino-rosado-d-o-penedes\\\/\",\"name\":\"CAJA CE-110 VINO ROSADO D.O.PENED\u00c9S - Llobet Regals\",\"isPartOf\":{\"@id\":\"https:\\\/\\\/www.llobetregals.com\\\/#website\"},\"datePublished\":\"2025-09-09T14:29:21+00:00\",\"dateModified\":\"2025-09-09T14:29:44+00:00\",\"breadcrumb\":{\"@id\":\"https:\\\/\\\/www.llobetregals.com\\\/es\\\/producto\\\/caja-ce-110-vino-rosado-d-o-penedes\\\/#breadcrumb\"},\"inLanguage\":\"es\",\"potentialAction\":[{\"@type\":\"ReadAction\",\"target\":[\"https:\\\/\\\/www.llobetregals.com\\\/es\\\/producto\\\/caja-ce-110-vino-rosado-d-o-penedes\\\/\"]}]},{\"@type\":\"BreadcrumbList\",\"@id\":\"https:\\\/\\\/www.llobetregals.com\\\/es\\\/producto\\\/caja-ce-110-vino-rosado-d-o-penedes\\\/#breadcrumb\",\"itemListElement\":[{\"@type\":\"ListItem\",\"position\":1,\"name\":\"Inici\",\"item\":\"https:\\\/\\\/www.llobetregals.com\\\/es\\\/\"},{\"@type\":\"ListItem\",\"position\":2,\"name\":\"Regalos\",\"item\":\"https:\\\/\\\/www.llobetregals.com\\\/es\\\/regalos\\\/\"},{\"@type\":\"ListItem\",\"position\":3,\"name\":\"CAJA CE-110 VINO ROSADO D.O.PENED\u00c9S\"}]},{\"@type\":\"WebSite\",\"@id\":\"https:\\\/\\\/www.llobetregals.com\\\/#website\",\"url\":\"https:\\\/\\\/www.llobetregals.com\\\/\",\"name\":\"Llobet Regals\",\"description\":\"Fem Lots Nadal des de fa m\u00e9s de 50 anys.\",\"potentialAction\":[{\"@type\":\"SearchAction\",\"target\":{\"@type\":\"EntryPoint\",\"urlTemplate\":\"https:\\\/\\\/www.llobetregals.com\\\/?s={search_term_string}\"},\"query-input\":{\"@type\":\"PropertyValueSpecification\",\"valueRequired\":true,\"valueName\":\"search_term_string\"}}],\"inLanguage\":\"es\"}]}<\/script>\n<!-- \/ Yoast SEO plugin. -->","yoast_head_json":{"title":"CAJA CE-110 VINO ROSADO D.O.PENED\u00c9S - Llobet Regals","robots":{"index":"index","follow":"follow","max-snippet":"max-snippet:-1","max-image-preview":"max-image-preview:large","max-video-preview":"max-video-preview:-1"},"canonical":"https:\/\/www.llobetregals.com\/es\/producto\/caja-ce-110-vino-rosado-d-o-penedes\/","og_locale":"es_ES","og_type":"article","og_title":"CAJA CE-110 VINO ROSADO D.O.PENED\u00c9S - Llobet Regals","og_description":"6 Botella Vino Rosado D.O. Pened\u00e9s GARNATXA ROS\u00c9 Agust\u00ed Torell\u00f3 Ecol\u00f3gico 75 cl 1 Caja Embalaje CE","og_url":"https:\/\/www.llobetregals.com\/es\/producto\/caja-ce-110-vino-rosado-d-o-penedes\/","og_site_name":"Llobet Regals","article_modified_time":"2025-09-09T14:29:44+00:00","twitter_card":"summary_large_image","schema":{"@context":"https:\/\/schema.org","@graph":[{"@type":"WebPage","@id":"https:\/\/www.llobetregals.com\/es\/producto\/caja-ce-110-vino-rosado-d-o-penedes\/","url":"https:\/\/www.llobetregals.com\/es\/producto\/caja-ce-110-vino-rosado-d-o-penedes\/","name":"CAJA CE-110 VINO ROSADO D.O.PENED\u00c9S - Llobet Regals","isPartOf":{"@id":"https:\/\/www.llobetregals.com\/#website"},"datePublished":"2025-09-09T14:29:21+00:00","dateModified":"2025-09-09T14:29:44+00:00","breadcrumb":{"@id":"https:\/\/www.llobetregals.com\/es\/producto\/caja-ce-110-vino-rosado-d-o-penedes\/#breadcrumb"},"inLanguage":"es","potentialAction":[{"@type":"ReadAction","target":["https:\/\/www.llobetregals.com\/es\/producto\/caja-ce-110-vino-rosado-d-o-penedes\/"]}]},{"@type":"BreadcrumbList","@id":"https:\/\/www.llobetregals.com\/es\/producto\/caja-ce-110-vino-rosado-d-o-penedes\/#breadcrumb","itemListElement":[{"@type":"ListItem","position":1,"name":"Inici","item":"https:\/\/www.llobetregals.com\/es\/"},{"@type":"ListItem","position":2,"name":"Regalos","item":"https:\/\/www.llobetregals.com\/es\/regalos\/"},{"@type":"ListItem","position":3,"name":"CAJA CE-110 VINO ROSADO D.O.PENED\u00c9S"}]},{"@type":"WebSite","@id":"https:\/\/www.llobetregals.com\/#website","url":"https:\/\/www.llobetregals.com\/","name":"Llobet Regals","description":"Fem Lots Nadal des de fa m\u00e9s de 50 anys.","potentialAction":[{"@type":"SearchAction","target":{"@type":"EntryPoint","urlTemplate":"https:\/\/www.llobetregals.com\/?s={search_term_string}"},"query-input":{"@type":"PropertyValueSpecification","valueRequired":true,"valueName":"search_term_string"}}],"inLanguage":"es"}]}},"_links":{"self":[{"href":"https:\/\/www.llobetregals.com\/es\/wp-json\/wp\/v2\/product\/42837","targetHints":{"allow":["GET"]}}],"collection":[{"href":"https:\/\/www.llobetregals.com\/es\/wp-json\/wp\/v2\/product"}],"about":[{"href":"https:\/\/www.llobetregals.com\/es\/wp-json\/wp\/v2\/types\/product"}],"replies":[{"embeddable":true,"href":"https:\/\/www.llobetregals.com\/es\/wp-json\/wp\/v2\/comments?post=42837"}],"wp:attachment":[{"href":"https:\/\/www.llobetregals.com\/es\/wp-json\/wp\/v2\/media?parent=42837"}],"wp:term":[{"taxonomy":"product_brand","embeddable":true,"href":"https:\/\/www.llobetregals.com\/es\/wp-json\/wp\/v2\/product_brand?post=42837"},{"taxonomy":"product_cat","embeddable":true,"href":"https:\/\/www.llobetregals.com\/es\/wp-json\/wp\/v2\/product_cat?post=42837"},{"taxonomy":"product_tag","embeddable":true,"href":"https:\/\/www.llobetregals.com\/es\/wp-json\/wp\/v2\/product_tag?post=42837"}],"curies":[{"name":"wp","href":"https:\/\/api.w.org\/{rel}","templated":true}]}}