{"id":42777,"date":"2025-09-09T16:24:44","date_gmt":"2025-09-09T14:24:44","guid":{"rendered":"https:\/\/www.llobetregals.com\/producte\/jamonera-pe-1\/"},"modified":"2025-11-19T11:30:27","modified_gmt":"2025-11-19T10:30:27","slug":"jamonera-pe-1","status":"publish","type":"product","link":"https:\/\/www.llobetregals.com\/es\/producto\/jamonera-pe-1\/","title":{"rendered":"JAMONERA PE-1"},"content":{"rendered":"<p>1 Jam\u00f3n Reserva de Toledo <strong>S\u00c1NCHEZ ALCARAZ<\/strong> m\u00e1s de 12 Meses de Curaci\u00f3n Pieza 6-6,5 kg aprox<br \/>\n1 Botella Vino Tinto D.O.C.Rioja <strong>ARMENTIA Y MADRAZO<\/strong> Crianza 75 cl<br \/>\n1 Pieza Chorizo Ib\u00e9rico de Bellota Salamanca <strong>DEHESA DE YELTES<\/strong> 150 g aprox<br \/>\n1 Pieza Salchich\u00f3n Ib\u00e9rico Bellota Salamanca <strong>DEHESA DE YELTES<\/strong> 150 g aprox<br \/>\n1 Tarrina Crema Queso de Oveja <strong>FLOR ESGUEVA<\/strong> 125 g<br \/>\n1 Bolsa Picos Utreranos <strong>OBANDO<\/strong> 140 g<br \/>\n1 Protector Jamon Transpirable<br \/>\n1 Caja Cart\u00f3n Jamonera Lazos<\/p>\n","protected":false},"excerpt":{"rendered":"<p>1 Jam\u00f3n Reserva de Toledo S\u00c1NCHEZ ALCARAZ m\u00e1s de 12 Meses de Curaci\u00f3n Pieza 6-6,5 kg aprox 1 Botella Vino Tinto D.O.C.Rioja ARMENTIA Y MADRAZO&#8230;<\/p>\n","protected":false},"featured_media":40241,"comment_status":"closed","ping_status":"closed","template":"","meta":{"om_disable_all_campaigns":false,"_joinchat":[]},"product_brand":[],"product_cat":[671,611],"product_tag":[400],"class_list":{"0":"post-42777","1":"product","2":"type-product","3":"status-publish","4":"has-post-thumbnail","6":"product_cat-jamones","7":"product_cat-seccion-gourmet","8":"product_tag-con-jamon","10":"first","11":"outofstock","12":"purchasable","13":"product-type-simple"},"acf":[],"etheme_brands":{"errors":{"invalid_taxonomy":["Taxonom\u00eda no v\u00e1lida."]},"error_data":[]},"yoast_head":"<!-- This site is optimized with the Yoast SEO plugin v27.3 - https:\/\/yoast.com\/product\/yoast-seo-wordpress\/ -->\n<title>JAMONERA PE-1 - Llobet Regals<\/title>\n<meta name=\"description\" content=\"Cesta de Navidad con jam\u00f3n y vino gourmet. \ud83c\udf81 Un regalo corporativo que agradece, celebra y comparte el esp\u00edritu navide\u00f1o con Llobet Regals.\" \/>\n<meta name=\"robots\" content=\"index, follow, max-snippet:-1, max-image-preview:large, max-video-preview:-1\" \/>\n<link rel=\"canonical\" href=\"https:\/\/www.llobetregals.com\/es\/producto\/jamonera-pe-1\/\" \/>\n<meta property=\"og:locale\" content=\"es_ES\" \/>\n<meta property=\"og:type\" content=\"article\" \/>\n<meta property=\"og:title\" content=\"JAMONERA PE-1 - Llobet Regals\" \/>\n<meta property=\"og:description\" content=\"Cesta de Navidad con jam\u00f3n y vino gourmet. \ud83c\udf81 Un regalo corporativo que agradece, celebra y comparte el esp\u00edritu navide\u00f1o con Llobet Regals.\" \/>\n<meta property=\"og:url\" content=\"https:\/\/www.llobetregals.com\/es\/producto\/jamonera-pe-1\/\" \/>\n<meta property=\"og:site_name\" content=\"Llobet Regals\" \/>\n<meta property=\"article:modified_time\" content=\"2025-11-19T10:30:27+00:00\" \/>\n<meta property=\"og:image\" content=\"https:\/\/www.llobetregals.com\/wp-content\/uploads\/2025\/09\/798403-scaled.jpg\" \/>\n\t<meta property=\"og:image:width\" content=\"2560\" \/>\n\t<meta property=\"og:image:height\" content=\"2560\" \/>\n\t<meta property=\"og:image:type\" content=\"image\/jpeg\" \/>\n<meta name=\"twitter:card\" content=\"summary_large_image\" \/>\n<script type=\"application\/ld+json\" class=\"yoast-schema-graph\">{\"@context\":\"https:\\\/\\\/schema.org\",\"@graph\":[{\"@type\":\"WebPage\",\"@id\":\"https:\\\/\\\/www.llobetregals.com\\\/es\\\/producto\\\/jamonera-pe-1\\\/\",\"url\":\"https:\\\/\\\/www.llobetregals.com\\\/es\\\/producto\\\/jamonera-pe-1\\\/\",\"name\":\"JAMONERA PE-1 - Llobet Regals\",\"isPartOf\":{\"@id\":\"https:\\\/\\\/www.llobetregals.com\\\/#website\"},\"primaryImageOfPage\":{\"@id\":\"https:\\\/\\\/www.llobetregals.com\\\/es\\\/producto\\\/jamonera-pe-1\\\/#primaryimage\"},\"image\":{\"@id\":\"https:\\\/\\\/www.llobetregals.com\\\/es\\\/producto\\\/jamonera-pe-1\\\/#primaryimage\"},\"thumbnailUrl\":\"https:\\\/\\\/www.llobetregals.com\\\/wp-content\\\/uploads\\\/2025\\\/09\\\/798403-scaled.jpg\",\"datePublished\":\"2025-09-09T14:24:44+00:00\",\"dateModified\":\"2025-11-19T10:30:27+00:00\",\"description\":\"Cesta de Navidad con jam\u00f3n y vino gourmet. \ud83c\udf81 Un regalo corporativo que agradece, celebra y comparte el esp\u00edritu navide\u00f1o con Llobet Regals.\",\"breadcrumb\":{\"@id\":\"https:\\\/\\\/www.llobetregals.com\\\/es\\\/producto\\\/jamonera-pe-1\\\/#breadcrumb\"},\"inLanguage\":\"es\",\"potentialAction\":[{\"@type\":\"ReadAction\",\"target\":[\"https:\\\/\\\/www.llobetregals.com\\\/es\\\/producto\\\/jamonera-pe-1\\\/\"]}]},{\"@type\":\"ImageObject\",\"inLanguage\":\"es\",\"@id\":\"https:\\\/\\\/www.llobetregals.com\\\/es\\\/producto\\\/jamonera-pe-1\\\/#primaryimage\",\"url\":\"https:\\\/\\\/www.llobetregals.com\\\/wp-content\\\/uploads\\\/2025\\\/09\\\/798403-scaled.jpg\",\"contentUrl\":\"https:\\\/\\\/www.llobetregals.com\\\/wp-content\\\/uploads\\\/2025\\\/09\\\/798403-scaled.jpg\",\"width\":2560,\"height\":2560},{\"@type\":\"BreadcrumbList\",\"@id\":\"https:\\\/\\\/www.llobetregals.com\\\/es\\\/producto\\\/jamonera-pe-1\\\/#breadcrumb\",\"itemListElement\":[{\"@type\":\"ListItem\",\"position\":1,\"name\":\"Inici\",\"item\":\"https:\\\/\\\/www.llobetregals.com\\\/es\\\/\"},{\"@type\":\"ListItem\",\"position\":2,\"name\":\"Regalos\",\"item\":\"https:\\\/\\\/www.llobetregals.com\\\/es\\\/regalos\\\/\"},{\"@type\":\"ListItem\",\"position\":3,\"name\":\"JAMONERA PE-1\"}]},{\"@type\":\"WebSite\",\"@id\":\"https:\\\/\\\/www.llobetregals.com\\\/#website\",\"url\":\"https:\\\/\\\/www.llobetregals.com\\\/\",\"name\":\"Llobet Regals\",\"description\":\"Fem Lots Nadal des de fa m\u00e9s de 50 anys.\",\"potentialAction\":[{\"@type\":\"SearchAction\",\"target\":{\"@type\":\"EntryPoint\",\"urlTemplate\":\"https:\\\/\\\/www.llobetregals.com\\\/?s={search_term_string}\"},\"query-input\":{\"@type\":\"PropertyValueSpecification\",\"valueRequired\":true,\"valueName\":\"search_term_string\"}}],\"inLanguage\":\"es\"}]}<\/script>\n<!-- \/ Yoast SEO plugin. -->","yoast_head_json":{"title":"JAMONERA PE-1 - Llobet Regals","description":"Cesta de Navidad con jam\u00f3n y vino gourmet. \ud83c\udf81 Un regalo corporativo que agradece, celebra y comparte el esp\u00edritu navide\u00f1o con Llobet Regals.","robots":{"index":"index","follow":"follow","max-snippet":"max-snippet:-1","max-image-preview":"max-image-preview:large","max-video-preview":"max-video-preview:-1"},"canonical":"https:\/\/www.llobetregals.com\/es\/producto\/jamonera-pe-1\/","og_locale":"es_ES","og_type":"article","og_title":"JAMONERA PE-1 - Llobet Regals","og_description":"Cesta de Navidad con jam\u00f3n y vino gourmet. \ud83c\udf81 Un regalo corporativo que agradece, celebra y comparte el esp\u00edritu navide\u00f1o con Llobet Regals.","og_url":"https:\/\/www.llobetregals.com\/es\/producto\/jamonera-pe-1\/","og_site_name":"Llobet Regals","article_modified_time":"2025-11-19T10:30:27+00:00","og_image":[{"width":2560,"height":2560,"url":"https:\/\/www.llobetregals.com\/wp-content\/uploads\/2025\/09\/798403-scaled.jpg","type":"image\/jpeg"}],"twitter_card":"summary_large_image","schema":{"@context":"https:\/\/schema.org","@graph":[{"@type":"WebPage","@id":"https:\/\/www.llobetregals.com\/es\/producto\/jamonera-pe-1\/","url":"https:\/\/www.llobetregals.com\/es\/producto\/jamonera-pe-1\/","name":"JAMONERA PE-1 - Llobet Regals","isPartOf":{"@id":"https:\/\/www.llobetregals.com\/#website"},"primaryImageOfPage":{"@id":"https:\/\/www.llobetregals.com\/es\/producto\/jamonera-pe-1\/#primaryimage"},"image":{"@id":"https:\/\/www.llobetregals.com\/es\/producto\/jamonera-pe-1\/#primaryimage"},"thumbnailUrl":"https:\/\/www.llobetregals.com\/wp-content\/uploads\/2025\/09\/798403-scaled.jpg","datePublished":"2025-09-09T14:24:44+00:00","dateModified":"2025-11-19T10:30:27+00:00","description":"Cesta de Navidad con jam\u00f3n y vino gourmet. \ud83c\udf81 Un regalo corporativo que agradece, celebra y comparte el esp\u00edritu navide\u00f1o con Llobet Regals.","breadcrumb":{"@id":"https:\/\/www.llobetregals.com\/es\/producto\/jamonera-pe-1\/#breadcrumb"},"inLanguage":"es","potentialAction":[{"@type":"ReadAction","target":["https:\/\/www.llobetregals.com\/es\/producto\/jamonera-pe-1\/"]}]},{"@type":"ImageObject","inLanguage":"es","@id":"https:\/\/www.llobetregals.com\/es\/producto\/jamonera-pe-1\/#primaryimage","url":"https:\/\/www.llobetregals.com\/wp-content\/uploads\/2025\/09\/798403-scaled.jpg","contentUrl":"https:\/\/www.llobetregals.com\/wp-content\/uploads\/2025\/09\/798403-scaled.jpg","width":2560,"height":2560},{"@type":"BreadcrumbList","@id":"https:\/\/www.llobetregals.com\/es\/producto\/jamonera-pe-1\/#breadcrumb","itemListElement":[{"@type":"ListItem","position":1,"name":"Inici","item":"https:\/\/www.llobetregals.com\/es\/"},{"@type":"ListItem","position":2,"name":"Regalos","item":"https:\/\/www.llobetregals.com\/es\/regalos\/"},{"@type":"ListItem","position":3,"name":"JAMONERA PE-1"}]},{"@type":"WebSite","@id":"https:\/\/www.llobetregals.com\/#website","url":"https:\/\/www.llobetregals.com\/","name":"Llobet Regals","description":"Fem Lots Nadal des de fa m\u00e9s de 50 anys.","potentialAction":[{"@type":"SearchAction","target":{"@type":"EntryPoint","urlTemplate":"https:\/\/www.llobetregals.com\/?s={search_term_string}"},"query-input":{"@type":"PropertyValueSpecification","valueRequired":true,"valueName":"search_term_string"}}],"inLanguage":"es"}]}},"_links":{"self":[{"href":"https:\/\/www.llobetregals.com\/es\/wp-json\/wp\/v2\/product\/42777","targetHints":{"allow":["GET"]}}],"collection":[{"href":"https:\/\/www.llobetregals.com\/es\/wp-json\/wp\/v2\/product"}],"about":[{"href":"https:\/\/www.llobetregals.com\/es\/wp-json\/wp\/v2\/types\/product"}],"replies":[{"embeddable":true,"href":"https:\/\/www.llobetregals.com\/es\/wp-json\/wp\/v2\/comments?post=42777"}],"wp:featuredmedia":[{"embeddable":true,"href":"https:\/\/www.llobetregals.com\/es\/wp-json\/wp\/v2\/media\/40241"}],"wp:attachment":[{"href":"https:\/\/www.llobetregals.com\/es\/wp-json\/wp\/v2\/media?parent=42777"}],"wp:term":[{"taxonomy":"product_brand","embeddable":true,"href":"https:\/\/www.llobetregals.com\/es\/wp-json\/wp\/v2\/product_brand?post=42777"},{"taxonomy":"product_cat","embeddable":true,"href":"https:\/\/www.llobetregals.com\/es\/wp-json\/wp\/v2\/product_cat?post=42777"},{"taxonomy":"product_tag","embeddable":true,"href":"https:\/\/www.llobetregals.com\/es\/wp-json\/wp\/v2\/product_tag?post=42777"}],"curies":[{"name":"wp","href":"https:\/\/api.w.org\/{rel}","templated":true}]}}