{"id":42769,"date":"2025-09-09T16:24:44","date_gmt":"2025-09-09T14:24:44","guid":{"rendered":"https:\/\/www.llobetregals.com\/producte\/cesta-p-12-con-paleta-joselito\/"},"modified":"2025-12-18T08:53:17","modified_gmt":"2025-12-18T07:53:17","slug":"cesta-p-12-con-paleta-joselito","status":"publish","type":"product","link":"https:\/\/www.llobetregals.com\/es\/producto\/cesta-p-12-con-paleta-joselito\/","title":{"rendered":"CESTA P-12 con Paleta Joselito"},"content":{"rendered":"<p>1 Jam\u00f3n Delantero Gran Reserva de Guijuelo <strong>JOSELITO<\/strong> Pieza 4- 4,5 kg aprox<br \/>\n2 Botella Cava Brut <strong>MILESIM\u00c9 JUV\u00c9 &amp; CAMPS<\/strong> Reserva Ecol\u00f3gico 75 cl<br \/>\n1 Botella Whisky <strong>CHIVAS<\/strong> Regal 12 a\u00f1os 50 cl<br \/>\n1 Botella Ginebra Premium <strong>FIFTY POUNDS<\/strong> 43,5\u00ba 70 cl ( Inglaterra )<br \/>\n1 Botella Ron <strong>BRUGAL A\u00d1EJO<\/strong> 70 cl<br \/>\n1 Botella Vino Tinto D.O. Ribera de Duero <strong>VALDUB\u00d3N<\/strong> Reserva 75 cl<br \/>\n1 Botella Vino Tinto D.O.C. Rioja <strong>MARQU\u00c9S DEL ATRIO<\/strong> Edici\u00f3n Limitada 75 cl<br \/>\n1 Botella Vino Blanco D.O. Rueda <strong>BLUME<\/strong> Selecci\u00f3n Verdejo 75 cl<br \/>\n1 Botella Vino Blanco D.O. Pened\u00e9s <strong>TEMPS DE FLORS<\/strong> de <strong>SUMARROCA<\/strong> Ecol\u00f3gico 75 cl<br \/>\n1 Barra Turr\u00f3n Alicante 67% Almendra Elaboraci\u00f3n Artesanal <strong>REBOST DEL GOURMET<\/strong> Cal. Suprema 200 g<br \/>\n1 Barra Turr\u00f3n Jijona 70% Almendra Elaboraci\u00f3n Artesanal <strong>REBOST DEL GOURMET<\/strong> Cal. Suprema 200 g<br \/>\n1 Barra Turr\u00f3n Yema Elaboraci\u00f3n Artesanal <strong>REBOST DEL GOURMET<\/strong> Cal. Suprema 200 g<br \/>\n1 Barra Turr\u00f3n Chocolate Negro con Almendras Elaboraci\u00f3n Artesanal <strong>REBOST DEL GOURMET<\/strong> Cal. Suprema 200 g<br \/>\n1 Estuche Barquillo Grande Chocolate <strong>NEBULA<\/strong> 12 unidades<br \/>\n1 Estuche Bombones <strong>CAJA ROJA<\/strong> de <strong>NESTL\u00c9<\/strong> 198 g<br \/>\n1 Estuche Galletas Surtidas <strong>ESPECIAL<\/strong> 10 <strong>TRIAS<\/strong> 500 g<br \/>\n1 Estuche Mini Hojaldres<strong> 1880<\/strong> 100 g<br \/>\n1 Tarro Cristal Lomos Bonito Aceite Oliva <strong>JOYAS DEL MAR PE<\/strong> 180 g<br \/>\n1 Pieza Chorizo Ib\u00e9rico Cebo <strong>CULAR EMERITVS<\/strong> 300 g<br \/>\n1 Pieza Lomo Ib\u00e9rica Cebo 50% Raza Ib\u00e9rica <strong>EMERITVS<\/strong> 300 g aprox<br \/>\n1 Pieza Sobrasada de Mallorca Embotits <strong>FIOL<\/strong> 250 g<br \/>\n1 Pieza Longaniza Extra <strong>ALVEN<\/strong> 250 g<br \/>\n1 Ba\u00fal Plegable Christmas 60*30*30<\/p>\n","protected":false},"excerpt":{"rendered":"<p>1 Jam\u00f3n Delantero Gran Reserva de Guijuelo JOSELITO Pieza 4- 4,5 kg aprox 2 Botella Cava Brut MILESIM\u00c9 JUV\u00c9 &amp; CAMPS Reserva Ecol\u00f3gico 75 cl&#8230;<\/p>\n","protected":false},"featured_media":40217,"comment_status":"closed","ping_status":"closed","template":"","meta":{"om_disable_all_campaigns":false,"_joinchat":[]},"product_brand":[],"product_cat":[669,616],"product_tag":[398],"class_list":{"0":"post-42769","1":"product","2":"type-product","3":"status-publish","4":"has-post-thumbnail","6":"product_cat-cestas-de-navidad","7":"product_cat-detalles-navidenos","8":"product_tag-con-paletilla","10":"first","11":"outofstock","12":"purchasable","13":"product-type-simple"},"acf":[],"etheme_brands":{"errors":{"invalid_taxonomy":["Taxonom\u00eda no v\u00e1lida."]},"error_data":[]},"yoast_head":"<!-- This site is optimized with the Yoast SEO plugin v27.3 - https:\/\/yoast.com\/product\/yoast-seo-wordpress\/ -->\n<title>CESTA P-12 con Paleta Joselito - Llobet Regals<\/title>\n<meta name=\"description\" content=\"Cesta de Navidad exclusiva con Paleta JOSELITO, vinos y delicias gourmet. \ud83c\udf7e El regalo m\u00e1s completo y elegante de Llobet Regals.\" \/>\n<meta name=\"robots\" content=\"index, follow, max-snippet:-1, max-image-preview:large, max-video-preview:-1\" \/>\n<link rel=\"canonical\" href=\"https:\/\/www.llobetregals.com\/es\/producto\/cesta-p-12-con-paleta-joselito\/\" \/>\n<meta property=\"og:locale\" content=\"es_ES\" \/>\n<meta property=\"og:type\" content=\"article\" \/>\n<meta property=\"og:title\" content=\"CESTA P-12 con Paleta Joselito - Llobet Regals\" \/>\n<meta property=\"og:description\" content=\"Cesta de Navidad exclusiva con Paleta JOSELITO, vinos y delicias gourmet. \ud83c\udf7e El regalo m\u00e1s completo y elegante de Llobet Regals.\" \/>\n<meta property=\"og:url\" content=\"https:\/\/www.llobetregals.com\/es\/producto\/cesta-p-12-con-paleta-joselito\/\" \/>\n<meta property=\"og:site_name\" content=\"Llobet Regals\" \/>\n<meta property=\"article:modified_time\" content=\"2025-12-18T07:53:17+00:00\" \/>\n<meta property=\"og:image\" content=\"https:\/\/www.llobetregals.com\/wp-content\/uploads\/2025\/09\/798389-scaled.jpg\" \/>\n\t<meta property=\"og:image:width\" content=\"2560\" \/>\n\t<meta property=\"og:image:height\" content=\"2560\" \/>\n\t<meta property=\"og:image:type\" content=\"image\/jpeg\" \/>\n<meta name=\"twitter:card\" content=\"summary_large_image\" \/>\n<meta name=\"twitter:label1\" content=\"Tiempo de lectura\" \/>\n\t<meta name=\"twitter:data1\" content=\"1 minuto\" \/>\n<script type=\"application\/ld+json\" class=\"yoast-schema-graph\">{\"@context\":\"https:\\\/\\\/schema.org\",\"@graph\":[{\"@type\":\"WebPage\",\"@id\":\"https:\\\/\\\/www.llobetregals.com\\\/es\\\/producto\\\/cesta-p-12-con-paleta-joselito\\\/\",\"url\":\"https:\\\/\\\/www.llobetregals.com\\\/es\\\/producto\\\/cesta-p-12-con-paleta-joselito\\\/\",\"name\":\"CESTA P-12 con Paleta Joselito - Llobet Regals\",\"isPartOf\":{\"@id\":\"https:\\\/\\\/www.llobetregals.com\\\/#website\"},\"primaryImageOfPage\":{\"@id\":\"https:\\\/\\\/www.llobetregals.com\\\/es\\\/producto\\\/cesta-p-12-con-paleta-joselito\\\/#primaryimage\"},\"image\":{\"@id\":\"https:\\\/\\\/www.llobetregals.com\\\/es\\\/producto\\\/cesta-p-12-con-paleta-joselito\\\/#primaryimage\"},\"thumbnailUrl\":\"https:\\\/\\\/www.llobetregals.com\\\/wp-content\\\/uploads\\\/2025\\\/09\\\/798389-scaled.jpg\",\"datePublished\":\"2025-09-09T14:24:44+00:00\",\"dateModified\":\"2025-12-18T07:53:17+00:00\",\"description\":\"Cesta de Navidad exclusiva con Paleta JOSELITO, vinos y delicias gourmet. \ud83c\udf7e El regalo m\u00e1s completo y elegante de Llobet Regals.\",\"breadcrumb\":{\"@id\":\"https:\\\/\\\/www.llobetregals.com\\\/es\\\/producto\\\/cesta-p-12-con-paleta-joselito\\\/#breadcrumb\"},\"inLanguage\":\"es\",\"potentialAction\":[{\"@type\":\"ReadAction\",\"target\":[\"https:\\\/\\\/www.llobetregals.com\\\/es\\\/producto\\\/cesta-p-12-con-paleta-joselito\\\/\"]}]},{\"@type\":\"ImageObject\",\"inLanguage\":\"es\",\"@id\":\"https:\\\/\\\/www.llobetregals.com\\\/es\\\/producto\\\/cesta-p-12-con-paleta-joselito\\\/#primaryimage\",\"url\":\"https:\\\/\\\/www.llobetregals.com\\\/wp-content\\\/uploads\\\/2025\\\/09\\\/798389-scaled.jpg\",\"contentUrl\":\"https:\\\/\\\/www.llobetregals.com\\\/wp-content\\\/uploads\\\/2025\\\/09\\\/798389-scaled.jpg\",\"width\":2560,\"height\":2560},{\"@type\":\"BreadcrumbList\",\"@id\":\"https:\\\/\\\/www.llobetregals.com\\\/es\\\/producto\\\/cesta-p-12-con-paleta-joselito\\\/#breadcrumb\",\"itemListElement\":[{\"@type\":\"ListItem\",\"position\":1,\"name\":\"Inici\",\"item\":\"https:\\\/\\\/www.llobetregals.com\\\/es\\\/\"},{\"@type\":\"ListItem\",\"position\":2,\"name\":\"Regalos\",\"item\":\"https:\\\/\\\/www.llobetregals.com\\\/es\\\/regalos\\\/\"},{\"@type\":\"ListItem\",\"position\":3,\"name\":\"CESTA P-12 con Paleta Joselito\"}]},{\"@type\":\"WebSite\",\"@id\":\"https:\\\/\\\/www.llobetregals.com\\\/#website\",\"url\":\"https:\\\/\\\/www.llobetregals.com\\\/\",\"name\":\"Llobet Regals\",\"description\":\"Fem Lots Nadal des de fa m\u00e9s de 50 anys.\",\"potentialAction\":[{\"@type\":\"SearchAction\",\"target\":{\"@type\":\"EntryPoint\",\"urlTemplate\":\"https:\\\/\\\/www.llobetregals.com\\\/?s={search_term_string}\"},\"query-input\":{\"@type\":\"PropertyValueSpecification\",\"valueRequired\":true,\"valueName\":\"search_term_string\"}}],\"inLanguage\":\"es\"}]}<\/script>\n<!-- \/ Yoast SEO plugin. -->","yoast_head_json":{"title":"CESTA P-12 con Paleta Joselito - Llobet Regals","description":"Cesta de Navidad exclusiva con Paleta JOSELITO, vinos y delicias gourmet. \ud83c\udf7e El regalo m\u00e1s completo y elegante de Llobet Regals.","robots":{"index":"index","follow":"follow","max-snippet":"max-snippet:-1","max-image-preview":"max-image-preview:large","max-video-preview":"max-video-preview:-1"},"canonical":"https:\/\/www.llobetregals.com\/es\/producto\/cesta-p-12-con-paleta-joselito\/","og_locale":"es_ES","og_type":"article","og_title":"CESTA P-12 con Paleta Joselito - Llobet Regals","og_description":"Cesta de Navidad exclusiva con Paleta JOSELITO, vinos y delicias gourmet. \ud83c\udf7e El regalo m\u00e1s completo y elegante de Llobet Regals.","og_url":"https:\/\/www.llobetregals.com\/es\/producto\/cesta-p-12-con-paleta-joselito\/","og_site_name":"Llobet Regals","article_modified_time":"2025-12-18T07:53:17+00:00","og_image":[{"width":2560,"height":2560,"url":"https:\/\/www.llobetregals.com\/wp-content\/uploads\/2025\/09\/798389-scaled.jpg","type":"image\/jpeg"}],"twitter_card":"summary_large_image","twitter_misc":{"Tiempo de lectura":"1 minuto"},"schema":{"@context":"https:\/\/schema.org","@graph":[{"@type":"WebPage","@id":"https:\/\/www.llobetregals.com\/es\/producto\/cesta-p-12-con-paleta-joselito\/","url":"https:\/\/www.llobetregals.com\/es\/producto\/cesta-p-12-con-paleta-joselito\/","name":"CESTA P-12 con Paleta Joselito - Llobet Regals","isPartOf":{"@id":"https:\/\/www.llobetregals.com\/#website"},"primaryImageOfPage":{"@id":"https:\/\/www.llobetregals.com\/es\/producto\/cesta-p-12-con-paleta-joselito\/#primaryimage"},"image":{"@id":"https:\/\/www.llobetregals.com\/es\/producto\/cesta-p-12-con-paleta-joselito\/#primaryimage"},"thumbnailUrl":"https:\/\/www.llobetregals.com\/wp-content\/uploads\/2025\/09\/798389-scaled.jpg","datePublished":"2025-09-09T14:24:44+00:00","dateModified":"2025-12-18T07:53:17+00:00","description":"Cesta de Navidad exclusiva con Paleta JOSELITO, vinos y delicias gourmet. \ud83c\udf7e El regalo m\u00e1s completo y elegante de Llobet Regals.","breadcrumb":{"@id":"https:\/\/www.llobetregals.com\/es\/producto\/cesta-p-12-con-paleta-joselito\/#breadcrumb"},"inLanguage":"es","potentialAction":[{"@type":"ReadAction","target":["https:\/\/www.llobetregals.com\/es\/producto\/cesta-p-12-con-paleta-joselito\/"]}]},{"@type":"ImageObject","inLanguage":"es","@id":"https:\/\/www.llobetregals.com\/es\/producto\/cesta-p-12-con-paleta-joselito\/#primaryimage","url":"https:\/\/www.llobetregals.com\/wp-content\/uploads\/2025\/09\/798389-scaled.jpg","contentUrl":"https:\/\/www.llobetregals.com\/wp-content\/uploads\/2025\/09\/798389-scaled.jpg","width":2560,"height":2560},{"@type":"BreadcrumbList","@id":"https:\/\/www.llobetregals.com\/es\/producto\/cesta-p-12-con-paleta-joselito\/#breadcrumb","itemListElement":[{"@type":"ListItem","position":1,"name":"Inici","item":"https:\/\/www.llobetregals.com\/es\/"},{"@type":"ListItem","position":2,"name":"Regalos","item":"https:\/\/www.llobetregals.com\/es\/regalos\/"},{"@type":"ListItem","position":3,"name":"CESTA P-12 con Paleta Joselito"}]},{"@type":"WebSite","@id":"https:\/\/www.llobetregals.com\/#website","url":"https:\/\/www.llobetregals.com\/","name":"Llobet Regals","description":"Fem Lots Nadal des de fa m\u00e9s de 50 anys.","potentialAction":[{"@type":"SearchAction","target":{"@type":"EntryPoint","urlTemplate":"https:\/\/www.llobetregals.com\/?s={search_term_string}"},"query-input":{"@type":"PropertyValueSpecification","valueRequired":true,"valueName":"search_term_string"}}],"inLanguage":"es"}]}},"_links":{"self":[{"href":"https:\/\/www.llobetregals.com\/es\/wp-json\/wp\/v2\/product\/42769","targetHints":{"allow":["GET"]}}],"collection":[{"href":"https:\/\/www.llobetregals.com\/es\/wp-json\/wp\/v2\/product"}],"about":[{"href":"https:\/\/www.llobetregals.com\/es\/wp-json\/wp\/v2\/types\/product"}],"replies":[{"embeddable":true,"href":"https:\/\/www.llobetregals.com\/es\/wp-json\/wp\/v2\/comments?post=42769"}],"wp:featuredmedia":[{"embeddable":true,"href":"https:\/\/www.llobetregals.com\/es\/wp-json\/wp\/v2\/media\/40217"}],"wp:attachment":[{"href":"https:\/\/www.llobetregals.com\/es\/wp-json\/wp\/v2\/media?parent=42769"}],"wp:term":[{"taxonomy":"product_brand","embeddable":true,"href":"https:\/\/www.llobetregals.com\/es\/wp-json\/wp\/v2\/product_brand?post=42769"},{"taxonomy":"product_cat","embeddable":true,"href":"https:\/\/www.llobetregals.com\/es\/wp-json\/wp\/v2\/product_cat?post=42769"},{"taxonomy":"product_tag","embeddable":true,"href":"https:\/\/www.llobetregals.com\/es\/wp-json\/wp\/v2\/product_tag?post=42769"}],"curies":[{"name":"wp","href":"https:\/\/api.w.org\/{rel}","templated":true}]}}