{"id":42766,"date":"2025-09-09T16:24:44","date_gmt":"2025-09-09T14:24:44","guid":{"rendered":"https:\/\/www.llobetregals.com\/producte\/cesta-p-8-con-jamon-iberico\/"},"modified":"2025-12-22T16:58:17","modified_gmt":"2025-12-22T15:58:17","slug":"cesta-p-8-con-jamon-iberico","status":"publish","type":"product","link":"https:\/\/www.llobetregals.com\/es\/producto\/cesta-p-8-con-jamon-iberico\/","title":{"rendered":"CESTA P-8 con Jam\u00f3n Ib\u00e9rico"},"content":{"rendered":"<p>1 Jam\u00f3n Ib\u00e9rico de Cebo 50% Raza Ib\u00e9rica de Guijuelo <strong>EMERITVS<\/strong> 7 &#8211; 7,5 kg aprox<br \/>\n2 Botella Cava Brut Nature <strong>MERITUM<\/strong> de <strong>FREIXENET<\/strong> Gran Reserva 75 cl<br \/>\n2 Botella Vino Tinto D.O. Pla de Bages <strong>ABADAL MAT\u00cdS<\/strong> Crianza 75 cl<br \/>\n1 Botella Vino Blanco D.O. Pened\u00e9s <strong>TEMPS DE FLORS<\/strong> de <strong>SUMARROCA<\/strong> Ecol\u00f3gico 75 cl<br \/>\n1 Botella Whisky <strong>CHIVAS<\/strong> Regal 12 a\u00f1os 50 cl<br \/>\n1 Barra Turr\u00f3n Jijona 70% Almendra Elaboraci\u00f3n Artesanal <strong>REBOST DEL GOURMET<\/strong> Cal. Suprema 200 g<br \/>\n1 Barra Turr\u00f3n Alicante 67% Almendra Elaboraci\u00f3n Artesanal <strong>REBOST DEL GOURMET<\/strong> Cal. Suprema 200 g<br \/>\n1 Barra Turr\u00f3n Chocolate Trufado con Escamas de Sal del Delta <strong>VIRGINIAS<\/strong> 150 g<br \/>\n1 Estuche Galletas <strong>CUBANOS<\/strong> Chocolate Negro <strong>BIRBA<\/strong> 90 g<br \/>\n1 Estuche Barquillos Rellenos Turr\u00f3n <strong>ANTIU XIXONA<\/strong> 75 g<br \/>\n1 Estuche Bombones <strong>CAJA ROJA<\/strong> de <strong>NESTL\u00c9<\/strong> 198 g<br \/>\n1 Estuche Almendras Marcona Recubiertas con Pralin\u00e9 y Envoltura de Cacao en Polvo \u00abCat\u00e0nies Collection\u00bb <strong>CUDI\u00c9<\/strong> 5 x 35 g<br \/>\n1 Tarro Mermelada Higos y Chocolate <strong>ESENCIA Y SABOR DE<\/strong> <strong>LA DEHESA<\/strong> 120 g<br \/>\n1 Pieza Longaniza Extra <strong>ALVEN<\/strong> 250 g<br \/>\n1 Pieza Sobrasada de Mallorca Embotits <strong>FIOL<\/strong> 250 g<br \/>\n1 Pieza Chorizo Ib\u00e9rico Cebo Cular <strong>EMERITVS<\/strong> 250 g<br \/>\n1 Tarro Cristal Lomos Bonito Aceite Oliva <strong>JOYAS DEL MAR PE<\/strong> 180 g<br \/>\n1 Tarro Cristal Mousse Pato con Boletus <strong>ZUBIA<\/strong> 190 g<br \/>\n1 Botella Aceite Oliva Virgen Extra Arbequina D.O.Siurana <strong>NOS<\/strong> 25 cl<br \/>\n1 Botella Aceto Bals\u00e1mico de M\u00f3dena <strong>ANTICHI COLLI<\/strong> 250 ml <strong>IGP<\/strong> (Producto Italiano) &#8211; Marasca-<br \/>\n1 Cesta Blanca Grande<\/p>\n","protected":false},"excerpt":{"rendered":"<p>1 Jam\u00f3n Ib\u00e9rico de Cebo 50% Raza Ib\u00e9rica de Guijuelo EMERITVS 7 &#8211; 7,5 kg aprox 2 Botella Cava Brut Nature MERITUM de FREIXENET Gran&#8230;<\/p>\n","protected":false},"featured_media":43578,"comment_status":"closed","ping_status":"closed","template":"","meta":{"om_disable_all_campaigns":false,"_joinchat":[]},"product_brand":[],"product_cat":[669,616],"product_tag":[400],"class_list":{"0":"post-42766","1":"product","2":"type-product","3":"status-publish","4":"has-post-thumbnail","6":"product_cat-cestas-de-navidad","7":"product_cat-detalles-navidenos","8":"product_tag-con-jamon","10":"first","11":"outofstock","12":"purchasable","13":"product-type-simple"},"acf":[],"etheme_brands":{"errors":{"invalid_taxonomy":["Taxonom\u00eda no v\u00e1lida."]},"error_data":[]},"yoast_head":"<!-- This site is optimized with the Yoast SEO plugin v27.3 - https:\/\/yoast.com\/product\/yoast-seo-wordpress\/ -->\n<title>CESTA P-8 con Jam\u00f3n Ib\u00e9rico - Llobet Regals<\/title>\n<meta name=\"description\" content=\"Cesta de Navidad con jam\u00f3n, cavas y productos gourmet. \ud83c\udf81 Un regalo corporativo para agradecer y celebrar el \u00e9xito con Llobet Regals.\" \/>\n<meta name=\"robots\" content=\"index, follow, max-snippet:-1, max-image-preview:large, max-video-preview:-1\" \/>\n<link rel=\"canonical\" href=\"https:\/\/www.llobetregals.com\/es\/producto\/cesta-p-8-con-jamon-iberico\/\" \/>\n<meta property=\"og:locale\" content=\"es_ES\" \/>\n<meta property=\"og:type\" content=\"article\" \/>\n<meta property=\"og:title\" content=\"CESTA P-8 con Jam\u00f3n Ib\u00e9rico - Llobet Regals\" \/>\n<meta property=\"og:description\" content=\"Cesta de Navidad con jam\u00f3n, cavas y productos gourmet. \ud83c\udf81 Un regalo corporativo para agradecer y celebrar el \u00e9xito con Llobet Regals.\" \/>\n<meta property=\"og:url\" content=\"https:\/\/www.llobetregals.com\/es\/producto\/cesta-p-8-con-jamon-iberico\/\" \/>\n<meta property=\"og:site_name\" content=\"Llobet Regals\" \/>\n<meta property=\"article:modified_time\" content=\"2025-12-22T15:58:17+00:00\" \/>\n<meta property=\"og:image\" content=\"https:\/\/www.llobetregals.com\/wp-content\/uploads\/2025\/09\/P-8-P-scaled.jpg\" \/>\n\t<meta property=\"og:image:width\" content=\"2560\" \/>\n\t<meta property=\"og:image:height\" content=\"1855\" \/>\n\t<meta property=\"og:image:type\" content=\"image\/jpeg\" \/>\n<meta name=\"twitter:card\" content=\"summary_large_image\" \/>\n<meta name=\"twitter:label1\" content=\"Tiempo de lectura\" \/>\n\t<meta name=\"twitter:data1\" content=\"1 minuto\" \/>\n<script type=\"application\/ld+json\" class=\"yoast-schema-graph\">{\"@context\":\"https:\\\/\\\/schema.org\",\"@graph\":[{\"@type\":\"WebPage\",\"@id\":\"https:\\\/\\\/www.llobetregals.com\\\/es\\\/producto\\\/cesta-p-8-con-jamon-iberico\\\/\",\"url\":\"https:\\\/\\\/www.llobetregals.com\\\/es\\\/producto\\\/cesta-p-8-con-jamon-iberico\\\/\",\"name\":\"CESTA P-8 con Jam\u00f3n Ib\u00e9rico - Llobet Regals\",\"isPartOf\":{\"@id\":\"https:\\\/\\\/www.llobetregals.com\\\/#website\"},\"primaryImageOfPage\":{\"@id\":\"https:\\\/\\\/www.llobetregals.com\\\/es\\\/producto\\\/cesta-p-8-con-jamon-iberico\\\/#primaryimage\"},\"image\":{\"@id\":\"https:\\\/\\\/www.llobetregals.com\\\/es\\\/producto\\\/cesta-p-8-con-jamon-iberico\\\/#primaryimage\"},\"thumbnailUrl\":\"https:\\\/\\\/www.llobetregals.com\\\/wp-content\\\/uploads\\\/2025\\\/09\\\/P-8-P-scaled.jpg\",\"datePublished\":\"2025-09-09T14:24:44+00:00\",\"dateModified\":\"2025-12-22T15:58:17+00:00\",\"description\":\"Cesta de Navidad con jam\u00f3n, cavas y productos gourmet. \ud83c\udf81 Un regalo corporativo para agradecer y celebrar el \u00e9xito con Llobet Regals.\",\"breadcrumb\":{\"@id\":\"https:\\\/\\\/www.llobetregals.com\\\/es\\\/producto\\\/cesta-p-8-con-jamon-iberico\\\/#breadcrumb\"},\"inLanguage\":\"es\",\"potentialAction\":[{\"@type\":\"ReadAction\",\"target\":[\"https:\\\/\\\/www.llobetregals.com\\\/es\\\/producto\\\/cesta-p-8-con-jamon-iberico\\\/\"]}]},{\"@type\":\"ImageObject\",\"inLanguage\":\"es\",\"@id\":\"https:\\\/\\\/www.llobetregals.com\\\/es\\\/producto\\\/cesta-p-8-con-jamon-iberico\\\/#primaryimage\",\"url\":\"https:\\\/\\\/www.llobetregals.com\\\/wp-content\\\/uploads\\\/2025\\\/09\\\/P-8-P-scaled.jpg\",\"contentUrl\":\"https:\\\/\\\/www.llobetregals.com\\\/wp-content\\\/uploads\\\/2025\\\/09\\\/P-8-P-scaled.jpg\",\"width\":2560,\"height\":1855},{\"@type\":\"BreadcrumbList\",\"@id\":\"https:\\\/\\\/www.llobetregals.com\\\/es\\\/producto\\\/cesta-p-8-con-jamon-iberico\\\/#breadcrumb\",\"itemListElement\":[{\"@type\":\"ListItem\",\"position\":1,\"name\":\"Inici\",\"item\":\"https:\\\/\\\/www.llobetregals.com\\\/es\\\/\"},{\"@type\":\"ListItem\",\"position\":2,\"name\":\"Regalos\",\"item\":\"https:\\\/\\\/www.llobetregals.com\\\/es\\\/regalos\\\/\"},{\"@type\":\"ListItem\",\"position\":3,\"name\":\"CESTA P-8 con Jam\u00f3n Ib\u00e9rico\"}]},{\"@type\":\"WebSite\",\"@id\":\"https:\\\/\\\/www.llobetregals.com\\\/#website\",\"url\":\"https:\\\/\\\/www.llobetregals.com\\\/\",\"name\":\"Llobet Regals\",\"description\":\"Fem Lots Nadal des de fa m\u00e9s de 50 anys.\",\"potentialAction\":[{\"@type\":\"SearchAction\",\"target\":{\"@type\":\"EntryPoint\",\"urlTemplate\":\"https:\\\/\\\/www.llobetregals.com\\\/?s={search_term_string}\"},\"query-input\":{\"@type\":\"PropertyValueSpecification\",\"valueRequired\":true,\"valueName\":\"search_term_string\"}}],\"inLanguage\":\"es\"}]}<\/script>\n<!-- \/ Yoast SEO plugin. -->","yoast_head_json":{"title":"CESTA P-8 con Jam\u00f3n Ib\u00e9rico - Llobet Regals","description":"Cesta de Navidad con jam\u00f3n, cavas y productos gourmet. \ud83c\udf81 Un regalo corporativo para agradecer y celebrar el \u00e9xito con Llobet Regals.","robots":{"index":"index","follow":"follow","max-snippet":"max-snippet:-1","max-image-preview":"max-image-preview:large","max-video-preview":"max-video-preview:-1"},"canonical":"https:\/\/www.llobetregals.com\/es\/producto\/cesta-p-8-con-jamon-iberico\/","og_locale":"es_ES","og_type":"article","og_title":"CESTA P-8 con Jam\u00f3n Ib\u00e9rico - Llobet Regals","og_description":"Cesta de Navidad con jam\u00f3n, cavas y productos gourmet. \ud83c\udf81 Un regalo corporativo para agradecer y celebrar el \u00e9xito con Llobet Regals.","og_url":"https:\/\/www.llobetregals.com\/es\/producto\/cesta-p-8-con-jamon-iberico\/","og_site_name":"Llobet Regals","article_modified_time":"2025-12-22T15:58:17+00:00","og_image":[{"width":2560,"height":1855,"url":"https:\/\/www.llobetregals.com\/wp-content\/uploads\/2025\/09\/P-8-P-scaled.jpg","type":"image\/jpeg"}],"twitter_card":"summary_large_image","twitter_misc":{"Tiempo de lectura":"1 minuto"},"schema":{"@context":"https:\/\/schema.org","@graph":[{"@type":"WebPage","@id":"https:\/\/www.llobetregals.com\/es\/producto\/cesta-p-8-con-jamon-iberico\/","url":"https:\/\/www.llobetregals.com\/es\/producto\/cesta-p-8-con-jamon-iberico\/","name":"CESTA P-8 con Jam\u00f3n Ib\u00e9rico - Llobet Regals","isPartOf":{"@id":"https:\/\/www.llobetregals.com\/#website"},"primaryImageOfPage":{"@id":"https:\/\/www.llobetregals.com\/es\/producto\/cesta-p-8-con-jamon-iberico\/#primaryimage"},"image":{"@id":"https:\/\/www.llobetregals.com\/es\/producto\/cesta-p-8-con-jamon-iberico\/#primaryimage"},"thumbnailUrl":"https:\/\/www.llobetregals.com\/wp-content\/uploads\/2025\/09\/P-8-P-scaled.jpg","datePublished":"2025-09-09T14:24:44+00:00","dateModified":"2025-12-22T15:58:17+00:00","description":"Cesta de Navidad con jam\u00f3n, cavas y productos gourmet. \ud83c\udf81 Un regalo corporativo para agradecer y celebrar el \u00e9xito con Llobet Regals.","breadcrumb":{"@id":"https:\/\/www.llobetregals.com\/es\/producto\/cesta-p-8-con-jamon-iberico\/#breadcrumb"},"inLanguage":"es","potentialAction":[{"@type":"ReadAction","target":["https:\/\/www.llobetregals.com\/es\/producto\/cesta-p-8-con-jamon-iberico\/"]}]},{"@type":"ImageObject","inLanguage":"es","@id":"https:\/\/www.llobetregals.com\/es\/producto\/cesta-p-8-con-jamon-iberico\/#primaryimage","url":"https:\/\/www.llobetregals.com\/wp-content\/uploads\/2025\/09\/P-8-P-scaled.jpg","contentUrl":"https:\/\/www.llobetregals.com\/wp-content\/uploads\/2025\/09\/P-8-P-scaled.jpg","width":2560,"height":1855},{"@type":"BreadcrumbList","@id":"https:\/\/www.llobetregals.com\/es\/producto\/cesta-p-8-con-jamon-iberico\/#breadcrumb","itemListElement":[{"@type":"ListItem","position":1,"name":"Inici","item":"https:\/\/www.llobetregals.com\/es\/"},{"@type":"ListItem","position":2,"name":"Regalos","item":"https:\/\/www.llobetregals.com\/es\/regalos\/"},{"@type":"ListItem","position":3,"name":"CESTA P-8 con Jam\u00f3n Ib\u00e9rico"}]},{"@type":"WebSite","@id":"https:\/\/www.llobetregals.com\/#website","url":"https:\/\/www.llobetregals.com\/","name":"Llobet Regals","description":"Fem Lots Nadal des de fa m\u00e9s de 50 anys.","potentialAction":[{"@type":"SearchAction","target":{"@type":"EntryPoint","urlTemplate":"https:\/\/www.llobetregals.com\/?s={search_term_string}"},"query-input":{"@type":"PropertyValueSpecification","valueRequired":true,"valueName":"search_term_string"}}],"inLanguage":"es"}]}},"_links":{"self":[{"href":"https:\/\/www.llobetregals.com\/es\/wp-json\/wp\/v2\/product\/42766","targetHints":{"allow":["GET"]}}],"collection":[{"href":"https:\/\/www.llobetregals.com\/es\/wp-json\/wp\/v2\/product"}],"about":[{"href":"https:\/\/www.llobetregals.com\/es\/wp-json\/wp\/v2\/types\/product"}],"replies":[{"embeddable":true,"href":"https:\/\/www.llobetregals.com\/es\/wp-json\/wp\/v2\/comments?post=42766"}],"wp:featuredmedia":[{"embeddable":true,"href":"https:\/\/www.llobetregals.com\/es\/wp-json\/wp\/v2\/media\/43578"}],"wp:attachment":[{"href":"https:\/\/www.llobetregals.com\/es\/wp-json\/wp\/v2\/media?parent=42766"}],"wp:term":[{"taxonomy":"product_brand","embeddable":true,"href":"https:\/\/www.llobetregals.com\/es\/wp-json\/wp\/v2\/product_brand?post=42766"},{"taxonomy":"product_cat","embeddable":true,"href":"https:\/\/www.llobetregals.com\/es\/wp-json\/wp\/v2\/product_cat?post=42766"},{"taxonomy":"product_tag","embeddable":true,"href":"https:\/\/www.llobetregals.com\/es\/wp-json\/wp\/v2\/product_tag?post=42766"}],"curies":[{"name":"wp","href":"https:\/\/api.w.org\/{rel}","templated":true}]}}