{"id":42758,"date":"2025-09-09T16:24:44","date_gmt":"2025-09-09T14:24:44","guid":{"rendered":"https:\/\/www.llobetregals.com\/producte\/detalle-regalo-dr-231\/"},"modified":"2025-11-24T18:07:00","modified_gmt":"2025-11-24T17:07:00","slug":"detalle-regalo-dr-231","status":"publish","type":"product","link":"https:\/\/www.llobetregals.com\/es\/producto\/detalle-regalo-dr-231\/","title":{"rendered":"DETALLE REGALO DR-231"},"content":{"rendered":"<p>1 Caja Madera 1 b. Botellero<br \/>\n2 Botellas Vino Tinto D.O.Pened\u00e9s <strong>B.R.O.T.<\/strong> <strong>INICIAL<\/strong> Ecol\u00f3gic-Biodin\u00e1mic DEMETER 75 cl<br \/>\n1 Botella Vino Blanco D.O.Pened\u00e9s <strong>B.R.O.T.<\/strong> <strong>INICIAL<\/strong> Ecol\u00f3gico-Biodin\u00e1mico DEMETER 75 cl<br \/>\n1 Set Enfriador con Tap\u00f3n Decantador i Capsulero <strong>VINENCO<\/strong><\/p>\n","protected":false},"excerpt":{"rendered":"<p>1 Caja Madera 1 b. Botellero 2 Botellas Vino Tinto D.O.Pened\u00e9s B.R.O.T. INICIAL Ecol\u00f3gic-Biodin\u00e1mic DEMETER 75 cl 1 Botella Vino Blanco D.O.Pened\u00e9s B.R.O.T. INICIAL Ecol\u00f3gico-Biodin\u00e1mico&#8230;<\/p>\n","protected":false},"featured_media":40168,"comment_status":"closed","ping_status":"closed","template":"","meta":{"om_disable_all_campaigns":false,"_joinchat":[]},"product_brand":[],"product_cat":[666,616],"product_tag":[],"class_list":{"0":"post-42758","1":"product","2":"type-product","3":"status-publish","4":"has-post-thumbnail","6":"product_cat-cestas-detalle","7":"product_cat-detalles-navidenos","9":"first","10":"outofstock","11":"purchasable","12":"product-type-simple"},"acf":[],"etheme_brands":{"errors":{"invalid_taxonomy":["Taxonom\u00eda no v\u00e1lida."]},"error_data":[]},"yoast_head":"<!-- This site is optimized with the Yoast SEO plugin v27.3 - https:\/\/yoast.com\/product\/yoast-seo-wordpress\/ -->\n<title>DETALLE REGALO DR-231 - Llobet Regals<\/title>\n<meta name=\"description\" content=\"Lote de vinos premium con accesorios exclusivos. El regalo ideal para amantes del vino. \ud83c\udf47 \u00a1Desc\u00fabrelo y brinda con estilo esta Navidad!\" \/>\n<meta name=\"robots\" content=\"index, follow, max-snippet:-1, max-image-preview:large, max-video-preview:-1\" \/>\n<link rel=\"canonical\" href=\"https:\/\/www.llobetregals.com\/es\/producto\/detalle-regalo-dr-231\/\" \/>\n<meta property=\"og:locale\" content=\"es_ES\" \/>\n<meta property=\"og:type\" content=\"article\" \/>\n<meta property=\"og:title\" content=\"DETALLE REGALO DR-231 - Llobet Regals\" \/>\n<meta property=\"og:description\" content=\"Lote de vinos premium con accesorios exclusivos. El regalo ideal para amantes del vino. \ud83c\udf47 \u00a1Desc\u00fabrelo y brinda con estilo esta Navidad!\" \/>\n<meta property=\"og:url\" content=\"https:\/\/www.llobetregals.com\/es\/producto\/detalle-regalo-dr-231\/\" \/>\n<meta property=\"og:site_name\" content=\"Llobet Regals\" \/>\n<meta property=\"article:modified_time\" content=\"2025-11-24T17:07:00+00:00\" \/>\n<meta property=\"og:image\" content=\"https:\/\/www.llobetregals.com\/wp-content\/uploads\/2025\/09\/798378-scaled.jpg\" \/>\n\t<meta property=\"og:image:width\" content=\"2560\" \/>\n\t<meta property=\"og:image:height\" content=\"2560\" \/>\n\t<meta property=\"og:image:type\" content=\"image\/jpeg\" \/>\n<meta name=\"twitter:card\" content=\"summary_large_image\" \/>\n<script type=\"application\/ld+json\" class=\"yoast-schema-graph\">{\"@context\":\"https:\\\/\\\/schema.org\",\"@graph\":[{\"@type\":\"WebPage\",\"@id\":\"https:\\\/\\\/www.llobetregals.com\\\/es\\\/producto\\\/detalle-regalo-dr-231\\\/\",\"url\":\"https:\\\/\\\/www.llobetregals.com\\\/es\\\/producto\\\/detalle-regalo-dr-231\\\/\",\"name\":\"DETALLE REGALO DR-231 - Llobet Regals\",\"isPartOf\":{\"@id\":\"https:\\\/\\\/www.llobetregals.com\\\/#website\"},\"primaryImageOfPage\":{\"@id\":\"https:\\\/\\\/www.llobetregals.com\\\/es\\\/producto\\\/detalle-regalo-dr-231\\\/#primaryimage\"},\"image\":{\"@id\":\"https:\\\/\\\/www.llobetregals.com\\\/es\\\/producto\\\/detalle-regalo-dr-231\\\/#primaryimage\"},\"thumbnailUrl\":\"https:\\\/\\\/www.llobetregals.com\\\/wp-content\\\/uploads\\\/2025\\\/09\\\/798378-scaled.jpg\",\"datePublished\":\"2025-09-09T14:24:44+00:00\",\"dateModified\":\"2025-11-24T17:07:00+00:00\",\"description\":\"Lote de vinos premium con accesorios exclusivos. El regalo ideal para amantes del vino. \ud83c\udf47 \u00a1Desc\u00fabrelo y brinda con estilo esta Navidad!\",\"breadcrumb\":{\"@id\":\"https:\\\/\\\/www.llobetregals.com\\\/es\\\/producto\\\/detalle-regalo-dr-231\\\/#breadcrumb\"},\"inLanguage\":\"es\",\"potentialAction\":[{\"@type\":\"ReadAction\",\"target\":[\"https:\\\/\\\/www.llobetregals.com\\\/es\\\/producto\\\/detalle-regalo-dr-231\\\/\"]}]},{\"@type\":\"ImageObject\",\"inLanguage\":\"es\",\"@id\":\"https:\\\/\\\/www.llobetregals.com\\\/es\\\/producto\\\/detalle-regalo-dr-231\\\/#primaryimage\",\"url\":\"https:\\\/\\\/www.llobetregals.com\\\/wp-content\\\/uploads\\\/2025\\\/09\\\/798378-scaled.jpg\",\"contentUrl\":\"https:\\\/\\\/www.llobetregals.com\\\/wp-content\\\/uploads\\\/2025\\\/09\\\/798378-scaled.jpg\",\"width\":2560,\"height\":2560},{\"@type\":\"BreadcrumbList\",\"@id\":\"https:\\\/\\\/www.llobetregals.com\\\/es\\\/producto\\\/detalle-regalo-dr-231\\\/#breadcrumb\",\"itemListElement\":[{\"@type\":\"ListItem\",\"position\":1,\"name\":\"Inici\",\"item\":\"https:\\\/\\\/www.llobetregals.com\\\/es\\\/\"},{\"@type\":\"ListItem\",\"position\":2,\"name\":\"Regalos\",\"item\":\"https:\\\/\\\/www.llobetregals.com\\\/es\\\/regalos\\\/\"},{\"@type\":\"ListItem\",\"position\":3,\"name\":\"DETALLE REGALO DR-231\"}]},{\"@type\":\"WebSite\",\"@id\":\"https:\\\/\\\/www.llobetregals.com\\\/#website\",\"url\":\"https:\\\/\\\/www.llobetregals.com\\\/\",\"name\":\"Llobet Regals\",\"description\":\"Fem Lots Nadal des de fa m\u00e9s de 50 anys.\",\"potentialAction\":[{\"@type\":\"SearchAction\",\"target\":{\"@type\":\"EntryPoint\",\"urlTemplate\":\"https:\\\/\\\/www.llobetregals.com\\\/?s={search_term_string}\"},\"query-input\":{\"@type\":\"PropertyValueSpecification\",\"valueRequired\":true,\"valueName\":\"search_term_string\"}}],\"inLanguage\":\"es\"}]}<\/script>\n<!-- \/ Yoast SEO plugin. -->","yoast_head_json":{"title":"DETALLE REGALO DR-231 - Llobet Regals","description":"Lote de vinos premium con accesorios exclusivos. El regalo ideal para amantes del vino. \ud83c\udf47 \u00a1Desc\u00fabrelo y brinda con estilo esta Navidad!","robots":{"index":"index","follow":"follow","max-snippet":"max-snippet:-1","max-image-preview":"max-image-preview:large","max-video-preview":"max-video-preview:-1"},"canonical":"https:\/\/www.llobetregals.com\/es\/producto\/detalle-regalo-dr-231\/","og_locale":"es_ES","og_type":"article","og_title":"DETALLE REGALO DR-231 - Llobet Regals","og_description":"Lote de vinos premium con accesorios exclusivos. El regalo ideal para amantes del vino. \ud83c\udf47 \u00a1Desc\u00fabrelo y brinda con estilo esta Navidad!","og_url":"https:\/\/www.llobetregals.com\/es\/producto\/detalle-regalo-dr-231\/","og_site_name":"Llobet Regals","article_modified_time":"2025-11-24T17:07:00+00:00","og_image":[{"width":2560,"height":2560,"url":"https:\/\/www.llobetregals.com\/wp-content\/uploads\/2025\/09\/798378-scaled.jpg","type":"image\/jpeg"}],"twitter_card":"summary_large_image","schema":{"@context":"https:\/\/schema.org","@graph":[{"@type":"WebPage","@id":"https:\/\/www.llobetregals.com\/es\/producto\/detalle-regalo-dr-231\/","url":"https:\/\/www.llobetregals.com\/es\/producto\/detalle-regalo-dr-231\/","name":"DETALLE REGALO DR-231 - Llobet Regals","isPartOf":{"@id":"https:\/\/www.llobetregals.com\/#website"},"primaryImageOfPage":{"@id":"https:\/\/www.llobetregals.com\/es\/producto\/detalle-regalo-dr-231\/#primaryimage"},"image":{"@id":"https:\/\/www.llobetregals.com\/es\/producto\/detalle-regalo-dr-231\/#primaryimage"},"thumbnailUrl":"https:\/\/www.llobetregals.com\/wp-content\/uploads\/2025\/09\/798378-scaled.jpg","datePublished":"2025-09-09T14:24:44+00:00","dateModified":"2025-11-24T17:07:00+00:00","description":"Lote de vinos premium con accesorios exclusivos. El regalo ideal para amantes del vino. \ud83c\udf47 \u00a1Desc\u00fabrelo y brinda con estilo esta Navidad!","breadcrumb":{"@id":"https:\/\/www.llobetregals.com\/es\/producto\/detalle-regalo-dr-231\/#breadcrumb"},"inLanguage":"es","potentialAction":[{"@type":"ReadAction","target":["https:\/\/www.llobetregals.com\/es\/producto\/detalle-regalo-dr-231\/"]}]},{"@type":"ImageObject","inLanguage":"es","@id":"https:\/\/www.llobetregals.com\/es\/producto\/detalle-regalo-dr-231\/#primaryimage","url":"https:\/\/www.llobetregals.com\/wp-content\/uploads\/2025\/09\/798378-scaled.jpg","contentUrl":"https:\/\/www.llobetregals.com\/wp-content\/uploads\/2025\/09\/798378-scaled.jpg","width":2560,"height":2560},{"@type":"BreadcrumbList","@id":"https:\/\/www.llobetregals.com\/es\/producto\/detalle-regalo-dr-231\/#breadcrumb","itemListElement":[{"@type":"ListItem","position":1,"name":"Inici","item":"https:\/\/www.llobetregals.com\/es\/"},{"@type":"ListItem","position":2,"name":"Regalos","item":"https:\/\/www.llobetregals.com\/es\/regalos\/"},{"@type":"ListItem","position":3,"name":"DETALLE REGALO DR-231"}]},{"@type":"WebSite","@id":"https:\/\/www.llobetregals.com\/#website","url":"https:\/\/www.llobetregals.com\/","name":"Llobet Regals","description":"Fem Lots Nadal des de fa m\u00e9s de 50 anys.","potentialAction":[{"@type":"SearchAction","target":{"@type":"EntryPoint","urlTemplate":"https:\/\/www.llobetregals.com\/?s={search_term_string}"},"query-input":{"@type":"PropertyValueSpecification","valueRequired":true,"valueName":"search_term_string"}}],"inLanguage":"es"}]}},"_links":{"self":[{"href":"https:\/\/www.llobetregals.com\/es\/wp-json\/wp\/v2\/product\/42758","targetHints":{"allow":["GET"]}}],"collection":[{"href":"https:\/\/www.llobetregals.com\/es\/wp-json\/wp\/v2\/product"}],"about":[{"href":"https:\/\/www.llobetregals.com\/es\/wp-json\/wp\/v2\/types\/product"}],"replies":[{"embeddable":true,"href":"https:\/\/www.llobetregals.com\/es\/wp-json\/wp\/v2\/comments?post=42758"}],"wp:featuredmedia":[{"embeddable":true,"href":"https:\/\/www.llobetregals.com\/es\/wp-json\/wp\/v2\/media\/40168"}],"wp:attachment":[{"href":"https:\/\/www.llobetregals.com\/es\/wp-json\/wp\/v2\/media?parent=42758"}],"wp:term":[{"taxonomy":"product_brand","embeddable":true,"href":"https:\/\/www.llobetregals.com\/es\/wp-json\/wp\/v2\/product_brand?post=42758"},{"taxonomy":"product_cat","embeddable":true,"href":"https:\/\/www.llobetregals.com\/es\/wp-json\/wp\/v2\/product_cat?post=42758"},{"taxonomy":"product_tag","embeddable":true,"href":"https:\/\/www.llobetregals.com\/es\/wp-json\/wp\/v2\/product_tag?post=42758"}],"curies":[{"name":"wp","href":"https:\/\/api.w.org\/{rel}","templated":true}]}}