{"id":42755,"date":"2025-09-09T16:23:33","date_gmt":"2025-09-09T14:23:33","guid":{"rendered":"https:\/\/www.llobetregals.com\/producte\/detalle-regalo-dr-135\/"},"modified":"2025-12-10T16:44:03","modified_gmt":"2025-12-10T15:44:03","slug":"detalle-regalo-dr-135","status":"publish","type":"product","link":"https:\/\/www.llobetregals.com\/es\/producto\/detalle-regalo-dr-135\/","title":{"rendered":"DETALLE REGALO DR-135"},"content":{"rendered":"<p>1 Botella Vermut Negro <strong>MIR\u00d3<\/strong> 75 cl<br \/>\n1 Bolsa Rustic Corn Mix <strong>M\u00dcIX<\/strong> 65 g<br \/>\n1 Bolsa Ex\u00f2tic Corn &amp; Nuts Mix <strong>M\u00dcIX<\/strong> 65 g<br \/>\n1 Bolsa Patatas Chips Selectas Trufa Negra <strong>TORRES<\/strong> 40 g<br \/>\n1 Frasco Aceitunas Partidas <strong>LA MASROJANA PE<\/strong> 205 g<br \/>\n1 Lata Mejillones Escabeche <strong>CONSERVERA GALLEGA<\/strong> 115g<br \/>\n1 Tarro Cristal Crema de Foie Natural <strong>ZUBIA<\/strong> 100 g<br \/>\n1 Bolsa Picos R\u00fasticos Gourmet <strong>OBANDO<\/strong> 130 g<\/p>\n<p>3 bol cer\u00e0mica blanca<br \/>\n1 pizarra aperitivo 30*20<\/p>\n","protected":false},"excerpt":{"rendered":"<p>1 Botella Vermut Negro MIR\u00d3 75 cl 1 Bolsa Rustic Corn Mix M\u00dcIX 65 g 1 Bolsa Ex\u00f2tic Corn &amp; Nuts Mix M\u00dcIX 65 g&#8230;<\/p>\n","protected":false},"featured_media":40159,"comment_status":"closed","ping_status":"closed","template":"","meta":{"om_disable_all_campaigns":false,"_joinchat":[]},"product_brand":[],"product_cat":[666,616],"product_tag":[],"class_list":{"0":"post-42755","1":"product","2":"type-product","3":"status-publish","4":"has-post-thumbnail","6":"product_cat-cestas-detalle","7":"product_cat-detalles-navidenos","9":"first","10":"outofstock","11":"purchasable","12":"product-type-simple"},"acf":[],"etheme_brands":{"errors":{"invalid_taxonomy":["Taxonom\u00eda no v\u00e1lida."]},"error_data":[]},"yoast_head":"<!-- This site is optimized with the Yoast SEO plugin v27.3 - https:\/\/yoast.com\/product\/yoast-seo-wordpress\/ -->\n<title>DETALLE REGALO DR-135 - Llobet Regals<\/title>\n<meta name=\"description\" content=\"Lote de Navidad gourmet con vino y snacks premium. El regalo corporativo ideal para sorprender. \ud83c\udf81 \u00a1Res\u00e9rvalo antes de que se agote!\" \/>\n<meta name=\"robots\" content=\"index, follow, max-snippet:-1, max-image-preview:large, max-video-preview:-1\" \/>\n<link rel=\"canonical\" href=\"https:\/\/www.llobetregals.com\/es\/producto\/detalle-regalo-dr-135\/\" \/>\n<meta property=\"og:locale\" content=\"es_ES\" \/>\n<meta property=\"og:type\" content=\"article\" \/>\n<meta property=\"og:title\" content=\"DETALLE REGALO DR-135 - Llobet Regals\" \/>\n<meta property=\"og:description\" content=\"Lote de Navidad gourmet con vino y snacks premium. El regalo corporativo ideal para sorprender. \ud83c\udf81 \u00a1Res\u00e9rvalo antes de que se agote!\" \/>\n<meta property=\"og:url\" content=\"https:\/\/www.llobetregals.com\/es\/producto\/detalle-regalo-dr-135\/\" \/>\n<meta property=\"og:site_name\" content=\"Llobet Regals\" \/>\n<meta property=\"article:modified_time\" content=\"2025-12-10T15:44:03+00:00\" \/>\n<meta property=\"og:image\" content=\"https:\/\/www.llobetregals.com\/wp-content\/uploads\/2025\/09\/798375-1-scaled.jpg\" \/>\n\t<meta property=\"og:image:width\" content=\"2560\" \/>\n\t<meta property=\"og:image:height\" content=\"2560\" \/>\n\t<meta property=\"og:image:type\" content=\"image\/jpeg\" \/>\n<meta name=\"twitter:card\" content=\"summary_large_image\" \/>\n<script type=\"application\/ld+json\" class=\"yoast-schema-graph\">{\"@context\":\"https:\\\/\\\/schema.org\",\"@graph\":[{\"@type\":\"WebPage\",\"@id\":\"https:\\\/\\\/www.llobetregals.com\\\/es\\\/producto\\\/detalle-regalo-dr-135\\\/\",\"url\":\"https:\\\/\\\/www.llobetregals.com\\\/es\\\/producto\\\/detalle-regalo-dr-135\\\/\",\"name\":\"DETALLE REGALO DR-135 - Llobet Regals\",\"isPartOf\":{\"@id\":\"https:\\\/\\\/www.llobetregals.com\\\/#website\"},\"primaryImageOfPage\":{\"@id\":\"https:\\\/\\\/www.llobetregals.com\\\/es\\\/producto\\\/detalle-regalo-dr-135\\\/#primaryimage\"},\"image\":{\"@id\":\"https:\\\/\\\/www.llobetregals.com\\\/es\\\/producto\\\/detalle-regalo-dr-135\\\/#primaryimage\"},\"thumbnailUrl\":\"https:\\\/\\\/www.llobetregals.com\\\/wp-content\\\/uploads\\\/2025\\\/09\\\/798375-1-scaled.jpg\",\"datePublished\":\"2025-09-09T14:23:33+00:00\",\"dateModified\":\"2025-12-10T15:44:03+00:00\",\"description\":\"Lote de Navidad gourmet con vino y snacks premium. El regalo corporativo ideal para sorprender. \ud83c\udf81 \u00a1Res\u00e9rvalo antes de que se agote!\",\"breadcrumb\":{\"@id\":\"https:\\\/\\\/www.llobetregals.com\\\/es\\\/producto\\\/detalle-regalo-dr-135\\\/#breadcrumb\"},\"inLanguage\":\"es\",\"potentialAction\":[{\"@type\":\"ReadAction\",\"target\":[\"https:\\\/\\\/www.llobetregals.com\\\/es\\\/producto\\\/detalle-regalo-dr-135\\\/\"]}]},{\"@type\":\"ImageObject\",\"inLanguage\":\"es\",\"@id\":\"https:\\\/\\\/www.llobetregals.com\\\/es\\\/producto\\\/detalle-regalo-dr-135\\\/#primaryimage\",\"url\":\"https:\\\/\\\/www.llobetregals.com\\\/wp-content\\\/uploads\\\/2025\\\/09\\\/798375-1-scaled.jpg\",\"contentUrl\":\"https:\\\/\\\/www.llobetregals.com\\\/wp-content\\\/uploads\\\/2025\\\/09\\\/798375-1-scaled.jpg\",\"width\":2560,\"height\":2560},{\"@type\":\"BreadcrumbList\",\"@id\":\"https:\\\/\\\/www.llobetregals.com\\\/es\\\/producto\\\/detalle-regalo-dr-135\\\/#breadcrumb\",\"itemListElement\":[{\"@type\":\"ListItem\",\"position\":1,\"name\":\"Inici\",\"item\":\"https:\\\/\\\/www.llobetregals.com\\\/es\\\/\"},{\"@type\":\"ListItem\",\"position\":2,\"name\":\"Regalos\",\"item\":\"https:\\\/\\\/www.llobetregals.com\\\/es\\\/regalos\\\/\"},{\"@type\":\"ListItem\",\"position\":3,\"name\":\"DETALLE REGALO DR-135\"}]},{\"@type\":\"WebSite\",\"@id\":\"https:\\\/\\\/www.llobetregals.com\\\/#website\",\"url\":\"https:\\\/\\\/www.llobetregals.com\\\/\",\"name\":\"Llobet Regals\",\"description\":\"Fem Lots Nadal des de fa m\u00e9s de 50 anys.\",\"potentialAction\":[{\"@type\":\"SearchAction\",\"target\":{\"@type\":\"EntryPoint\",\"urlTemplate\":\"https:\\\/\\\/www.llobetregals.com\\\/?s={search_term_string}\"},\"query-input\":{\"@type\":\"PropertyValueSpecification\",\"valueRequired\":true,\"valueName\":\"search_term_string\"}}],\"inLanguage\":\"es\"}]}<\/script>\n<!-- \/ Yoast SEO plugin. -->","yoast_head_json":{"title":"DETALLE REGALO DR-135 - Llobet Regals","description":"Lote de Navidad gourmet con vino y snacks premium. El regalo corporativo ideal para sorprender. \ud83c\udf81 \u00a1Res\u00e9rvalo antes de que se agote!","robots":{"index":"index","follow":"follow","max-snippet":"max-snippet:-1","max-image-preview":"max-image-preview:large","max-video-preview":"max-video-preview:-1"},"canonical":"https:\/\/www.llobetregals.com\/es\/producto\/detalle-regalo-dr-135\/","og_locale":"es_ES","og_type":"article","og_title":"DETALLE REGALO DR-135 - Llobet Regals","og_description":"Lote de Navidad gourmet con vino y snacks premium. El regalo corporativo ideal para sorprender. \ud83c\udf81 \u00a1Res\u00e9rvalo antes de que se agote!","og_url":"https:\/\/www.llobetregals.com\/es\/producto\/detalle-regalo-dr-135\/","og_site_name":"Llobet Regals","article_modified_time":"2025-12-10T15:44:03+00:00","og_image":[{"width":2560,"height":2560,"url":"https:\/\/www.llobetregals.com\/wp-content\/uploads\/2025\/09\/798375-1-scaled.jpg","type":"image\/jpeg"}],"twitter_card":"summary_large_image","schema":{"@context":"https:\/\/schema.org","@graph":[{"@type":"WebPage","@id":"https:\/\/www.llobetregals.com\/es\/producto\/detalle-regalo-dr-135\/","url":"https:\/\/www.llobetregals.com\/es\/producto\/detalle-regalo-dr-135\/","name":"DETALLE REGALO DR-135 - Llobet Regals","isPartOf":{"@id":"https:\/\/www.llobetregals.com\/#website"},"primaryImageOfPage":{"@id":"https:\/\/www.llobetregals.com\/es\/producto\/detalle-regalo-dr-135\/#primaryimage"},"image":{"@id":"https:\/\/www.llobetregals.com\/es\/producto\/detalle-regalo-dr-135\/#primaryimage"},"thumbnailUrl":"https:\/\/www.llobetregals.com\/wp-content\/uploads\/2025\/09\/798375-1-scaled.jpg","datePublished":"2025-09-09T14:23:33+00:00","dateModified":"2025-12-10T15:44:03+00:00","description":"Lote de Navidad gourmet con vino y snacks premium. El regalo corporativo ideal para sorprender. \ud83c\udf81 \u00a1Res\u00e9rvalo antes de que se agote!","breadcrumb":{"@id":"https:\/\/www.llobetregals.com\/es\/producto\/detalle-regalo-dr-135\/#breadcrumb"},"inLanguage":"es","potentialAction":[{"@type":"ReadAction","target":["https:\/\/www.llobetregals.com\/es\/producto\/detalle-regalo-dr-135\/"]}]},{"@type":"ImageObject","inLanguage":"es","@id":"https:\/\/www.llobetregals.com\/es\/producto\/detalle-regalo-dr-135\/#primaryimage","url":"https:\/\/www.llobetregals.com\/wp-content\/uploads\/2025\/09\/798375-1-scaled.jpg","contentUrl":"https:\/\/www.llobetregals.com\/wp-content\/uploads\/2025\/09\/798375-1-scaled.jpg","width":2560,"height":2560},{"@type":"BreadcrumbList","@id":"https:\/\/www.llobetregals.com\/es\/producto\/detalle-regalo-dr-135\/#breadcrumb","itemListElement":[{"@type":"ListItem","position":1,"name":"Inici","item":"https:\/\/www.llobetregals.com\/es\/"},{"@type":"ListItem","position":2,"name":"Regalos","item":"https:\/\/www.llobetregals.com\/es\/regalos\/"},{"@type":"ListItem","position":3,"name":"DETALLE REGALO DR-135"}]},{"@type":"WebSite","@id":"https:\/\/www.llobetregals.com\/#website","url":"https:\/\/www.llobetregals.com\/","name":"Llobet Regals","description":"Fem Lots Nadal des de fa m\u00e9s de 50 anys.","potentialAction":[{"@type":"SearchAction","target":{"@type":"EntryPoint","urlTemplate":"https:\/\/www.llobetregals.com\/?s={search_term_string}"},"query-input":{"@type":"PropertyValueSpecification","valueRequired":true,"valueName":"search_term_string"}}],"inLanguage":"es"}]}},"_links":{"self":[{"href":"https:\/\/www.llobetregals.com\/es\/wp-json\/wp\/v2\/product\/42755","targetHints":{"allow":["GET"]}}],"collection":[{"href":"https:\/\/www.llobetregals.com\/es\/wp-json\/wp\/v2\/product"}],"about":[{"href":"https:\/\/www.llobetregals.com\/es\/wp-json\/wp\/v2\/types\/product"}],"replies":[{"embeddable":true,"href":"https:\/\/www.llobetregals.com\/es\/wp-json\/wp\/v2\/comments?post=42755"}],"wp:featuredmedia":[{"embeddable":true,"href":"https:\/\/www.llobetregals.com\/es\/wp-json\/wp\/v2\/media\/40159"}],"wp:attachment":[{"href":"https:\/\/www.llobetregals.com\/es\/wp-json\/wp\/v2\/media?parent=42755"}],"wp:term":[{"taxonomy":"product_brand","embeddable":true,"href":"https:\/\/www.llobetregals.com\/es\/wp-json\/wp\/v2\/product_brand?post=42755"},{"taxonomy":"product_cat","embeddable":true,"href":"https:\/\/www.llobetregals.com\/es\/wp-json\/wp\/v2\/product_cat?post=42755"},{"taxonomy":"product_tag","embeddable":true,"href":"https:\/\/www.llobetregals.com\/es\/wp-json\/wp\/v2\/product_tag?post=42755"}],"curies":[{"name":"wp","href":"https:\/\/api.w.org\/{rel}","templated":true}]}}