{"id":42734,"date":"2025-09-09T16:20:12","date_gmt":"2025-09-09T14:20:12","guid":{"rendered":"https:\/\/www.llobetregals.com\/producte\/baul-ba-30\/"},"modified":"2025-12-22T17:27:11","modified_gmt":"2025-12-22T16:27:11","slug":"baul-ba-30","status":"publish","type":"product","link":"https:\/\/www.llobetregals.com\/es\/producto\/baul-ba-30\/","title":{"rendered":"BA\u00daL BA-30"},"content":{"rendered":"<p>1 Malet\u00edn 8 sobres de 50 g Jam\u00f3n Cebo 50% Ib\u00e9rico <strong>EMERITVS<\/strong> 8 X 50 G<br \/>\n2 Botellas Cava Brut <strong>RESERVA REAL FREIXENET<\/strong> Cuv\u00e9e de Prestige 75 cl<br \/>\n1 Botella Vino Tinto D.O.C.Rioja <strong>CARLOS SERRES<\/strong> Reserva Bodega Centenaria 75 cl<br \/>\n1 Botella Vino Tinto D.O.Ribera del Duero <strong>VALDERIVERO<\/strong> Crianza 75 cl<br \/>\n1 Botella Vino Blanco D.O. Pened\u00e9s <strong>ERMITA D&#8217;ESPIELLS JUV\u00c9 &amp; CAMPS<\/strong>-Ecol\u00f3gico 75 cl<br \/>\n1 Botella Whisky Escoc\u00e9s <strong>ANTIQUARY<\/strong> 12 A\u00f1os 70 cl con Estuche<br \/>\n1 Botella Ginebra Premium Scottish <strong>BO\u00cb<\/strong> 70 cl<br \/>\n1 Barra Turr\u00f3n Jijona 70% Almendra Elaboraci\u00f3n Artesanal <strong>REBOST DEL GOURMET<\/strong> Cal. Suprema 200 g<br \/>\n1 Barra Turr\u00f3n Alicante 67% Almendra Elaboraci\u00f3n Artesanal <strong>REBOST DEL GOURMET<\/strong> Cal. Suprema 200 g<br \/>\n1 Lata de Carambinas de Avellana Roja Caramelizada con Chocolate Negro <strong>ROCAMBOLESC<\/strong> 60 g<br \/>\n1 Estuche Barquillos Rellenos Turr\u00f3n <strong>ANTIU XIXONA<\/strong> 75 g<br \/>\n1 Estuche Mini Hojaldres<strong> 1880<\/strong> 100 g<br \/>\n1 Estuche Galletas Surtidas <strong>ESPECIAL<\/strong> 6 <strong>TRIAS<\/strong> 125 g<br \/>\n1 Estuche Doy pack Almendra Marcona Repelada con Sal <strong>DELIRIUM TORRA<\/strong> 125 g<br \/>\n1 Pieza Longaniza Extra <strong>ALVEN<\/strong> 250 g<br \/>\n1 Pieza Chorizo Ib\u00e9rico Cebo Cular <strong>EMERITVS<\/strong> 250 g<br \/>\n1 Pieza 1\/2 Queso Oveja Leche Cruda Curado <strong>HACIENDA ZORITA<\/strong> 450 g aprox -Medalla Oro WORLD CHEESE AWARDS 2015-16<br \/>\n1 Pieza Sobrasada de Mallorca Embotits <strong>FIOL<\/strong> 250 g<br \/>\n1 Tarro Cristal Esp\u00e1rrago Blanco Extra 9\/12 D.O Navarra <strong>J.VELA<\/strong> 370 ml 220 g PE<br \/>\n1 Botella Aceite Oliva Virgen Extra Arbequina D.O.Siurana <strong>NOS<\/strong> 50 cl<br \/>\n1 Ba\u00fal Puff Gale\u00f3n 63*33*33<\/p>\n","protected":false},"excerpt":{"rendered":"<p>1 Malet\u00edn 8 sobres de 50 g Jam\u00f3n Cebo 50% Ib\u00e9rico EMERITVS 8 X 50 G 2 Botellas Cava Brut RESERVA REAL FREIXENET Cuv\u00e9e de&#8230;<\/p>\n","protected":false},"featured_media":40021,"comment_status":"closed","ping_status":"closed","template":"","meta":{"om_disable_all_campaigns":false,"_joinchat":[]},"product_brand":[],"product_cat":[665,616],"product_tag":[],"class_list":{"0":"post-42734","1":"product","2":"type-product","3":"status-publish","4":"has-post-thumbnail","6":"product_cat-baules-de-navidad","7":"product_cat-detalles-navidenos","9":"first","10":"outofstock","11":"purchasable","12":"product-type-simple"},"acf":[],"etheme_brands":{"errors":{"invalid_taxonomy":["Taxonom\u00eda no v\u00e1lida."]},"error_data":[]},"yoast_head":"<!-- This site is optimized with the Yoast SEO plugin v27.3 - https:\/\/yoast.com\/product\/yoast-seo-wordpress\/ -->\n<title>BA\u00daL BA-30 - Llobet Regals<\/title>\n<meta name=\"description\" content=\"Propuesta selecta para un obsequio diferente. Propuestas premium para relaciones profesionales. Solicita presupuesto hoy!\" \/>\n<meta name=\"robots\" content=\"index, follow, max-snippet:-1, max-image-preview:large, max-video-preview:-1\" \/>\n<link rel=\"canonical\" href=\"https:\/\/www.llobetregals.com\/es\/producto\/baul-ba-30\/\" \/>\n<meta property=\"og:locale\" content=\"es_ES\" \/>\n<meta property=\"og:type\" content=\"article\" \/>\n<meta property=\"og:title\" content=\"BA\u00daL BA-30 - Llobet Regals\" \/>\n<meta property=\"og:description\" content=\"Propuesta selecta para un obsequio diferente. Propuestas premium para relaciones profesionales. Solicita presupuesto hoy!\" \/>\n<meta property=\"og:url\" content=\"https:\/\/www.llobetregals.com\/es\/producto\/baul-ba-30\/\" \/>\n<meta property=\"og:site_name\" content=\"Llobet Regals\" \/>\n<meta property=\"article:modified_time\" content=\"2025-12-22T16:27:11+00:00\" \/>\n<meta property=\"og:image\" content=\"https:\/\/www.llobetregals.com\/wp-content\/uploads\/2025\/09\/798354-scaled.jpg\" \/>\n\t<meta property=\"og:image:width\" content=\"2560\" \/>\n\t<meta property=\"og:image:height\" content=\"2560\" \/>\n\t<meta property=\"og:image:type\" content=\"image\/jpeg\" \/>\n<meta name=\"twitter:card\" content=\"summary_large_image\" \/>\n<meta name=\"twitter:label1\" content=\"Tiempo de lectura\" \/>\n\t<meta name=\"twitter:data1\" content=\"1 minuto\" \/>\n<script type=\"application\/ld+json\" class=\"yoast-schema-graph\">{\"@context\":\"https:\\\/\\\/schema.org\",\"@graph\":[{\"@type\":\"WebPage\",\"@id\":\"https:\\\/\\\/www.llobetregals.com\\\/es\\\/producto\\\/baul-ba-30\\\/\",\"url\":\"https:\\\/\\\/www.llobetregals.com\\\/es\\\/producto\\\/baul-ba-30\\\/\",\"name\":\"BA\u00daL BA-30 - Llobet Regals\",\"isPartOf\":{\"@id\":\"https:\\\/\\\/www.llobetregals.com\\\/#website\"},\"primaryImageOfPage\":{\"@id\":\"https:\\\/\\\/www.llobetregals.com\\\/es\\\/producto\\\/baul-ba-30\\\/#primaryimage\"},\"image\":{\"@id\":\"https:\\\/\\\/www.llobetregals.com\\\/es\\\/producto\\\/baul-ba-30\\\/#primaryimage\"},\"thumbnailUrl\":\"https:\\\/\\\/www.llobetregals.com\\\/wp-content\\\/uploads\\\/2025\\\/09\\\/798354-scaled.jpg\",\"datePublished\":\"2025-09-09T14:20:12+00:00\",\"dateModified\":\"2025-12-22T16:27:11+00:00\",\"description\":\"Propuesta selecta para un obsequio diferente. Propuestas premium para relaciones profesionales. Solicita presupuesto hoy!\",\"breadcrumb\":{\"@id\":\"https:\\\/\\\/www.llobetregals.com\\\/es\\\/producto\\\/baul-ba-30\\\/#breadcrumb\"},\"inLanguage\":\"es\",\"potentialAction\":[{\"@type\":\"ReadAction\",\"target\":[\"https:\\\/\\\/www.llobetregals.com\\\/es\\\/producto\\\/baul-ba-30\\\/\"]}]},{\"@type\":\"ImageObject\",\"inLanguage\":\"es\",\"@id\":\"https:\\\/\\\/www.llobetregals.com\\\/es\\\/producto\\\/baul-ba-30\\\/#primaryimage\",\"url\":\"https:\\\/\\\/www.llobetregals.com\\\/wp-content\\\/uploads\\\/2025\\\/09\\\/798354-scaled.jpg\",\"contentUrl\":\"https:\\\/\\\/www.llobetregals.com\\\/wp-content\\\/uploads\\\/2025\\\/09\\\/798354-scaled.jpg\",\"width\":2560,\"height\":2560},{\"@type\":\"BreadcrumbList\",\"@id\":\"https:\\\/\\\/www.llobetregals.com\\\/es\\\/producto\\\/baul-ba-30\\\/#breadcrumb\",\"itemListElement\":[{\"@type\":\"ListItem\",\"position\":1,\"name\":\"Inici\",\"item\":\"https:\\\/\\\/www.llobetregals.com\\\/es\\\/\"},{\"@type\":\"ListItem\",\"position\":2,\"name\":\"Regalos\",\"item\":\"https:\\\/\\\/www.llobetregals.com\\\/es\\\/regalos\\\/\"},{\"@type\":\"ListItem\",\"position\":3,\"name\":\"BA\u00daL BA-30\"}]},{\"@type\":\"WebSite\",\"@id\":\"https:\\\/\\\/www.llobetregals.com\\\/#website\",\"url\":\"https:\\\/\\\/www.llobetregals.com\\\/\",\"name\":\"Llobet Regals\",\"description\":\"Fem Lots Nadal des de fa m\u00e9s de 50 anys.\",\"potentialAction\":[{\"@type\":\"SearchAction\",\"target\":{\"@type\":\"EntryPoint\",\"urlTemplate\":\"https:\\\/\\\/www.llobetregals.com\\\/?s={search_term_string}\"},\"query-input\":{\"@type\":\"PropertyValueSpecification\",\"valueRequired\":true,\"valueName\":\"search_term_string\"}}],\"inLanguage\":\"es\"}]}<\/script>\n<!-- \/ Yoast SEO plugin. -->","yoast_head_json":{"title":"BA\u00daL BA-30 - Llobet Regals","description":"Propuesta selecta para un obsequio diferente. Propuestas premium para relaciones profesionales. Solicita presupuesto hoy!","robots":{"index":"index","follow":"follow","max-snippet":"max-snippet:-1","max-image-preview":"max-image-preview:large","max-video-preview":"max-video-preview:-1"},"canonical":"https:\/\/www.llobetregals.com\/es\/producto\/baul-ba-30\/","og_locale":"es_ES","og_type":"article","og_title":"BA\u00daL BA-30 - Llobet Regals","og_description":"Propuesta selecta para un obsequio diferente. Propuestas premium para relaciones profesionales. Solicita presupuesto hoy!","og_url":"https:\/\/www.llobetregals.com\/es\/producto\/baul-ba-30\/","og_site_name":"Llobet Regals","article_modified_time":"2025-12-22T16:27:11+00:00","og_image":[{"width":2560,"height":2560,"url":"https:\/\/www.llobetregals.com\/wp-content\/uploads\/2025\/09\/798354-scaled.jpg","type":"image\/jpeg"}],"twitter_card":"summary_large_image","twitter_misc":{"Tiempo de lectura":"1 minuto"},"schema":{"@context":"https:\/\/schema.org","@graph":[{"@type":"WebPage","@id":"https:\/\/www.llobetregals.com\/es\/producto\/baul-ba-30\/","url":"https:\/\/www.llobetregals.com\/es\/producto\/baul-ba-30\/","name":"BA\u00daL BA-30 - Llobet Regals","isPartOf":{"@id":"https:\/\/www.llobetregals.com\/#website"},"primaryImageOfPage":{"@id":"https:\/\/www.llobetregals.com\/es\/producto\/baul-ba-30\/#primaryimage"},"image":{"@id":"https:\/\/www.llobetregals.com\/es\/producto\/baul-ba-30\/#primaryimage"},"thumbnailUrl":"https:\/\/www.llobetregals.com\/wp-content\/uploads\/2025\/09\/798354-scaled.jpg","datePublished":"2025-09-09T14:20:12+00:00","dateModified":"2025-12-22T16:27:11+00:00","description":"Propuesta selecta para un obsequio diferente. Propuestas premium para relaciones profesionales. Solicita presupuesto hoy!","breadcrumb":{"@id":"https:\/\/www.llobetregals.com\/es\/producto\/baul-ba-30\/#breadcrumb"},"inLanguage":"es","potentialAction":[{"@type":"ReadAction","target":["https:\/\/www.llobetregals.com\/es\/producto\/baul-ba-30\/"]}]},{"@type":"ImageObject","inLanguage":"es","@id":"https:\/\/www.llobetregals.com\/es\/producto\/baul-ba-30\/#primaryimage","url":"https:\/\/www.llobetregals.com\/wp-content\/uploads\/2025\/09\/798354-scaled.jpg","contentUrl":"https:\/\/www.llobetregals.com\/wp-content\/uploads\/2025\/09\/798354-scaled.jpg","width":2560,"height":2560},{"@type":"BreadcrumbList","@id":"https:\/\/www.llobetregals.com\/es\/producto\/baul-ba-30\/#breadcrumb","itemListElement":[{"@type":"ListItem","position":1,"name":"Inici","item":"https:\/\/www.llobetregals.com\/es\/"},{"@type":"ListItem","position":2,"name":"Regalos","item":"https:\/\/www.llobetregals.com\/es\/regalos\/"},{"@type":"ListItem","position":3,"name":"BA\u00daL BA-30"}]},{"@type":"WebSite","@id":"https:\/\/www.llobetregals.com\/#website","url":"https:\/\/www.llobetregals.com\/","name":"Llobet Regals","description":"Fem Lots Nadal des de fa m\u00e9s de 50 anys.","potentialAction":[{"@type":"SearchAction","target":{"@type":"EntryPoint","urlTemplate":"https:\/\/www.llobetregals.com\/?s={search_term_string}"},"query-input":{"@type":"PropertyValueSpecification","valueRequired":true,"valueName":"search_term_string"}}],"inLanguage":"es"}]}},"_links":{"self":[{"href":"https:\/\/www.llobetregals.com\/es\/wp-json\/wp\/v2\/product\/42734","targetHints":{"allow":["GET"]}}],"collection":[{"href":"https:\/\/www.llobetregals.com\/es\/wp-json\/wp\/v2\/product"}],"about":[{"href":"https:\/\/www.llobetregals.com\/es\/wp-json\/wp\/v2\/types\/product"}],"replies":[{"embeddable":true,"href":"https:\/\/www.llobetregals.com\/es\/wp-json\/wp\/v2\/comments?post=42734"}],"wp:featuredmedia":[{"embeddable":true,"href":"https:\/\/www.llobetregals.com\/es\/wp-json\/wp\/v2\/media\/40021"}],"wp:attachment":[{"href":"https:\/\/www.llobetregals.com\/es\/wp-json\/wp\/v2\/media?parent=42734"}],"wp:term":[{"taxonomy":"product_brand","embeddable":true,"href":"https:\/\/www.llobetregals.com\/es\/wp-json\/wp\/v2\/product_brand?post=42734"},{"taxonomy":"product_cat","embeddable":true,"href":"https:\/\/www.llobetregals.com\/es\/wp-json\/wp\/v2\/product_cat?post=42734"},{"taxonomy":"product_tag","embeddable":true,"href":"https:\/\/www.llobetregals.com\/es\/wp-json\/wp\/v2\/product_tag?post=42734"}],"curies":[{"name":"wp","href":"https:\/\/api.w.org\/{rel}","templated":true}]}}