{"id":42729,"date":"2025-09-09T16:20:12","date_gmt":"2025-09-09T14:20:12","guid":{"rendered":"https:\/\/www.llobetregals.com\/producte\/especial-chocolate-proyectos-sociales-xoc-7\/"},"modified":"2025-09-09T16:20:15","modified_gmt":"2025-09-09T14:20:15","slug":"especial-chocolate-proyectos-sociales-xoc-7","status":"publish","type":"product","link":"https:\/\/www.llobetregals.com\/es\/producto\/especial-chocolate-proyectos-sociales-xoc-7\/","title":{"rendered":"ESPECIAL CHOCOLATE PROYECTOS SOCIALES XOC-7"},"content":{"rendered":"<p>1 Caja de <strong>BOMB\u00d3N DE MACADAMIA<\/strong> Fundaci\u00f3 Sant Tom\u00e0s 65 g<br \/>\n1 Caja de <strong>TEMPTACIONES DE NARANJA<\/strong> Fundaci\u00f3 Sant Tom\u00e0s (Tiras de naranja con chocolate negro) 65 g<br \/>\n1 Bote de Cristal de <strong>DEL\u00cdCIES<\/strong> Negra y Blanca Fundaci\u00f3 Sant Tom\u00e0s (Maiz tostado con Chocolate negro y blanco) 200 g<br \/>\n1 Bote de Cristal de <strong>TOMASSETS<\/strong> Fundaci\u00f3 Sant Tom\u00e0s (Rocas de chocolate negro y patatas chips) 100 g<br \/>\n1 Estuche Galletas Arrugats Chocolate pack colecci\u00f3n <strong>EL ROSAL<\/strong> 125 g ( Proyecto Social de Associaci\u00f3n Alba )<br \/>\n1 Estuche Abanicos Chocolate Colecci\u00f3n <strong>EL ROSAL<\/strong> 180g<br \/>\n1 Barra Turr\u00f3n Brownie con Nueces Pecanas <strong>VICENS SOLIDARI<\/strong> 300 g<br \/>\n1 Plato Plano Gris 25 cm<\/p>\n","protected":false},"excerpt":{"rendered":"<p>1 Caja de BOMB\u00d3N DE MACADAMIA Fundaci\u00f3 Sant Tom\u00e0s 65 g 1 Caja de TEMPTACIONES DE NARANJA Fundaci\u00f3 Sant Tom\u00e0s (Tiras de naranja con chocolate&#8230;<\/p>\n","protected":false},"featured_media":40006,"comment_status":"closed","ping_status":"closed","template":"","meta":{"om_disable_all_campaigns":false,"_joinchat":[]},"product_brand":[],"product_cat":[664,611],"product_tag":[334],"class_list":{"0":"post-42729","1":"product","2":"type-product","3":"status-publish","4":"has-post-thumbnail","6":"product_cat-chocolates","7":"product_cat-seccion-gourmet","8":"product_tag-producto-catalan","10":"first","11":"outofstock","12":"purchasable","13":"product-type-simple"},"acf":[],"etheme_brands":{"errors":{"invalid_taxonomy":["Taxonom\u00eda no v\u00e1lida."]},"error_data":[]},"yoast_head":"<!-- This site is optimized with the Yoast SEO plugin v27.3 - https:\/\/yoast.com\/product\/yoast-seo-wordpress\/ -->\n<title>ESPECIAL CHOCOLATE PROYECTOS SOCIALES XOC-7 - Llobet Regals<\/title>\n<meta name=\"robots\" content=\"index, follow, max-snippet:-1, max-image-preview:large, max-video-preview:-1\" \/>\n<link rel=\"canonical\" href=\"https:\/\/www.llobetregals.com\/es\/producto\/especial-chocolate-proyectos-sociales-xoc-7\/\" \/>\n<meta property=\"og:locale\" content=\"es_ES\" \/>\n<meta property=\"og:type\" content=\"article\" \/>\n<meta property=\"og:title\" content=\"ESPECIAL CHOCOLATE PROYECTOS SOCIALES XOC-7 - Llobet Regals\" \/>\n<meta property=\"og:description\" content=\"1 Caja de BOMB\u00d3N DE MACADAMIA Fundaci\u00f3 Sant Tom\u00e0s 65 g 1 Caja de TEMPTACIONES DE NARANJA Fundaci\u00f3 Sant Tom\u00e0s (Tiras de naranja con chocolate...\" \/>\n<meta property=\"og:url\" content=\"https:\/\/www.llobetregals.com\/es\/producto\/especial-chocolate-proyectos-sociales-xoc-7\/\" \/>\n<meta property=\"og:site_name\" content=\"Llobet Regals\" \/>\n<meta property=\"article:modified_time\" content=\"2025-09-09T14:20:15+00:00\" \/>\n<meta property=\"og:image\" content=\"https:\/\/www.llobetregals.com\/wp-content\/uploads\/2025\/09\/798349-scaled.jpg\" \/>\n\t<meta property=\"og:image:width\" content=\"2560\" \/>\n\t<meta property=\"og:image:height\" content=\"2560\" \/>\n\t<meta property=\"og:image:type\" content=\"image\/jpeg\" \/>\n<meta name=\"twitter:card\" content=\"summary_large_image\" \/>\n<meta name=\"twitter:label1\" content=\"Tiempo de lectura\" \/>\n\t<meta name=\"twitter:data1\" content=\"1 minuto\" \/>\n<script type=\"application\/ld+json\" class=\"yoast-schema-graph\">{\"@context\":\"https:\\\/\\\/schema.org\",\"@graph\":[{\"@type\":\"WebPage\",\"@id\":\"https:\\\/\\\/www.llobetregals.com\\\/es\\\/producto\\\/especial-chocolate-proyectos-sociales-xoc-7\\\/\",\"url\":\"https:\\\/\\\/www.llobetregals.com\\\/es\\\/producto\\\/especial-chocolate-proyectos-sociales-xoc-7\\\/\",\"name\":\"ESPECIAL CHOCOLATE PROYECTOS SOCIALES XOC-7 - Llobet Regals\",\"isPartOf\":{\"@id\":\"https:\\\/\\\/www.llobetregals.com\\\/#website\"},\"primaryImageOfPage\":{\"@id\":\"https:\\\/\\\/www.llobetregals.com\\\/es\\\/producto\\\/especial-chocolate-proyectos-sociales-xoc-7\\\/#primaryimage\"},\"image\":{\"@id\":\"https:\\\/\\\/www.llobetregals.com\\\/es\\\/producto\\\/especial-chocolate-proyectos-sociales-xoc-7\\\/#primaryimage\"},\"thumbnailUrl\":\"https:\\\/\\\/www.llobetregals.com\\\/wp-content\\\/uploads\\\/2025\\\/09\\\/798349-scaled.jpg\",\"datePublished\":\"2025-09-09T14:20:12+00:00\",\"dateModified\":\"2025-09-09T14:20:15+00:00\",\"breadcrumb\":{\"@id\":\"https:\\\/\\\/www.llobetregals.com\\\/es\\\/producto\\\/especial-chocolate-proyectos-sociales-xoc-7\\\/#breadcrumb\"},\"inLanguage\":\"es\",\"potentialAction\":[{\"@type\":\"ReadAction\",\"target\":[\"https:\\\/\\\/www.llobetregals.com\\\/es\\\/producto\\\/especial-chocolate-proyectos-sociales-xoc-7\\\/\"]}]},{\"@type\":\"ImageObject\",\"inLanguage\":\"es\",\"@id\":\"https:\\\/\\\/www.llobetregals.com\\\/es\\\/producto\\\/especial-chocolate-proyectos-sociales-xoc-7\\\/#primaryimage\",\"url\":\"https:\\\/\\\/www.llobetregals.com\\\/wp-content\\\/uploads\\\/2025\\\/09\\\/798349-scaled.jpg\",\"contentUrl\":\"https:\\\/\\\/www.llobetregals.com\\\/wp-content\\\/uploads\\\/2025\\\/09\\\/798349-scaled.jpg\",\"width\":2560,\"height\":2560},{\"@type\":\"BreadcrumbList\",\"@id\":\"https:\\\/\\\/www.llobetregals.com\\\/es\\\/producto\\\/especial-chocolate-proyectos-sociales-xoc-7\\\/#breadcrumb\",\"itemListElement\":[{\"@type\":\"ListItem\",\"position\":1,\"name\":\"Inici\",\"item\":\"https:\\\/\\\/www.llobetregals.com\\\/es\\\/\"},{\"@type\":\"ListItem\",\"position\":2,\"name\":\"Regalos\",\"item\":\"https:\\\/\\\/www.llobetregals.com\\\/es\\\/regalos\\\/\"},{\"@type\":\"ListItem\",\"position\":3,\"name\":\"ESPECIAL CHOCOLATE PROYECTOS SOCIALES XOC-7\"}]},{\"@type\":\"WebSite\",\"@id\":\"https:\\\/\\\/www.llobetregals.com\\\/#website\",\"url\":\"https:\\\/\\\/www.llobetregals.com\\\/\",\"name\":\"Llobet Regals\",\"description\":\"Fem Lots Nadal des de fa m\u00e9s de 50 anys.\",\"potentialAction\":[{\"@type\":\"SearchAction\",\"target\":{\"@type\":\"EntryPoint\",\"urlTemplate\":\"https:\\\/\\\/www.llobetregals.com\\\/?s={search_term_string}\"},\"query-input\":{\"@type\":\"PropertyValueSpecification\",\"valueRequired\":true,\"valueName\":\"search_term_string\"}}],\"inLanguage\":\"es\"}]}<\/script>\n<!-- \/ Yoast SEO plugin. -->","yoast_head_json":{"title":"ESPECIAL CHOCOLATE PROYECTOS SOCIALES XOC-7 - Llobet Regals","robots":{"index":"index","follow":"follow","max-snippet":"max-snippet:-1","max-image-preview":"max-image-preview:large","max-video-preview":"max-video-preview:-1"},"canonical":"https:\/\/www.llobetregals.com\/es\/producto\/especial-chocolate-proyectos-sociales-xoc-7\/","og_locale":"es_ES","og_type":"article","og_title":"ESPECIAL CHOCOLATE PROYECTOS SOCIALES XOC-7 - Llobet Regals","og_description":"1 Caja de BOMB\u00d3N DE MACADAMIA Fundaci\u00f3 Sant Tom\u00e0s 65 g 1 Caja de TEMPTACIONES DE NARANJA Fundaci\u00f3 Sant Tom\u00e0s (Tiras de naranja con chocolate...","og_url":"https:\/\/www.llobetregals.com\/es\/producto\/especial-chocolate-proyectos-sociales-xoc-7\/","og_site_name":"Llobet Regals","article_modified_time":"2025-09-09T14:20:15+00:00","og_image":[{"width":2560,"height":2560,"url":"https:\/\/www.llobetregals.com\/wp-content\/uploads\/2025\/09\/798349-scaled.jpg","type":"image\/jpeg"}],"twitter_card":"summary_large_image","twitter_misc":{"Tiempo de lectura":"1 minuto"},"schema":{"@context":"https:\/\/schema.org","@graph":[{"@type":"WebPage","@id":"https:\/\/www.llobetregals.com\/es\/producto\/especial-chocolate-proyectos-sociales-xoc-7\/","url":"https:\/\/www.llobetregals.com\/es\/producto\/especial-chocolate-proyectos-sociales-xoc-7\/","name":"ESPECIAL CHOCOLATE PROYECTOS SOCIALES XOC-7 - Llobet Regals","isPartOf":{"@id":"https:\/\/www.llobetregals.com\/#website"},"primaryImageOfPage":{"@id":"https:\/\/www.llobetregals.com\/es\/producto\/especial-chocolate-proyectos-sociales-xoc-7\/#primaryimage"},"image":{"@id":"https:\/\/www.llobetregals.com\/es\/producto\/especial-chocolate-proyectos-sociales-xoc-7\/#primaryimage"},"thumbnailUrl":"https:\/\/www.llobetregals.com\/wp-content\/uploads\/2025\/09\/798349-scaled.jpg","datePublished":"2025-09-09T14:20:12+00:00","dateModified":"2025-09-09T14:20:15+00:00","breadcrumb":{"@id":"https:\/\/www.llobetregals.com\/es\/producto\/especial-chocolate-proyectos-sociales-xoc-7\/#breadcrumb"},"inLanguage":"es","potentialAction":[{"@type":"ReadAction","target":["https:\/\/www.llobetregals.com\/es\/producto\/especial-chocolate-proyectos-sociales-xoc-7\/"]}]},{"@type":"ImageObject","inLanguage":"es","@id":"https:\/\/www.llobetregals.com\/es\/producto\/especial-chocolate-proyectos-sociales-xoc-7\/#primaryimage","url":"https:\/\/www.llobetregals.com\/wp-content\/uploads\/2025\/09\/798349-scaled.jpg","contentUrl":"https:\/\/www.llobetregals.com\/wp-content\/uploads\/2025\/09\/798349-scaled.jpg","width":2560,"height":2560},{"@type":"BreadcrumbList","@id":"https:\/\/www.llobetregals.com\/es\/producto\/especial-chocolate-proyectos-sociales-xoc-7\/#breadcrumb","itemListElement":[{"@type":"ListItem","position":1,"name":"Inici","item":"https:\/\/www.llobetregals.com\/es\/"},{"@type":"ListItem","position":2,"name":"Regalos","item":"https:\/\/www.llobetregals.com\/es\/regalos\/"},{"@type":"ListItem","position":3,"name":"ESPECIAL CHOCOLATE PROYECTOS SOCIALES XOC-7"}]},{"@type":"WebSite","@id":"https:\/\/www.llobetregals.com\/#website","url":"https:\/\/www.llobetregals.com\/","name":"Llobet Regals","description":"Fem Lots Nadal des de fa m\u00e9s de 50 anys.","potentialAction":[{"@type":"SearchAction","target":{"@type":"EntryPoint","urlTemplate":"https:\/\/www.llobetregals.com\/?s={search_term_string}"},"query-input":{"@type":"PropertyValueSpecification","valueRequired":true,"valueName":"search_term_string"}}],"inLanguage":"es"}]}},"_links":{"self":[{"href":"https:\/\/www.llobetregals.com\/es\/wp-json\/wp\/v2\/product\/42729","targetHints":{"allow":["GET"]}}],"collection":[{"href":"https:\/\/www.llobetregals.com\/es\/wp-json\/wp\/v2\/product"}],"about":[{"href":"https:\/\/www.llobetregals.com\/es\/wp-json\/wp\/v2\/types\/product"}],"replies":[{"embeddable":true,"href":"https:\/\/www.llobetregals.com\/es\/wp-json\/wp\/v2\/comments?post=42729"}],"wp:featuredmedia":[{"embeddable":true,"href":"https:\/\/www.llobetregals.com\/es\/wp-json\/wp\/v2\/media\/40006"}],"wp:attachment":[{"href":"https:\/\/www.llobetregals.com\/es\/wp-json\/wp\/v2\/media?parent=42729"}],"wp:term":[{"taxonomy":"product_brand","embeddable":true,"href":"https:\/\/www.llobetregals.com\/es\/wp-json\/wp\/v2\/product_brand?post=42729"},{"taxonomy":"product_cat","embeddable":true,"href":"https:\/\/www.llobetregals.com\/es\/wp-json\/wp\/v2\/product_cat?post=42729"},{"taxonomy":"product_tag","embeddable":true,"href":"https:\/\/www.llobetregals.com\/es\/wp-json\/wp\/v2\/product_tag?post=42729"}],"curies":[{"name":"wp","href":"https:\/\/api.w.org\/{rel}","templated":true}]}}