{"id":42728,"date":"2025-09-09T16:20:12","date_gmt":"2025-09-09T14:20:12","guid":{"rendered":"https:\/\/www.llobetregals.com\/producte\/especial-chocolate-xoc-6\/"},"modified":"2025-12-23T10:01:24","modified_gmt":"2025-12-23T09:01:24","slug":"especial-chocolate-xoc-6","status":"publish","type":"product","link":"https:\/\/www.llobetregals.com\/es\/producto\/especial-chocolate-xoc-6\/","title":{"rendered":"ESPECIAL CHOCOLATE XOC-6"},"content":{"rendered":"<p>1 Botella Corpinnat Rosado <strong>KRIPTA TREPAT<\/strong> Reserva Ecol\u00f3gico <strong>AGUST\u00cd TORELL\u00d3 MATA<\/strong> 75 cl<br \/>\n1 Estuche Bombones Suizos Surtidos <strong>CHAMPS<\/strong>&#8211;<strong>\u00c9LYS\u00c9ES<\/strong> de <strong>LINDT<\/strong>  469 g<br \/>\n1 Estuche Barquillo Grande Chocolate <strong>NEBULA<\/strong> 12 unidades<br \/>\n1 Estuche 4 Barras Turr\u00f3n <strong>REBOST DEL GOURMET<\/strong> Cal.Suprema 340 g (Alicante 70 g, Jijona 70 g, Yema 100g y Chocolate con Leche y Almendras 100 g)<br \/>\n1 Estuche Galletas con Avena, Fresa, Yogur y Chocolate <strong>NATWINS<\/strong> 160 g<br \/>\n1 Estuche Carqui\u00f1olis Artesanos con Almendra <strong>RIFACLI<\/strong> 100 g<br \/>\n1 Tableta Chocolate con Leche <strong>FERRERO ROCHER<\/strong> 90 g<br \/>\n1 Rocas Suizas Chocolate Blanca con Coco y Barquillo <strong>BLANXART<\/strong> 100 g<br \/>\n1 Rocas Suizas Chocolate Negro con Almendra <strong>BLANXART<\/strong> 100 g<br \/>\n1 Tableta Chocolate 70 % Cacao con Frambuesa y A\u00e7a\u00ed Origen Congo Ecol\u00f3gica  <strong>BLANXART<\/strong> 75 g<br \/>\n1 Estuche Catanies <strong>ORIGINAL &#038; MACADAMIA CUDI\u00c9<\/strong> 250 g<br \/>\n1 Plato Redondo Oro<\/p>\n","protected":false},"excerpt":{"rendered":"<p>1 Botella Corpinnat Rosado KRIPTA TREPAT Reserva Ecol\u00f3gico AGUST\u00cd TORELL\u00d3 MATA 75 cl 1 Estuche Bombones Suizos Surtidos CHAMPS&#8211;\u00c9LYS\u00c9ES de LINDT 469 g 1 Estuche&#8230;<\/p>\n","protected":false},"featured_media":40003,"comment_status":"closed","ping_status":"closed","template":"","meta":{"om_disable_all_campaigns":false,"_joinchat":[]},"product_brand":[],"product_cat":[664,611],"product_tag":[],"class_list":{"0":"post-42728","1":"product","2":"type-product","3":"status-publish","4":"has-post-thumbnail","6":"product_cat-chocolates","7":"product_cat-seccion-gourmet","9":"first","10":"outofstock","11":"purchasable","12":"product-type-simple"},"acf":[],"etheme_brands":{"errors":{"invalid_taxonomy":["Taxonom\u00eda no v\u00e1lida."]},"error_data":[]},"yoast_head":"<!-- This site is optimized with the Yoast SEO plugin v27.3 - https:\/\/yoast.com\/product\/yoast-seo-wordpress\/ -->\n<title>ESPECIAL CHOCOLATE XOC-6 - Llobet Regals<\/title>\n<meta name=\"robots\" content=\"index, follow, max-snippet:-1, max-image-preview:large, max-video-preview:-1\" \/>\n<link rel=\"canonical\" href=\"https:\/\/www.llobetregals.com\/es\/producto\/especial-chocolate-xoc-6\/\" \/>\n<meta property=\"og:locale\" content=\"es_ES\" \/>\n<meta property=\"og:type\" content=\"article\" \/>\n<meta property=\"og:title\" content=\"ESPECIAL CHOCOLATE XOC-6 - Llobet Regals\" \/>\n<meta property=\"og:description\" content=\"1 Botella Corpinnat Rosado KRIPTA TREPAT Reserva Ecol\u00f3gico AGUST\u00cd TORELL\u00d3 MATA 75 cl 1 Estuche Bombones Suizos Surtidos CHAMPS&#8211;\u00c9LYS\u00c9ES de LINDT 469 g 1 Estuche...\" \/>\n<meta property=\"og:url\" content=\"https:\/\/www.llobetregals.com\/es\/producto\/especial-chocolate-xoc-6\/\" \/>\n<meta property=\"og:site_name\" content=\"Llobet Regals\" \/>\n<meta property=\"article:modified_time\" content=\"2025-12-23T09:01:24+00:00\" \/>\n<meta property=\"og:image\" content=\"https:\/\/www.llobetregals.com\/wp-content\/uploads\/2025\/09\/798348-scaled.jpg\" \/>\n\t<meta property=\"og:image:width\" content=\"2560\" \/>\n\t<meta property=\"og:image:height\" content=\"2560\" \/>\n\t<meta property=\"og:image:type\" content=\"image\/jpeg\" \/>\n<meta name=\"twitter:card\" content=\"summary_large_image\" \/>\n<meta name=\"twitter:label1\" content=\"Tiempo de lectura\" \/>\n\t<meta name=\"twitter:data1\" content=\"1 minuto\" \/>\n<script type=\"application\/ld+json\" class=\"yoast-schema-graph\">{\"@context\":\"https:\\\/\\\/schema.org\",\"@graph\":[{\"@type\":\"WebPage\",\"@id\":\"https:\\\/\\\/www.llobetregals.com\\\/es\\\/producto\\\/especial-chocolate-xoc-6\\\/\",\"url\":\"https:\\\/\\\/www.llobetregals.com\\\/es\\\/producto\\\/especial-chocolate-xoc-6\\\/\",\"name\":\"ESPECIAL CHOCOLATE XOC-6 - Llobet Regals\",\"isPartOf\":{\"@id\":\"https:\\\/\\\/www.llobetregals.com\\\/#website\"},\"primaryImageOfPage\":{\"@id\":\"https:\\\/\\\/www.llobetregals.com\\\/es\\\/producto\\\/especial-chocolate-xoc-6\\\/#primaryimage\"},\"image\":{\"@id\":\"https:\\\/\\\/www.llobetregals.com\\\/es\\\/producto\\\/especial-chocolate-xoc-6\\\/#primaryimage\"},\"thumbnailUrl\":\"https:\\\/\\\/www.llobetregals.com\\\/wp-content\\\/uploads\\\/2025\\\/09\\\/798348-scaled.jpg\",\"datePublished\":\"2025-09-09T14:20:12+00:00\",\"dateModified\":\"2025-12-23T09:01:24+00:00\",\"breadcrumb\":{\"@id\":\"https:\\\/\\\/www.llobetregals.com\\\/es\\\/producto\\\/especial-chocolate-xoc-6\\\/#breadcrumb\"},\"inLanguage\":\"es\",\"potentialAction\":[{\"@type\":\"ReadAction\",\"target\":[\"https:\\\/\\\/www.llobetregals.com\\\/es\\\/producto\\\/especial-chocolate-xoc-6\\\/\"]}]},{\"@type\":\"ImageObject\",\"inLanguage\":\"es\",\"@id\":\"https:\\\/\\\/www.llobetregals.com\\\/es\\\/producto\\\/especial-chocolate-xoc-6\\\/#primaryimage\",\"url\":\"https:\\\/\\\/www.llobetregals.com\\\/wp-content\\\/uploads\\\/2025\\\/09\\\/798348-scaled.jpg\",\"contentUrl\":\"https:\\\/\\\/www.llobetregals.com\\\/wp-content\\\/uploads\\\/2025\\\/09\\\/798348-scaled.jpg\",\"width\":2560,\"height\":2560},{\"@type\":\"BreadcrumbList\",\"@id\":\"https:\\\/\\\/www.llobetregals.com\\\/es\\\/producto\\\/especial-chocolate-xoc-6\\\/#breadcrumb\",\"itemListElement\":[{\"@type\":\"ListItem\",\"position\":1,\"name\":\"Inici\",\"item\":\"https:\\\/\\\/www.llobetregals.com\\\/es\\\/\"},{\"@type\":\"ListItem\",\"position\":2,\"name\":\"Regalos\",\"item\":\"https:\\\/\\\/www.llobetregals.com\\\/es\\\/regalos\\\/\"},{\"@type\":\"ListItem\",\"position\":3,\"name\":\"ESPECIAL CHOCOLATE XOC-6\"}]},{\"@type\":\"WebSite\",\"@id\":\"https:\\\/\\\/www.llobetregals.com\\\/#website\",\"url\":\"https:\\\/\\\/www.llobetregals.com\\\/\",\"name\":\"Llobet Regals\",\"description\":\"Fem Lots Nadal des de fa m\u00e9s de 50 anys.\",\"potentialAction\":[{\"@type\":\"SearchAction\",\"target\":{\"@type\":\"EntryPoint\",\"urlTemplate\":\"https:\\\/\\\/www.llobetregals.com\\\/?s={search_term_string}\"},\"query-input\":{\"@type\":\"PropertyValueSpecification\",\"valueRequired\":true,\"valueName\":\"search_term_string\"}}],\"inLanguage\":\"es\"}]}<\/script>\n<!-- \/ Yoast SEO plugin. -->","yoast_head_json":{"title":"ESPECIAL CHOCOLATE XOC-6 - Llobet Regals","robots":{"index":"index","follow":"follow","max-snippet":"max-snippet:-1","max-image-preview":"max-image-preview:large","max-video-preview":"max-video-preview:-1"},"canonical":"https:\/\/www.llobetregals.com\/es\/producto\/especial-chocolate-xoc-6\/","og_locale":"es_ES","og_type":"article","og_title":"ESPECIAL CHOCOLATE XOC-6 - Llobet Regals","og_description":"1 Botella Corpinnat Rosado KRIPTA TREPAT Reserva Ecol\u00f3gico AGUST\u00cd TORELL\u00d3 MATA 75 cl 1 Estuche Bombones Suizos Surtidos CHAMPS&#8211;\u00c9LYS\u00c9ES de LINDT 469 g 1 Estuche...","og_url":"https:\/\/www.llobetregals.com\/es\/producto\/especial-chocolate-xoc-6\/","og_site_name":"Llobet Regals","article_modified_time":"2025-12-23T09:01:24+00:00","og_image":[{"width":2560,"height":2560,"url":"https:\/\/www.llobetregals.com\/wp-content\/uploads\/2025\/09\/798348-scaled.jpg","type":"image\/jpeg"}],"twitter_card":"summary_large_image","twitter_misc":{"Tiempo de lectura":"1 minuto"},"schema":{"@context":"https:\/\/schema.org","@graph":[{"@type":"WebPage","@id":"https:\/\/www.llobetregals.com\/es\/producto\/especial-chocolate-xoc-6\/","url":"https:\/\/www.llobetregals.com\/es\/producto\/especial-chocolate-xoc-6\/","name":"ESPECIAL CHOCOLATE XOC-6 - Llobet Regals","isPartOf":{"@id":"https:\/\/www.llobetregals.com\/#website"},"primaryImageOfPage":{"@id":"https:\/\/www.llobetregals.com\/es\/producto\/especial-chocolate-xoc-6\/#primaryimage"},"image":{"@id":"https:\/\/www.llobetregals.com\/es\/producto\/especial-chocolate-xoc-6\/#primaryimage"},"thumbnailUrl":"https:\/\/www.llobetregals.com\/wp-content\/uploads\/2025\/09\/798348-scaled.jpg","datePublished":"2025-09-09T14:20:12+00:00","dateModified":"2025-12-23T09:01:24+00:00","breadcrumb":{"@id":"https:\/\/www.llobetregals.com\/es\/producto\/especial-chocolate-xoc-6\/#breadcrumb"},"inLanguage":"es","potentialAction":[{"@type":"ReadAction","target":["https:\/\/www.llobetregals.com\/es\/producto\/especial-chocolate-xoc-6\/"]}]},{"@type":"ImageObject","inLanguage":"es","@id":"https:\/\/www.llobetregals.com\/es\/producto\/especial-chocolate-xoc-6\/#primaryimage","url":"https:\/\/www.llobetregals.com\/wp-content\/uploads\/2025\/09\/798348-scaled.jpg","contentUrl":"https:\/\/www.llobetregals.com\/wp-content\/uploads\/2025\/09\/798348-scaled.jpg","width":2560,"height":2560},{"@type":"BreadcrumbList","@id":"https:\/\/www.llobetregals.com\/es\/producto\/especial-chocolate-xoc-6\/#breadcrumb","itemListElement":[{"@type":"ListItem","position":1,"name":"Inici","item":"https:\/\/www.llobetregals.com\/es\/"},{"@type":"ListItem","position":2,"name":"Regalos","item":"https:\/\/www.llobetregals.com\/es\/regalos\/"},{"@type":"ListItem","position":3,"name":"ESPECIAL CHOCOLATE XOC-6"}]},{"@type":"WebSite","@id":"https:\/\/www.llobetregals.com\/#website","url":"https:\/\/www.llobetregals.com\/","name":"Llobet Regals","description":"Fem Lots Nadal des de fa m\u00e9s de 50 anys.","potentialAction":[{"@type":"SearchAction","target":{"@type":"EntryPoint","urlTemplate":"https:\/\/www.llobetregals.com\/?s={search_term_string}"},"query-input":{"@type":"PropertyValueSpecification","valueRequired":true,"valueName":"search_term_string"}}],"inLanguage":"es"}]}},"_links":{"self":[{"href":"https:\/\/www.llobetregals.com\/es\/wp-json\/wp\/v2\/product\/42728","targetHints":{"allow":["GET"]}}],"collection":[{"href":"https:\/\/www.llobetregals.com\/es\/wp-json\/wp\/v2\/product"}],"about":[{"href":"https:\/\/www.llobetregals.com\/es\/wp-json\/wp\/v2\/types\/product"}],"replies":[{"embeddable":true,"href":"https:\/\/www.llobetregals.com\/es\/wp-json\/wp\/v2\/comments?post=42728"}],"wp:featuredmedia":[{"embeddable":true,"href":"https:\/\/www.llobetregals.com\/es\/wp-json\/wp\/v2\/media\/40003"}],"wp:attachment":[{"href":"https:\/\/www.llobetregals.com\/es\/wp-json\/wp\/v2\/media?parent=42728"}],"wp:term":[{"taxonomy":"product_brand","embeddable":true,"href":"https:\/\/www.llobetregals.com\/es\/wp-json\/wp\/v2\/product_brand?post=42728"},{"taxonomy":"product_cat","embeddable":true,"href":"https:\/\/www.llobetregals.com\/es\/wp-json\/wp\/v2\/product_cat?post=42728"},{"taxonomy":"product_tag","embeddable":true,"href":"https:\/\/www.llobetregals.com\/es\/wp-json\/wp\/v2\/product_tag?post=42728"}],"curies":[{"name":"wp","href":"https:\/\/api.w.org\/{rel}","templated":true}]}}