{"id":42718,"date":"2025-09-09T16:19:57","date_gmt":"2025-09-09T14:19:57","guid":{"rendered":"https:\/\/www.llobetregals.com\/producte\/seleccion-embutido-se-8\/"},"modified":"2025-11-24T18:11:54","modified_gmt":"2025-11-24T17:11:54","slug":"seleccion-embutido-se-8","status":"publish","type":"product","link":"https:\/\/www.llobetregals.com\/es\/producto\/seleccion-embutido-se-8\/","title":{"rendered":"SELECCION EMBUTIDO SE-8"},"content":{"rendered":"<p>1 Malet\u00edn Embutidos Ib\u00e9ricos Surtidos 6 u Jam\u00f3n Ib\u00e9rico + 4 u Chorizo Ib\u00e9rico + 4 Salchich\u00f3n Ib\u00e9rico +2 Lomo Ib\u00e9rico cebo EMERITVS<br \/>\n1 Botella Vino Tinto D.O. Pla de Bages <strong>ABADAL MAT\u00cdS<\/strong> Crianza 75 cl<br \/>\n1 Botella Vino Tinto D.O. Pened\u00e9s <strong>CASA VELLA D&#8217;ESPIELLS JUV\u00c9 &#038; CAMPS<\/strong> Cabernet Sauvignon 75 cl<br \/>\n1 Cu\u00f1a Queso de Oveja Curado con Trufa Brebis d&#8217;Or <strong>EL PASTOR<\/strong> 150 g<br \/>\n1 Bolsa Picos R\u00fasticos Gourmet <strong>OBANDO<\/strong> 130 g<br \/>\n1 Tarro Cristal Habitas Baby Fritas Aceite Oliva Virgen <strong>BAIGORRI<\/strong> 250 ml<br \/>\n1 Tarro Cristal Esp\u00e1rrago Blanco Extra 9\/12 D.O Navarra J.<strong>VELA<\/strong> 370 ml 220 g PE<br \/>\n1 Maleta Turques <strong>XM<\/strong>. 34*25*11<\/p>\n","protected":false},"excerpt":{"rendered":"<p>1 Malet\u00edn Embutidos Ib\u00e9ricos Surtidos 6 u Jam\u00f3n Ib\u00e9rico + 4 u Chorizo Ib\u00e9rico + 4 Salchich\u00f3n Ib\u00e9rico +2 Lomo Ib\u00e9rico cebo EMERITVS 1 Botella&#8230;<\/p>\n","protected":false},"featured_media":39973,"comment_status":"closed","ping_status":"closed","template":"","meta":{"om_disable_all_campaigns":false,"_joinchat":[]},"product_brand":[],"product_cat":[662,611],"product_tag":[],"class_list":{"0":"post-42718","1":"product","2":"type-product","3":"status-publish","4":"has-post-thumbnail","6":"product_cat-embutidos","7":"product_cat-seccion-gourmet","9":"first","10":"outofstock","11":"purchasable","12":"product-type-simple"},"acf":[],"etheme_brands":{"errors":{"invalid_taxonomy":["Taxonom\u00eda no v\u00e1lida."]},"error_data":[]},"yoast_head":"<!-- This site is optimized with the Yoast SEO plugin v27.3 - https:\/\/yoast.com\/product\/yoast-seo-wordpress\/ -->\n<title>SELECCION EMBUTIDO SE-8 - Llobet Regals<\/title>\n<meta name=\"robots\" content=\"index, follow, max-snippet:-1, max-image-preview:large, max-video-preview:-1\" \/>\n<link rel=\"canonical\" href=\"https:\/\/www.llobetregals.com\/es\/producto\/seleccion-embutido-se-8\/\" \/>\n<meta property=\"og:locale\" content=\"es_ES\" \/>\n<meta property=\"og:type\" content=\"article\" \/>\n<meta property=\"og:title\" content=\"SELECCION EMBUTIDO SE-8 - Llobet Regals\" \/>\n<meta property=\"og:description\" content=\"1 Malet\u00edn Embutidos Ib\u00e9ricos Surtidos 6 u Jam\u00f3n Ib\u00e9rico + 4 u Chorizo Ib\u00e9rico + 4 Salchich\u00f3n Ib\u00e9rico +2 Lomo Ib\u00e9rico cebo EMERITVS 1 Botella...\" \/>\n<meta property=\"og:url\" content=\"https:\/\/www.llobetregals.com\/es\/producto\/seleccion-embutido-se-8\/\" \/>\n<meta property=\"og:site_name\" content=\"Llobet Regals\" \/>\n<meta property=\"article:modified_time\" content=\"2025-11-24T17:11:54+00:00\" \/>\n<meta property=\"og:image\" content=\"https:\/\/www.llobetregals.com\/wp-content\/uploads\/2025\/09\/798338-scaled.jpg\" \/>\n\t<meta property=\"og:image:width\" content=\"2560\" \/>\n\t<meta property=\"og:image:height\" content=\"2560\" \/>\n\t<meta property=\"og:image:type\" content=\"image\/jpeg\" \/>\n<meta name=\"twitter:card\" content=\"summary_large_image\" \/>\n<script type=\"application\/ld+json\" class=\"yoast-schema-graph\">{\"@context\":\"https:\\\/\\\/schema.org\",\"@graph\":[{\"@type\":\"WebPage\",\"@id\":\"https:\\\/\\\/www.llobetregals.com\\\/es\\\/producto\\\/seleccion-embutido-se-8\\\/\",\"url\":\"https:\\\/\\\/www.llobetregals.com\\\/es\\\/producto\\\/seleccion-embutido-se-8\\\/\",\"name\":\"SELECCION EMBUTIDO SE-8 - Llobet Regals\",\"isPartOf\":{\"@id\":\"https:\\\/\\\/www.llobetregals.com\\\/#website\"},\"primaryImageOfPage\":{\"@id\":\"https:\\\/\\\/www.llobetregals.com\\\/es\\\/producto\\\/seleccion-embutido-se-8\\\/#primaryimage\"},\"image\":{\"@id\":\"https:\\\/\\\/www.llobetregals.com\\\/es\\\/producto\\\/seleccion-embutido-se-8\\\/#primaryimage\"},\"thumbnailUrl\":\"https:\\\/\\\/www.llobetregals.com\\\/wp-content\\\/uploads\\\/2025\\\/09\\\/798338-scaled.jpg\",\"datePublished\":\"2025-09-09T14:19:57+00:00\",\"dateModified\":\"2025-11-24T17:11:54+00:00\",\"breadcrumb\":{\"@id\":\"https:\\\/\\\/www.llobetregals.com\\\/es\\\/producto\\\/seleccion-embutido-se-8\\\/#breadcrumb\"},\"inLanguage\":\"es\",\"potentialAction\":[{\"@type\":\"ReadAction\",\"target\":[\"https:\\\/\\\/www.llobetregals.com\\\/es\\\/producto\\\/seleccion-embutido-se-8\\\/\"]}]},{\"@type\":\"ImageObject\",\"inLanguage\":\"es\",\"@id\":\"https:\\\/\\\/www.llobetregals.com\\\/es\\\/producto\\\/seleccion-embutido-se-8\\\/#primaryimage\",\"url\":\"https:\\\/\\\/www.llobetregals.com\\\/wp-content\\\/uploads\\\/2025\\\/09\\\/798338-scaled.jpg\",\"contentUrl\":\"https:\\\/\\\/www.llobetregals.com\\\/wp-content\\\/uploads\\\/2025\\\/09\\\/798338-scaled.jpg\",\"width\":2560,\"height\":2560},{\"@type\":\"BreadcrumbList\",\"@id\":\"https:\\\/\\\/www.llobetregals.com\\\/es\\\/producto\\\/seleccion-embutido-se-8\\\/#breadcrumb\",\"itemListElement\":[{\"@type\":\"ListItem\",\"position\":1,\"name\":\"Inici\",\"item\":\"https:\\\/\\\/www.llobetregals.com\\\/es\\\/\"},{\"@type\":\"ListItem\",\"position\":2,\"name\":\"Regalos\",\"item\":\"https:\\\/\\\/www.llobetregals.com\\\/es\\\/regalos\\\/\"},{\"@type\":\"ListItem\",\"position\":3,\"name\":\"SELECCION EMBUTIDO SE-8\"}]},{\"@type\":\"WebSite\",\"@id\":\"https:\\\/\\\/www.llobetregals.com\\\/#website\",\"url\":\"https:\\\/\\\/www.llobetregals.com\\\/\",\"name\":\"Llobet Regals\",\"description\":\"Fem Lots Nadal des de fa m\u00e9s de 50 anys.\",\"potentialAction\":[{\"@type\":\"SearchAction\",\"target\":{\"@type\":\"EntryPoint\",\"urlTemplate\":\"https:\\\/\\\/www.llobetregals.com\\\/?s={search_term_string}\"},\"query-input\":{\"@type\":\"PropertyValueSpecification\",\"valueRequired\":true,\"valueName\":\"search_term_string\"}}],\"inLanguage\":\"es\"}]}<\/script>\n<!-- \/ Yoast SEO plugin. -->","yoast_head_json":{"title":"SELECCION EMBUTIDO SE-8 - Llobet Regals","robots":{"index":"index","follow":"follow","max-snippet":"max-snippet:-1","max-image-preview":"max-image-preview:large","max-video-preview":"max-video-preview:-1"},"canonical":"https:\/\/www.llobetregals.com\/es\/producto\/seleccion-embutido-se-8\/","og_locale":"es_ES","og_type":"article","og_title":"SELECCION EMBUTIDO SE-8 - Llobet Regals","og_description":"1 Malet\u00edn Embutidos Ib\u00e9ricos Surtidos 6 u Jam\u00f3n Ib\u00e9rico + 4 u Chorizo Ib\u00e9rico + 4 Salchich\u00f3n Ib\u00e9rico +2 Lomo Ib\u00e9rico cebo EMERITVS 1 Botella...","og_url":"https:\/\/www.llobetregals.com\/es\/producto\/seleccion-embutido-se-8\/","og_site_name":"Llobet Regals","article_modified_time":"2025-11-24T17:11:54+00:00","og_image":[{"width":2560,"height":2560,"url":"https:\/\/www.llobetregals.com\/wp-content\/uploads\/2025\/09\/798338-scaled.jpg","type":"image\/jpeg"}],"twitter_card":"summary_large_image","schema":{"@context":"https:\/\/schema.org","@graph":[{"@type":"WebPage","@id":"https:\/\/www.llobetregals.com\/es\/producto\/seleccion-embutido-se-8\/","url":"https:\/\/www.llobetregals.com\/es\/producto\/seleccion-embutido-se-8\/","name":"SELECCION EMBUTIDO SE-8 - Llobet Regals","isPartOf":{"@id":"https:\/\/www.llobetregals.com\/#website"},"primaryImageOfPage":{"@id":"https:\/\/www.llobetregals.com\/es\/producto\/seleccion-embutido-se-8\/#primaryimage"},"image":{"@id":"https:\/\/www.llobetregals.com\/es\/producto\/seleccion-embutido-se-8\/#primaryimage"},"thumbnailUrl":"https:\/\/www.llobetregals.com\/wp-content\/uploads\/2025\/09\/798338-scaled.jpg","datePublished":"2025-09-09T14:19:57+00:00","dateModified":"2025-11-24T17:11:54+00:00","breadcrumb":{"@id":"https:\/\/www.llobetregals.com\/es\/producto\/seleccion-embutido-se-8\/#breadcrumb"},"inLanguage":"es","potentialAction":[{"@type":"ReadAction","target":["https:\/\/www.llobetregals.com\/es\/producto\/seleccion-embutido-se-8\/"]}]},{"@type":"ImageObject","inLanguage":"es","@id":"https:\/\/www.llobetregals.com\/es\/producto\/seleccion-embutido-se-8\/#primaryimage","url":"https:\/\/www.llobetregals.com\/wp-content\/uploads\/2025\/09\/798338-scaled.jpg","contentUrl":"https:\/\/www.llobetregals.com\/wp-content\/uploads\/2025\/09\/798338-scaled.jpg","width":2560,"height":2560},{"@type":"BreadcrumbList","@id":"https:\/\/www.llobetregals.com\/es\/producto\/seleccion-embutido-se-8\/#breadcrumb","itemListElement":[{"@type":"ListItem","position":1,"name":"Inici","item":"https:\/\/www.llobetregals.com\/es\/"},{"@type":"ListItem","position":2,"name":"Regalos","item":"https:\/\/www.llobetregals.com\/es\/regalos\/"},{"@type":"ListItem","position":3,"name":"SELECCION EMBUTIDO SE-8"}]},{"@type":"WebSite","@id":"https:\/\/www.llobetregals.com\/#website","url":"https:\/\/www.llobetregals.com\/","name":"Llobet Regals","description":"Fem Lots Nadal des de fa m\u00e9s de 50 anys.","potentialAction":[{"@type":"SearchAction","target":{"@type":"EntryPoint","urlTemplate":"https:\/\/www.llobetregals.com\/?s={search_term_string}"},"query-input":{"@type":"PropertyValueSpecification","valueRequired":true,"valueName":"search_term_string"}}],"inLanguage":"es"}]}},"_links":{"self":[{"href":"https:\/\/www.llobetregals.com\/es\/wp-json\/wp\/v2\/product\/42718","targetHints":{"allow":["GET"]}}],"collection":[{"href":"https:\/\/www.llobetregals.com\/es\/wp-json\/wp\/v2\/product"}],"about":[{"href":"https:\/\/www.llobetregals.com\/es\/wp-json\/wp\/v2\/types\/product"}],"replies":[{"embeddable":true,"href":"https:\/\/www.llobetregals.com\/es\/wp-json\/wp\/v2\/comments?post=42718"}],"wp:featuredmedia":[{"embeddable":true,"href":"https:\/\/www.llobetregals.com\/es\/wp-json\/wp\/v2\/media\/39973"}],"wp:attachment":[{"href":"https:\/\/www.llobetregals.com\/es\/wp-json\/wp\/v2\/media?parent=42718"}],"wp:term":[{"taxonomy":"product_brand","embeddable":true,"href":"https:\/\/www.llobetregals.com\/es\/wp-json\/wp\/v2\/product_brand?post=42718"},{"taxonomy":"product_cat","embeddable":true,"href":"https:\/\/www.llobetregals.com\/es\/wp-json\/wp\/v2\/product_cat?post=42718"},{"taxonomy":"product_tag","embeddable":true,"href":"https:\/\/www.llobetregals.com\/es\/wp-json\/wp\/v2\/product_tag?post=42718"}],"curies":[{"name":"wp","href":"https:\/\/api.w.org\/{rel}","templated":true}]}}