{"id":42714,"date":"2025-09-09T16:19:57","date_gmt":"2025-09-09T14:19:57","guid":{"rendered":"https:\/\/www.llobetregals.com\/producte\/seleccion-embutido-se-4\/"},"modified":"2025-12-22T17:00:09","modified_gmt":"2025-12-22T16:00:09","slug":"seleccion-embutido-se-4","status":"publish","type":"product","link":"https:\/\/www.llobetregals.com\/es\/producto\/seleccion-embutido-se-4\/","title":{"rendered":"SELECCI\u00d3N EMBUTIDO SE-4"},"content":{"rendered":"<p>1 Jam\u00f3n Ib\u00e9rico de Cebo 50% Raza Ib\u00e9rica de Guijuelo <strong>EMERITVS<\/strong> 7 &#8211; 7,5 kg aprox<br \/>\n2 Botella Vino Tinto D.O. Pla de Bages <strong>ABADAL MAT\u00cdS<\/strong> Crianza 75 cl<br \/>\n1 Pieza Longaniza Extra <strong>ALVEN<\/strong> 250 g<br \/>\n1 Pieza Fuet Extra <strong>ALVEN<\/strong> 175 g<br \/>\n1 Pieza Chorizo Ib\u00e9rico Cebo Cular <strong>EMERITVS<\/strong> 250 g<br \/>\n1 Pieza Queso Mezcla Semi Curado <strong>QUESOS EL PASTOR<\/strong> 550 g<br \/>\n1 Caja Cart\u00f3n Jamonera Lazos<\/p>\n","protected":false},"excerpt":{"rendered":"<p>1 Jam\u00f3n Ib\u00e9rico de Cebo 50% Raza Ib\u00e9rica de Guijuelo EMERITVS 7 &#8211; 7,5 kg aprox 2 Botella Vino Tinto D.O. Pla de Bages ABADAL&#8230;<\/p>\n","protected":false},"featured_media":39961,"comment_status":"closed","ping_status":"closed","template":"","meta":{"om_disable_all_campaigns":false,"_joinchat":[]},"product_brand":[],"product_cat":[662,611],"product_tag":[400],"class_list":{"0":"post-42714","1":"product","2":"type-product","3":"status-publish","4":"has-post-thumbnail","6":"product_cat-embutidos","7":"product_cat-seccion-gourmet","8":"product_tag-con-jamon","10":"first","11":"outofstock","12":"purchasable","13":"product-type-simple"},"acf":[],"etheme_brands":{"errors":{"invalid_taxonomy":["Taxonom\u00eda no v\u00e1lida."]},"error_data":[]},"yoast_head":"<!-- This site is optimized with the Yoast SEO plugin v27.3 - https:\/\/yoast.com\/product\/yoast-seo-wordpress\/ -->\n<title>SELECCI\u00d3N EMBUTIDO SE-4 - Llobet Regals<\/title>\n<meta name=\"robots\" content=\"index, follow, max-snippet:-1, max-image-preview:large, max-video-preview:-1\" \/>\n<link rel=\"canonical\" href=\"https:\/\/www.llobetregals.com\/es\/producto\/seleccion-embutido-se-4\/\" \/>\n<meta property=\"og:locale\" content=\"es_ES\" \/>\n<meta property=\"og:type\" content=\"article\" \/>\n<meta property=\"og:title\" content=\"SELECCI\u00d3N EMBUTIDO SE-4 - Llobet Regals\" \/>\n<meta property=\"og:description\" content=\"1 Jam\u00f3n Ib\u00e9rico de Cebo 50% Raza Ib\u00e9rica de Guijuelo EMERITVS 7 &#8211; 7,5 kg aprox 2 Botella Vino Tinto D.O. Pla de Bages ABADAL...\" \/>\n<meta property=\"og:url\" content=\"https:\/\/www.llobetregals.com\/es\/producto\/seleccion-embutido-se-4\/\" \/>\n<meta property=\"og:site_name\" content=\"Llobet Regals\" \/>\n<meta property=\"article:modified_time\" content=\"2025-12-22T16:00:09+00:00\" \/>\n<meta property=\"og:image\" content=\"https:\/\/www.llobetregals.com\/wp-content\/uploads\/2025\/09\/798334-scaled.jpg\" \/>\n\t<meta property=\"og:image:width\" content=\"2560\" \/>\n\t<meta property=\"og:image:height\" content=\"2560\" \/>\n\t<meta property=\"og:image:type\" content=\"image\/jpeg\" \/>\n<meta name=\"twitter:card\" content=\"summary_large_image\" \/>\n<script type=\"application\/ld+json\" class=\"yoast-schema-graph\">{\"@context\":\"https:\\\/\\\/schema.org\",\"@graph\":[{\"@type\":\"WebPage\",\"@id\":\"https:\\\/\\\/www.llobetregals.com\\\/es\\\/producto\\\/seleccion-embutido-se-4\\\/\",\"url\":\"https:\\\/\\\/www.llobetregals.com\\\/es\\\/producto\\\/seleccion-embutido-se-4\\\/\",\"name\":\"SELECCI\u00d3N EMBUTIDO SE-4 - Llobet Regals\",\"isPartOf\":{\"@id\":\"https:\\\/\\\/www.llobetregals.com\\\/#website\"},\"primaryImageOfPage\":{\"@id\":\"https:\\\/\\\/www.llobetregals.com\\\/es\\\/producto\\\/seleccion-embutido-se-4\\\/#primaryimage\"},\"image\":{\"@id\":\"https:\\\/\\\/www.llobetregals.com\\\/es\\\/producto\\\/seleccion-embutido-se-4\\\/#primaryimage\"},\"thumbnailUrl\":\"https:\\\/\\\/www.llobetregals.com\\\/wp-content\\\/uploads\\\/2025\\\/09\\\/798334-scaled.jpg\",\"datePublished\":\"2025-09-09T14:19:57+00:00\",\"dateModified\":\"2025-12-22T16:00:09+00:00\",\"breadcrumb\":{\"@id\":\"https:\\\/\\\/www.llobetregals.com\\\/es\\\/producto\\\/seleccion-embutido-se-4\\\/#breadcrumb\"},\"inLanguage\":\"es\",\"potentialAction\":[{\"@type\":\"ReadAction\",\"target\":[\"https:\\\/\\\/www.llobetregals.com\\\/es\\\/producto\\\/seleccion-embutido-se-4\\\/\"]}]},{\"@type\":\"ImageObject\",\"inLanguage\":\"es\",\"@id\":\"https:\\\/\\\/www.llobetregals.com\\\/es\\\/producto\\\/seleccion-embutido-se-4\\\/#primaryimage\",\"url\":\"https:\\\/\\\/www.llobetregals.com\\\/wp-content\\\/uploads\\\/2025\\\/09\\\/798334-scaled.jpg\",\"contentUrl\":\"https:\\\/\\\/www.llobetregals.com\\\/wp-content\\\/uploads\\\/2025\\\/09\\\/798334-scaled.jpg\",\"width\":2560,\"height\":2560},{\"@type\":\"BreadcrumbList\",\"@id\":\"https:\\\/\\\/www.llobetregals.com\\\/es\\\/producto\\\/seleccion-embutido-se-4\\\/#breadcrumb\",\"itemListElement\":[{\"@type\":\"ListItem\",\"position\":1,\"name\":\"Inici\",\"item\":\"https:\\\/\\\/www.llobetregals.com\\\/es\\\/\"},{\"@type\":\"ListItem\",\"position\":2,\"name\":\"Regalos\",\"item\":\"https:\\\/\\\/www.llobetregals.com\\\/es\\\/regalos\\\/\"},{\"@type\":\"ListItem\",\"position\":3,\"name\":\"SELECCI\u00d3N EMBUTIDO SE-4\"}]},{\"@type\":\"WebSite\",\"@id\":\"https:\\\/\\\/www.llobetregals.com\\\/#website\",\"url\":\"https:\\\/\\\/www.llobetregals.com\\\/\",\"name\":\"Llobet Regals\",\"description\":\"Fem Lots Nadal des de fa m\u00e9s de 50 anys.\",\"potentialAction\":[{\"@type\":\"SearchAction\",\"target\":{\"@type\":\"EntryPoint\",\"urlTemplate\":\"https:\\\/\\\/www.llobetregals.com\\\/?s={search_term_string}\"},\"query-input\":{\"@type\":\"PropertyValueSpecification\",\"valueRequired\":true,\"valueName\":\"search_term_string\"}}],\"inLanguage\":\"es\"}]}<\/script>\n<!-- \/ Yoast SEO plugin. -->","yoast_head_json":{"title":"SELECCI\u00d3N EMBUTIDO SE-4 - Llobet Regals","robots":{"index":"index","follow":"follow","max-snippet":"max-snippet:-1","max-image-preview":"max-image-preview:large","max-video-preview":"max-video-preview:-1"},"canonical":"https:\/\/www.llobetregals.com\/es\/producto\/seleccion-embutido-se-4\/","og_locale":"es_ES","og_type":"article","og_title":"SELECCI\u00d3N EMBUTIDO SE-4 - Llobet Regals","og_description":"1 Jam\u00f3n Ib\u00e9rico de Cebo 50% Raza Ib\u00e9rica de Guijuelo EMERITVS 7 &#8211; 7,5 kg aprox 2 Botella Vino Tinto D.O. Pla de Bages ABADAL...","og_url":"https:\/\/www.llobetregals.com\/es\/producto\/seleccion-embutido-se-4\/","og_site_name":"Llobet Regals","article_modified_time":"2025-12-22T16:00:09+00:00","og_image":[{"width":2560,"height":2560,"url":"https:\/\/www.llobetregals.com\/wp-content\/uploads\/2025\/09\/798334-scaled.jpg","type":"image\/jpeg"}],"twitter_card":"summary_large_image","schema":{"@context":"https:\/\/schema.org","@graph":[{"@type":"WebPage","@id":"https:\/\/www.llobetregals.com\/es\/producto\/seleccion-embutido-se-4\/","url":"https:\/\/www.llobetregals.com\/es\/producto\/seleccion-embutido-se-4\/","name":"SELECCI\u00d3N EMBUTIDO SE-4 - Llobet Regals","isPartOf":{"@id":"https:\/\/www.llobetregals.com\/#website"},"primaryImageOfPage":{"@id":"https:\/\/www.llobetregals.com\/es\/producto\/seleccion-embutido-se-4\/#primaryimage"},"image":{"@id":"https:\/\/www.llobetregals.com\/es\/producto\/seleccion-embutido-se-4\/#primaryimage"},"thumbnailUrl":"https:\/\/www.llobetregals.com\/wp-content\/uploads\/2025\/09\/798334-scaled.jpg","datePublished":"2025-09-09T14:19:57+00:00","dateModified":"2025-12-22T16:00:09+00:00","breadcrumb":{"@id":"https:\/\/www.llobetregals.com\/es\/producto\/seleccion-embutido-se-4\/#breadcrumb"},"inLanguage":"es","potentialAction":[{"@type":"ReadAction","target":["https:\/\/www.llobetregals.com\/es\/producto\/seleccion-embutido-se-4\/"]}]},{"@type":"ImageObject","inLanguage":"es","@id":"https:\/\/www.llobetregals.com\/es\/producto\/seleccion-embutido-se-4\/#primaryimage","url":"https:\/\/www.llobetregals.com\/wp-content\/uploads\/2025\/09\/798334-scaled.jpg","contentUrl":"https:\/\/www.llobetregals.com\/wp-content\/uploads\/2025\/09\/798334-scaled.jpg","width":2560,"height":2560},{"@type":"BreadcrumbList","@id":"https:\/\/www.llobetregals.com\/es\/producto\/seleccion-embutido-se-4\/#breadcrumb","itemListElement":[{"@type":"ListItem","position":1,"name":"Inici","item":"https:\/\/www.llobetregals.com\/es\/"},{"@type":"ListItem","position":2,"name":"Regalos","item":"https:\/\/www.llobetregals.com\/es\/regalos\/"},{"@type":"ListItem","position":3,"name":"SELECCI\u00d3N EMBUTIDO SE-4"}]},{"@type":"WebSite","@id":"https:\/\/www.llobetregals.com\/#website","url":"https:\/\/www.llobetregals.com\/","name":"Llobet Regals","description":"Fem Lots Nadal des de fa m\u00e9s de 50 anys.","potentialAction":[{"@type":"SearchAction","target":{"@type":"EntryPoint","urlTemplate":"https:\/\/www.llobetregals.com\/?s={search_term_string}"},"query-input":{"@type":"PropertyValueSpecification","valueRequired":true,"valueName":"search_term_string"}}],"inLanguage":"es"}]}},"_links":{"self":[{"href":"https:\/\/www.llobetregals.com\/es\/wp-json\/wp\/v2\/product\/42714","targetHints":{"allow":["GET"]}}],"collection":[{"href":"https:\/\/www.llobetregals.com\/es\/wp-json\/wp\/v2\/product"}],"about":[{"href":"https:\/\/www.llobetregals.com\/es\/wp-json\/wp\/v2\/types\/product"}],"replies":[{"embeddable":true,"href":"https:\/\/www.llobetregals.com\/es\/wp-json\/wp\/v2\/comments?post=42714"}],"wp:featuredmedia":[{"embeddable":true,"href":"https:\/\/www.llobetregals.com\/es\/wp-json\/wp\/v2\/media\/39961"}],"wp:attachment":[{"href":"https:\/\/www.llobetregals.com\/es\/wp-json\/wp\/v2\/media?parent=42714"}],"wp:term":[{"taxonomy":"product_brand","embeddable":true,"href":"https:\/\/www.llobetregals.com\/es\/wp-json\/wp\/v2\/product_brand?post=42714"},{"taxonomy":"product_cat","embeddable":true,"href":"https:\/\/www.llobetregals.com\/es\/wp-json\/wp\/v2\/product_cat?post=42714"},{"taxonomy":"product_tag","embeddable":true,"href":"https:\/\/www.llobetregals.com\/es\/wp-json\/wp\/v2\/product_tag?post=42714"}],"curies":[{"name":"wp","href":"https:\/\/api.w.org\/{rel}","templated":true}]}}