{"id":42708,"date":"2025-09-09T16:19:57","date_gmt":"2025-09-09T14:19:57","guid":{"rendered":"https:\/\/www.llobetregals.com\/producte\/lote-de-navidad-premium-lp-3\/"},"modified":"2025-12-09T16:58:51","modified_gmt":"2025-12-09T15:58:51","slug":"lote-de-navidad-premium-lp-3","status":"publish","type":"product","link":"https:\/\/www.llobetregals.com\/es\/producto\/lote-de-navidad-premium-lp-3\/","title":{"rendered":"LOTE DE NAVIDAD PREMIUM LP-3"},"content":{"rendered":"<p>2 Botellas Cava Brut <strong>RESERVA REAL FREIXENET<\/strong> Cuv\u00e9e de Prestige 75 cl<br \/>\n1 Botella Vino Tinto D.O. Montsant <strong>EL SENAT DEL MONTSANT<\/strong> 75 cl<br \/>\n1 Botella Vino Tinto D.O. Pened\u00e9s <strong>GRAN CORONAS<\/strong> Reserva <strong>TORRES<\/strong> Ecol\u00f3gico 75 cl<br \/>\n1 Botella Vino Blanco D.O.Pened\u00e9s <strong>B.R.O.T.<\/strong> <strong>INICIAL<\/strong> Ecol\u00f3gico-Biodin\u00e1mico DEMETER 75 cl<br \/>\n1 Estuche 4 Barras Turr\u00f3n <strong>REBOST DEL GOURMET<\/strong> Cal.Suprema 340 g (Alicante 70 g, Jijona 70 g, Yema 100g y Chocolate con Leche y Almendras 100 g)<br \/>\n1 Estuche Galletas Surtidas <strong>EXCELLENCE<\/strong> <strong>9<\/strong> de <strong>TRIAS<\/strong> 300 g<br \/>\n1 Estuche Barquillo Fino Chocolate Tradici\u00f3n <strong>NEBULA<\/strong> 10 unidades 65 g<br \/>\n1 Tableta Chocolate 70 % Cacao con Frambuesa y A\u00e7a\u00ed Origen Congo Ecol\u00f3gica <strong>BLANXART<\/strong> 75 g<br \/>\n1 Estuche Miel Premium <strong>ALEMANY &amp; CA L&#8217;ARPELLOT<\/strong> (Romero y Lim\u00f3n Vitamina C) 2 x 50 g<br \/>\n1 Estuche Bombones Pralin\u00e9s Collection <strong>ANTIU XIXONA<\/strong> 200 g<br \/>\n1 Bolsa Almendras Marcona Recubiertas con Pralin\u00e9 Blanco y Envoltura de Cacao en Polvo The Original \u00abCat\u00e1nies\u00bb <strong>CUDI\u00c9<\/strong> 60 g<br \/>\n1 Botella Aceite Oliva Virgen Extra Arbequina D.O.Siurana <strong>NOS<\/strong> 25 cl<br \/>\n1 Tarro Risotto de Boletus Silvestres <strong>NOIR ET BLANC<\/strong> 200 g<br \/>\n1 Estuche Doy pack Pipa de Girasol Caramelizada <strong>DELIRIUM TORRA<\/strong> 125 g<br \/>\n1 Caja Cart\u00f3n Lote R\/6 Lazos<\/p>\n","protected":false},"excerpt":{"rendered":"<p>2 Botellas Cava Brut RESERVA REAL FREIXENET Cuv\u00e9e de Prestige 75 cl 1 Botella Vino Tinto D.O. Montsant EL SENAT DEL MONTSANT 75 cl 1&#8230;<\/p>\n","protected":false},"featured_media":39943,"comment_status":"closed","ping_status":"closed","template":"","meta":{"om_disable_all_campaigns":false,"_joinchat":[]},"product_brand":[],"product_cat":[616,661],"product_tag":[],"class_list":{"0":"post-42708","1":"product","2":"type-product","3":"status-publish","4":"has-post-thumbnail","6":"product_cat-detalles-navidenos","7":"product_cat-lotes-premium","9":"first","10":"outofstock","11":"purchasable","12":"product-type-simple"},"acf":[],"etheme_brands":{"errors":{"invalid_taxonomy":["Taxonom\u00eda no v\u00e1lida."]},"error_data":[]},"yoast_head":"<!-- This site is optimized with the Yoast SEO plugin v27.3 - https:\/\/yoast.com\/product\/yoast-seo-wordpress\/ -->\n<title>LOTE DE NAVIDAD PREMIUM LP-3 - Llobet Regals<\/title>\n<meta name=\"description\" content=\"Lote de Navidad gourmet con vinos, cava y dulces selectos. El regalo ideal para compartir en familia. \ud83c\udf77 \u00a1C\u00f3mpralo y celebra con estilo!\" \/>\n<meta name=\"robots\" content=\"index, follow, max-snippet:-1, max-image-preview:large, max-video-preview:-1\" \/>\n<link rel=\"canonical\" href=\"https:\/\/www.llobetregals.com\/es\/producto\/lote-de-navidad-premium-lp-3\/\" \/>\n<meta property=\"og:locale\" content=\"es_ES\" \/>\n<meta property=\"og:type\" content=\"article\" \/>\n<meta property=\"og:title\" content=\"LOTE DE NAVIDAD PREMIUM LP-3 - Llobet Regals\" \/>\n<meta property=\"og:description\" content=\"Lote de Navidad gourmet con vinos, cava y dulces selectos. El regalo ideal para compartir en familia. \ud83c\udf77 \u00a1C\u00f3mpralo y celebra con estilo!\" \/>\n<meta property=\"og:url\" content=\"https:\/\/www.llobetregals.com\/es\/producto\/lote-de-navidad-premium-lp-3\/\" \/>\n<meta property=\"og:site_name\" content=\"Llobet Regals\" \/>\n<meta property=\"article:modified_time\" content=\"2025-12-09T15:58:51+00:00\" \/>\n<meta property=\"og:image\" content=\"https:\/\/www.llobetregals.com\/wp-content\/uploads\/2025\/09\/798328-scaled.jpg\" \/>\n\t<meta property=\"og:image:width\" content=\"2560\" \/>\n\t<meta property=\"og:image:height\" content=\"2560\" \/>\n\t<meta property=\"og:image:type\" content=\"image\/jpeg\" \/>\n<meta name=\"twitter:card\" content=\"summary_large_image\" \/>\n<meta name=\"twitter:label1\" content=\"Tiempo de lectura\" \/>\n\t<meta name=\"twitter:data1\" content=\"1 minuto\" \/>\n<script type=\"application\/ld+json\" class=\"yoast-schema-graph\">{\"@context\":\"https:\\\/\\\/schema.org\",\"@graph\":[{\"@type\":\"WebPage\",\"@id\":\"https:\\\/\\\/www.llobetregals.com\\\/es\\\/producto\\\/lote-de-navidad-premium-lp-3\\\/\",\"url\":\"https:\\\/\\\/www.llobetregals.com\\\/es\\\/producto\\\/lote-de-navidad-premium-lp-3\\\/\",\"name\":\"LOTE DE NAVIDAD PREMIUM LP-3 - Llobet Regals\",\"isPartOf\":{\"@id\":\"https:\\\/\\\/www.llobetregals.com\\\/#website\"},\"primaryImageOfPage\":{\"@id\":\"https:\\\/\\\/www.llobetregals.com\\\/es\\\/producto\\\/lote-de-navidad-premium-lp-3\\\/#primaryimage\"},\"image\":{\"@id\":\"https:\\\/\\\/www.llobetregals.com\\\/es\\\/producto\\\/lote-de-navidad-premium-lp-3\\\/#primaryimage\"},\"thumbnailUrl\":\"https:\\\/\\\/www.llobetregals.com\\\/wp-content\\\/uploads\\\/2025\\\/09\\\/798328-scaled.jpg\",\"datePublished\":\"2025-09-09T14:19:57+00:00\",\"dateModified\":\"2025-12-09T15:58:51+00:00\",\"description\":\"Lote de Navidad gourmet con vinos, cava y dulces selectos. El regalo ideal para compartir en familia. \ud83c\udf77 \u00a1C\u00f3mpralo y celebra con estilo!\",\"breadcrumb\":{\"@id\":\"https:\\\/\\\/www.llobetregals.com\\\/es\\\/producto\\\/lote-de-navidad-premium-lp-3\\\/#breadcrumb\"},\"inLanguage\":\"es\",\"potentialAction\":[{\"@type\":\"ReadAction\",\"target\":[\"https:\\\/\\\/www.llobetregals.com\\\/es\\\/producto\\\/lote-de-navidad-premium-lp-3\\\/\"]}]},{\"@type\":\"ImageObject\",\"inLanguage\":\"es\",\"@id\":\"https:\\\/\\\/www.llobetregals.com\\\/es\\\/producto\\\/lote-de-navidad-premium-lp-3\\\/#primaryimage\",\"url\":\"https:\\\/\\\/www.llobetregals.com\\\/wp-content\\\/uploads\\\/2025\\\/09\\\/798328-scaled.jpg\",\"contentUrl\":\"https:\\\/\\\/www.llobetregals.com\\\/wp-content\\\/uploads\\\/2025\\\/09\\\/798328-scaled.jpg\",\"width\":2560,\"height\":2560},{\"@type\":\"BreadcrumbList\",\"@id\":\"https:\\\/\\\/www.llobetregals.com\\\/es\\\/producto\\\/lote-de-navidad-premium-lp-3\\\/#breadcrumb\",\"itemListElement\":[{\"@type\":\"ListItem\",\"position\":1,\"name\":\"Inici\",\"item\":\"https:\\\/\\\/www.llobetregals.com\\\/es\\\/\"},{\"@type\":\"ListItem\",\"position\":2,\"name\":\"Regalos\",\"item\":\"https:\\\/\\\/www.llobetregals.com\\\/es\\\/regalos\\\/\"},{\"@type\":\"ListItem\",\"position\":3,\"name\":\"LOTE DE NAVIDAD PREMIUM LP-3\"}]},{\"@type\":\"WebSite\",\"@id\":\"https:\\\/\\\/www.llobetregals.com\\\/#website\",\"url\":\"https:\\\/\\\/www.llobetregals.com\\\/\",\"name\":\"Llobet Regals\",\"description\":\"Fem Lots Nadal des de fa m\u00e9s de 50 anys.\",\"potentialAction\":[{\"@type\":\"SearchAction\",\"target\":{\"@type\":\"EntryPoint\",\"urlTemplate\":\"https:\\\/\\\/www.llobetregals.com\\\/?s={search_term_string}\"},\"query-input\":{\"@type\":\"PropertyValueSpecification\",\"valueRequired\":true,\"valueName\":\"search_term_string\"}}],\"inLanguage\":\"es\"}]}<\/script>\n<!-- \/ Yoast SEO plugin. -->","yoast_head_json":{"title":"LOTE DE NAVIDAD PREMIUM LP-3 - Llobet Regals","description":"Lote de Navidad gourmet con vinos, cava y dulces selectos. El regalo ideal para compartir en familia. \ud83c\udf77 \u00a1C\u00f3mpralo y celebra con estilo!","robots":{"index":"index","follow":"follow","max-snippet":"max-snippet:-1","max-image-preview":"max-image-preview:large","max-video-preview":"max-video-preview:-1"},"canonical":"https:\/\/www.llobetregals.com\/es\/producto\/lote-de-navidad-premium-lp-3\/","og_locale":"es_ES","og_type":"article","og_title":"LOTE DE NAVIDAD PREMIUM LP-3 - Llobet Regals","og_description":"Lote de Navidad gourmet con vinos, cava y dulces selectos. El regalo ideal para compartir en familia. \ud83c\udf77 \u00a1C\u00f3mpralo y celebra con estilo!","og_url":"https:\/\/www.llobetregals.com\/es\/producto\/lote-de-navidad-premium-lp-3\/","og_site_name":"Llobet Regals","article_modified_time":"2025-12-09T15:58:51+00:00","og_image":[{"width":2560,"height":2560,"url":"https:\/\/www.llobetregals.com\/wp-content\/uploads\/2025\/09\/798328-scaled.jpg","type":"image\/jpeg"}],"twitter_card":"summary_large_image","twitter_misc":{"Tiempo de lectura":"1 minuto"},"schema":{"@context":"https:\/\/schema.org","@graph":[{"@type":"WebPage","@id":"https:\/\/www.llobetregals.com\/es\/producto\/lote-de-navidad-premium-lp-3\/","url":"https:\/\/www.llobetregals.com\/es\/producto\/lote-de-navidad-premium-lp-3\/","name":"LOTE DE NAVIDAD PREMIUM LP-3 - Llobet Regals","isPartOf":{"@id":"https:\/\/www.llobetregals.com\/#website"},"primaryImageOfPage":{"@id":"https:\/\/www.llobetregals.com\/es\/producto\/lote-de-navidad-premium-lp-3\/#primaryimage"},"image":{"@id":"https:\/\/www.llobetregals.com\/es\/producto\/lote-de-navidad-premium-lp-3\/#primaryimage"},"thumbnailUrl":"https:\/\/www.llobetregals.com\/wp-content\/uploads\/2025\/09\/798328-scaled.jpg","datePublished":"2025-09-09T14:19:57+00:00","dateModified":"2025-12-09T15:58:51+00:00","description":"Lote de Navidad gourmet con vinos, cava y dulces selectos. El regalo ideal para compartir en familia. \ud83c\udf77 \u00a1C\u00f3mpralo y celebra con estilo!","breadcrumb":{"@id":"https:\/\/www.llobetregals.com\/es\/producto\/lote-de-navidad-premium-lp-3\/#breadcrumb"},"inLanguage":"es","potentialAction":[{"@type":"ReadAction","target":["https:\/\/www.llobetregals.com\/es\/producto\/lote-de-navidad-premium-lp-3\/"]}]},{"@type":"ImageObject","inLanguage":"es","@id":"https:\/\/www.llobetregals.com\/es\/producto\/lote-de-navidad-premium-lp-3\/#primaryimage","url":"https:\/\/www.llobetregals.com\/wp-content\/uploads\/2025\/09\/798328-scaled.jpg","contentUrl":"https:\/\/www.llobetregals.com\/wp-content\/uploads\/2025\/09\/798328-scaled.jpg","width":2560,"height":2560},{"@type":"BreadcrumbList","@id":"https:\/\/www.llobetregals.com\/es\/producto\/lote-de-navidad-premium-lp-3\/#breadcrumb","itemListElement":[{"@type":"ListItem","position":1,"name":"Inici","item":"https:\/\/www.llobetregals.com\/es\/"},{"@type":"ListItem","position":2,"name":"Regalos","item":"https:\/\/www.llobetregals.com\/es\/regalos\/"},{"@type":"ListItem","position":3,"name":"LOTE DE NAVIDAD PREMIUM LP-3"}]},{"@type":"WebSite","@id":"https:\/\/www.llobetregals.com\/#website","url":"https:\/\/www.llobetregals.com\/","name":"Llobet Regals","description":"Fem Lots Nadal des de fa m\u00e9s de 50 anys.","potentialAction":[{"@type":"SearchAction","target":{"@type":"EntryPoint","urlTemplate":"https:\/\/www.llobetregals.com\/?s={search_term_string}"},"query-input":{"@type":"PropertyValueSpecification","valueRequired":true,"valueName":"search_term_string"}}],"inLanguage":"es"}]}},"_links":{"self":[{"href":"https:\/\/www.llobetregals.com\/es\/wp-json\/wp\/v2\/product\/42708","targetHints":{"allow":["GET"]}}],"collection":[{"href":"https:\/\/www.llobetregals.com\/es\/wp-json\/wp\/v2\/product"}],"about":[{"href":"https:\/\/www.llobetregals.com\/es\/wp-json\/wp\/v2\/types\/product"}],"replies":[{"embeddable":true,"href":"https:\/\/www.llobetregals.com\/es\/wp-json\/wp\/v2\/comments?post=42708"}],"wp:featuredmedia":[{"embeddable":true,"href":"https:\/\/www.llobetregals.com\/es\/wp-json\/wp\/v2\/media\/39943"}],"wp:attachment":[{"href":"https:\/\/www.llobetregals.com\/es\/wp-json\/wp\/v2\/media?parent=42708"}],"wp:term":[{"taxonomy":"product_brand","embeddable":true,"href":"https:\/\/www.llobetregals.com\/es\/wp-json\/wp\/v2\/product_brand?post=42708"},{"taxonomy":"product_cat","embeddable":true,"href":"https:\/\/www.llobetregals.com\/es\/wp-json\/wp\/v2\/product_cat?post=42708"},{"taxonomy":"product_tag","embeddable":true,"href":"https:\/\/www.llobetregals.com\/es\/wp-json\/wp\/v2\/product_tag?post=42708"}],"curies":[{"name":"wp","href":"https:\/\/api.w.org\/{rel}","templated":true}]}}