{"id":42689,"date":"2025-09-09T16:19:51","date_gmt":"2025-09-09T14:19:51","guid":{"rendered":"https:\/\/www.llobetregals.com\/producte\/lote-de-navidad-l-601\/"},"modified":"2025-10-23T15:50:44","modified_gmt":"2025-10-23T13:50:44","slug":"lote-de-navidad-l-601","status":"publish","type":"product","link":"https:\/\/www.llobetregals.com\/es\/producto\/lote-de-navidad-l-601\/","title":{"rendered":"LOTE DE NAVIDAD L-601"},"content":{"rendered":"<p>1 Malet\u00edn 16 sobres de 50 g Jam\u00f3n Cebo 50% Ib\u00e9rico <strong>EMERITVS<\/strong> 16 X 50 G<br \/>\n2 Botella Vino Tinto D.O.C.Rioja <strong>CARLOS SERRES<\/strong> Reserva Bodega Centenaria 75 cl<br \/>\n1 Botella Cava Brut Nature <strong>CAVAS HILL PANOT GAUD\u00cd<\/strong> 75 cl<br \/>\n1 Estuche Selecci\u00f3n de Turrones en Porciones Surtidas <strong>EL ALMENDRO<\/strong> Suprema 144 g<br \/>\n1 Cu\u00f1a Queso Viejo Cremoso Oveja 100% Leche Cruda <strong>ALMADEOVEJA<\/strong> de <strong>CERRATO<\/strong> 200 gr<br \/>\n1 Caja Cart\u00f3n Lote R\/4 Lazos<\/p>\n","protected":false},"excerpt":{"rendered":"<p>1 Malet\u00edn 16 sobres de 50 g Jam\u00f3n Cebo 50% Ib\u00e9rico EMERITVS 16 X 50 G 2 Botella Vino Tinto D.O.C.Rioja CARLOS SERRES Reserva Bodega&#8230;<\/p>\n","protected":false},"featured_media":39886,"comment_status":"closed","ping_status":"closed","template":"","meta":{"om_disable_all_campaigns":false,"_joinchat":[]},"product_brand":[],"product_cat":[616,660],"product_tag":[400],"class_list":{"0":"post-42689","1":"product","2":"type-product","3":"status-publish","4":"has-post-thumbnail","6":"product_cat-detalles-navidenos","7":"product_cat-lotes-de-navidad","8":"product_tag-con-jamon","10":"first","11":"outofstock","12":"purchasable","13":"product-type-simple"},"acf":[],"etheme_brands":{"errors":{"invalid_taxonomy":["Taxonom\u00eda no v\u00e1lida."]},"error_data":[]},"yoast_head":"<!-- This site is optimized with the Yoast SEO plugin v27.3 - https:\/\/yoast.com\/product\/yoast-seo-wordpress\/ -->\n<title>LOTE DE NAVIDAD L-601 - Llobet Regals<\/title>\n<meta name=\"description\" content=\"Lote de Navidad con vinos y ib\u00e9ricos selectos. El detalle que habla de tu marca. \ud83c\udf77 Transmite elegancia con Llobet Regals.\" \/>\n<meta name=\"robots\" content=\"index, follow, max-snippet:-1, max-image-preview:large, max-video-preview:-1\" \/>\n<link rel=\"canonical\" href=\"https:\/\/www.llobetregals.com\/es\/producto\/lote-de-navidad-l-601\/\" \/>\n<meta property=\"og:locale\" content=\"es_ES\" \/>\n<meta property=\"og:type\" content=\"article\" \/>\n<meta property=\"og:title\" content=\"LOTE DE NAVIDAD L-601 - Llobet Regals\" \/>\n<meta property=\"og:description\" content=\"Lote de Navidad con vinos y ib\u00e9ricos selectos. El detalle que habla de tu marca. \ud83c\udf77 Transmite elegancia con Llobet Regals.\" \/>\n<meta property=\"og:url\" content=\"https:\/\/www.llobetregals.com\/es\/producto\/lote-de-navidad-l-601\/\" \/>\n<meta property=\"og:site_name\" content=\"Llobet Regals\" \/>\n<meta property=\"article:modified_time\" content=\"2025-10-23T13:50:44+00:00\" \/>\n<meta property=\"og:image\" content=\"https:\/\/www.llobetregals.com\/wp-content\/uploads\/2025\/09\/798309-scaled.jpg\" \/>\n\t<meta property=\"og:image:width\" content=\"2560\" \/>\n\t<meta property=\"og:image:height\" content=\"2560\" \/>\n\t<meta property=\"og:image:type\" content=\"image\/jpeg\" \/>\n<meta name=\"twitter:card\" content=\"summary_large_image\" \/>\n<script type=\"application\/ld+json\" class=\"yoast-schema-graph\">{\"@context\":\"https:\\\/\\\/schema.org\",\"@graph\":[{\"@type\":\"WebPage\",\"@id\":\"https:\\\/\\\/www.llobetregals.com\\\/es\\\/producto\\\/lote-de-navidad-l-601\\\/\",\"url\":\"https:\\\/\\\/www.llobetregals.com\\\/es\\\/producto\\\/lote-de-navidad-l-601\\\/\",\"name\":\"LOTE DE NAVIDAD L-601 - Llobet Regals\",\"isPartOf\":{\"@id\":\"https:\\\/\\\/www.llobetregals.com\\\/#website\"},\"primaryImageOfPage\":{\"@id\":\"https:\\\/\\\/www.llobetregals.com\\\/es\\\/producto\\\/lote-de-navidad-l-601\\\/#primaryimage\"},\"image\":{\"@id\":\"https:\\\/\\\/www.llobetregals.com\\\/es\\\/producto\\\/lote-de-navidad-l-601\\\/#primaryimage\"},\"thumbnailUrl\":\"https:\\\/\\\/www.llobetregals.com\\\/wp-content\\\/uploads\\\/2025\\\/09\\\/798309-scaled.jpg\",\"datePublished\":\"2025-09-09T14:19:51+00:00\",\"dateModified\":\"2025-10-23T13:50:44+00:00\",\"description\":\"Lote de Navidad con vinos y ib\u00e9ricos selectos. El detalle que habla de tu marca. \ud83c\udf77 Transmite elegancia con Llobet Regals.\",\"breadcrumb\":{\"@id\":\"https:\\\/\\\/www.llobetregals.com\\\/es\\\/producto\\\/lote-de-navidad-l-601\\\/#breadcrumb\"},\"inLanguage\":\"es\",\"potentialAction\":[{\"@type\":\"ReadAction\",\"target\":[\"https:\\\/\\\/www.llobetregals.com\\\/es\\\/producto\\\/lote-de-navidad-l-601\\\/\"]}]},{\"@type\":\"ImageObject\",\"inLanguage\":\"es\",\"@id\":\"https:\\\/\\\/www.llobetregals.com\\\/es\\\/producto\\\/lote-de-navidad-l-601\\\/#primaryimage\",\"url\":\"https:\\\/\\\/www.llobetregals.com\\\/wp-content\\\/uploads\\\/2025\\\/09\\\/798309-scaled.jpg\",\"contentUrl\":\"https:\\\/\\\/www.llobetregals.com\\\/wp-content\\\/uploads\\\/2025\\\/09\\\/798309-scaled.jpg\",\"width\":2560,\"height\":2560},{\"@type\":\"BreadcrumbList\",\"@id\":\"https:\\\/\\\/www.llobetregals.com\\\/es\\\/producto\\\/lote-de-navidad-l-601\\\/#breadcrumb\",\"itemListElement\":[{\"@type\":\"ListItem\",\"position\":1,\"name\":\"Inici\",\"item\":\"https:\\\/\\\/www.llobetregals.com\\\/es\\\/\"},{\"@type\":\"ListItem\",\"position\":2,\"name\":\"Regalos\",\"item\":\"https:\\\/\\\/www.llobetregals.com\\\/es\\\/regalos\\\/\"},{\"@type\":\"ListItem\",\"position\":3,\"name\":\"LOTE DE NAVIDAD L-601\"}]},{\"@type\":\"WebSite\",\"@id\":\"https:\\\/\\\/www.llobetregals.com\\\/#website\",\"url\":\"https:\\\/\\\/www.llobetregals.com\\\/\",\"name\":\"Llobet Regals\",\"description\":\"Fem Lots Nadal des de fa m\u00e9s de 50 anys.\",\"potentialAction\":[{\"@type\":\"SearchAction\",\"target\":{\"@type\":\"EntryPoint\",\"urlTemplate\":\"https:\\\/\\\/www.llobetregals.com\\\/?s={search_term_string}\"},\"query-input\":{\"@type\":\"PropertyValueSpecification\",\"valueRequired\":true,\"valueName\":\"search_term_string\"}}],\"inLanguage\":\"es\"}]}<\/script>\n<!-- \/ Yoast SEO plugin. -->","yoast_head_json":{"title":"LOTE DE NAVIDAD L-601 - Llobet Regals","description":"Lote de Navidad con vinos y ib\u00e9ricos selectos. El detalle que habla de tu marca. \ud83c\udf77 Transmite elegancia con Llobet Regals.","robots":{"index":"index","follow":"follow","max-snippet":"max-snippet:-1","max-image-preview":"max-image-preview:large","max-video-preview":"max-video-preview:-1"},"canonical":"https:\/\/www.llobetregals.com\/es\/producto\/lote-de-navidad-l-601\/","og_locale":"es_ES","og_type":"article","og_title":"LOTE DE NAVIDAD L-601 - Llobet Regals","og_description":"Lote de Navidad con vinos y ib\u00e9ricos selectos. El detalle que habla de tu marca. \ud83c\udf77 Transmite elegancia con Llobet Regals.","og_url":"https:\/\/www.llobetregals.com\/es\/producto\/lote-de-navidad-l-601\/","og_site_name":"Llobet Regals","article_modified_time":"2025-10-23T13:50:44+00:00","og_image":[{"width":2560,"height":2560,"url":"https:\/\/www.llobetregals.com\/wp-content\/uploads\/2025\/09\/798309-scaled.jpg","type":"image\/jpeg"}],"twitter_card":"summary_large_image","schema":{"@context":"https:\/\/schema.org","@graph":[{"@type":"WebPage","@id":"https:\/\/www.llobetregals.com\/es\/producto\/lote-de-navidad-l-601\/","url":"https:\/\/www.llobetregals.com\/es\/producto\/lote-de-navidad-l-601\/","name":"LOTE DE NAVIDAD L-601 - Llobet Regals","isPartOf":{"@id":"https:\/\/www.llobetregals.com\/#website"},"primaryImageOfPage":{"@id":"https:\/\/www.llobetregals.com\/es\/producto\/lote-de-navidad-l-601\/#primaryimage"},"image":{"@id":"https:\/\/www.llobetregals.com\/es\/producto\/lote-de-navidad-l-601\/#primaryimage"},"thumbnailUrl":"https:\/\/www.llobetregals.com\/wp-content\/uploads\/2025\/09\/798309-scaled.jpg","datePublished":"2025-09-09T14:19:51+00:00","dateModified":"2025-10-23T13:50:44+00:00","description":"Lote de Navidad con vinos y ib\u00e9ricos selectos. El detalle que habla de tu marca. \ud83c\udf77 Transmite elegancia con Llobet Regals.","breadcrumb":{"@id":"https:\/\/www.llobetregals.com\/es\/producto\/lote-de-navidad-l-601\/#breadcrumb"},"inLanguage":"es","potentialAction":[{"@type":"ReadAction","target":["https:\/\/www.llobetregals.com\/es\/producto\/lote-de-navidad-l-601\/"]}]},{"@type":"ImageObject","inLanguage":"es","@id":"https:\/\/www.llobetregals.com\/es\/producto\/lote-de-navidad-l-601\/#primaryimage","url":"https:\/\/www.llobetregals.com\/wp-content\/uploads\/2025\/09\/798309-scaled.jpg","contentUrl":"https:\/\/www.llobetregals.com\/wp-content\/uploads\/2025\/09\/798309-scaled.jpg","width":2560,"height":2560},{"@type":"BreadcrumbList","@id":"https:\/\/www.llobetregals.com\/es\/producto\/lote-de-navidad-l-601\/#breadcrumb","itemListElement":[{"@type":"ListItem","position":1,"name":"Inici","item":"https:\/\/www.llobetregals.com\/es\/"},{"@type":"ListItem","position":2,"name":"Regalos","item":"https:\/\/www.llobetregals.com\/es\/regalos\/"},{"@type":"ListItem","position":3,"name":"LOTE DE NAVIDAD L-601"}]},{"@type":"WebSite","@id":"https:\/\/www.llobetregals.com\/#website","url":"https:\/\/www.llobetregals.com\/","name":"Llobet Regals","description":"Fem Lots Nadal des de fa m\u00e9s de 50 anys.","potentialAction":[{"@type":"SearchAction","target":{"@type":"EntryPoint","urlTemplate":"https:\/\/www.llobetregals.com\/?s={search_term_string}"},"query-input":{"@type":"PropertyValueSpecification","valueRequired":true,"valueName":"search_term_string"}}],"inLanguage":"es"}]}},"_links":{"self":[{"href":"https:\/\/www.llobetregals.com\/es\/wp-json\/wp\/v2\/product\/42689","targetHints":{"allow":["GET"]}}],"collection":[{"href":"https:\/\/www.llobetregals.com\/es\/wp-json\/wp\/v2\/product"}],"about":[{"href":"https:\/\/www.llobetregals.com\/es\/wp-json\/wp\/v2\/types\/product"}],"replies":[{"embeddable":true,"href":"https:\/\/www.llobetregals.com\/es\/wp-json\/wp\/v2\/comments?post=42689"}],"wp:featuredmedia":[{"embeddable":true,"href":"https:\/\/www.llobetregals.com\/es\/wp-json\/wp\/v2\/media\/39886"}],"wp:attachment":[{"href":"https:\/\/www.llobetregals.com\/es\/wp-json\/wp\/v2\/media?parent=42689"}],"wp:term":[{"taxonomy":"product_brand","embeddable":true,"href":"https:\/\/www.llobetregals.com\/es\/wp-json\/wp\/v2\/product_brand?post=42689"},{"taxonomy":"product_cat","embeddable":true,"href":"https:\/\/www.llobetregals.com\/es\/wp-json\/wp\/v2\/product_cat?post=42689"},{"taxonomy":"product_tag","embeddable":true,"href":"https:\/\/www.llobetregals.com\/es\/wp-json\/wp\/v2\/product_tag?post=42689"}],"curies":[{"name":"wp","href":"https:\/\/api.w.org\/{rel}","templated":true}]}}