{"id":42069,"date":"2025-09-09T15:07:45","date_gmt":"2025-09-09T13:07:45","guid":{"rendered":"https:\/\/www.llobetregals.com\/producte\/estuche-coleccion-16-bombones-variados-casa-cacao-112-g-anacardo-con-jalapeno-pistacho-almendra-pipas-de-girasol-con-limon-nuez-pecana-con-cafe-caramelo-con-pimienta-timut-melocoton-con-rosa\/"},"modified":"2025-09-09T15:08:15","modified_gmt":"2025-09-09T13:08:15","slug":"estuche-coleccion-16-bombones-variados-casa-cacao-112-g-anacardo-con-jalapeno-pistacho-almendra-pipas-de-girasol-con-limon-nuez-pecana-con-cafe-caramelo-con-pimienta-timut-melocoton-con-rosa","status":"publish","type":"product","link":"https:\/\/www.llobetregals.com\/es\/producto\/estuche-coleccion-16-bombones-variados-casa-cacao-112-g-anacardo-con-jalapeno-pistacho-almendra-pipas-de-girasol-con-limon-nuez-pecana-con-cafe-caramelo-con-pimienta-timut-melocoton-con-rosa\/","title":{"rendered":"Estuche Colecci\u00f3n 16 Bombones Variados CASA CACAO 112 g (Anacardo con &#8216;jalape\u00f1o&#8217;, Pistacho, Almendra, Pipas de girasol con lim\u00f3n, Nuez pecana con caf\u00e9, Caramelo con pimienta Timut, Melocot\u00f3n con rosa , Lavanda)"},"content":{"rendered":"","protected":false},"excerpt":{"rendered":"","protected":false},"featured_media":0,"comment_status":"closed","ping_status":"closed","template":"","meta":{"om_disable_all_campaigns":false,"_joinchat":[]},"product_brand":[],"product_cat":[],"product_tag":[],"class_list":{"0":"post-42069","1":"product","2":"type-product","3":"status-publish","6":"first","7":"outofstock","8":"product-type-simple"},"acf":[],"etheme_brands":{"errors":{"invalid_taxonomy":["Taxonom\u00eda no v\u00e1lida."]},"error_data":[]},"yoast_head":"<!-- This site is optimized with the Yoast SEO plugin v27.3 - https:\/\/yoast.com\/product\/yoast-seo-wordpress\/ -->\n<title>Estuche Colecci\u00f3n 16 Bombones Variados CASA CACAO 112 g (Anacardo con &#039;jalape\u00f1o&#039;, Pistacho, Almendra, Pipas de girasol con lim\u00f3n, Nuez pecana con caf\u00e9, Caramelo con pimienta Timut, Melocot\u00f3n con rosa , Lavanda) - Llobet Regals<\/title>\n<meta name=\"robots\" content=\"index, follow, max-snippet:-1, max-image-preview:large, max-video-preview:-1\" \/>\n<link rel=\"canonical\" href=\"https:\/\/www.llobetregals.com\/es\/producto\/estuche-coleccion-16-bombones-variados-casa-cacao-112-g-anacardo-con-jalapeno-pistacho-almendra-pipas-de-girasol-con-limon-nuez-pecana-con-cafe-caramelo-con-pimienta-timut-melocoton-con-rosa\/\" \/>\n<meta property=\"og:locale\" content=\"es_ES\" \/>\n<meta property=\"og:type\" content=\"article\" \/>\n<meta property=\"og:title\" content=\"Estuche Colecci\u00f3n 16 Bombones Variados CASA CACAO 112 g (Anacardo con &#039;jalape\u00f1o&#039;, Pistacho, Almendra, Pipas de girasol con lim\u00f3n, Nuez pecana con caf\u00e9, Caramelo con pimienta Timut, Melocot\u00f3n con rosa , Lavanda) - Llobet Regals\" \/>\n<meta property=\"og:url\" content=\"https:\/\/www.llobetregals.com\/es\/producto\/estuche-coleccion-16-bombones-variados-casa-cacao-112-g-anacardo-con-jalapeno-pistacho-almendra-pipas-de-girasol-con-limon-nuez-pecana-con-cafe-caramelo-con-pimienta-timut-melocoton-con-rosa\/\" \/>\n<meta property=\"og:site_name\" content=\"Llobet Regals\" \/>\n<meta property=\"article:modified_time\" content=\"2025-09-09T13:08:15+00:00\" \/>\n<meta name=\"twitter:card\" content=\"summary_large_image\" \/>\n<script type=\"application\/ld+json\" class=\"yoast-schema-graph\">{\"@context\":\"https:\\\/\\\/schema.org\",\"@graph\":[{\"@type\":\"WebPage\",\"@id\":\"https:\\\/\\\/www.llobetregals.com\\\/es\\\/producto\\\/estuche-coleccion-16-bombones-variados-casa-cacao-112-g-anacardo-con-jalapeno-pistacho-almendra-pipas-de-girasol-con-limon-nuez-pecana-con-cafe-caramelo-con-pimienta-timut-melocoton-con-rosa\\\/\",\"url\":\"https:\\\/\\\/www.llobetregals.com\\\/es\\\/producto\\\/estuche-coleccion-16-bombones-variados-casa-cacao-112-g-anacardo-con-jalapeno-pistacho-almendra-pipas-de-girasol-con-limon-nuez-pecana-con-cafe-caramelo-con-pimienta-timut-melocoton-con-rosa\\\/\",\"name\":\"Estuche Colecci\u00f3n 16 Bombones Variados CASA CACAO 112 g (Anacardo con 'jalape\u00f1o', Pistacho, Almendra, Pipas de girasol con lim\u00f3n, Nuez pecana con caf\u00e9, Caramelo con pimienta Timut, Melocot\u00f3n con rosa , Lavanda) - Llobet Regals\",\"isPartOf\":{\"@id\":\"https:\\\/\\\/www.llobetregals.com\\\/#website\"},\"datePublished\":\"2025-09-09T13:07:45+00:00\",\"dateModified\":\"2025-09-09T13:08:15+00:00\",\"breadcrumb\":{\"@id\":\"https:\\\/\\\/www.llobetregals.com\\\/es\\\/producto\\\/estuche-coleccion-16-bombones-variados-casa-cacao-112-g-anacardo-con-jalapeno-pistacho-almendra-pipas-de-girasol-con-limon-nuez-pecana-con-cafe-caramelo-con-pimienta-timut-melocoton-con-rosa\\\/#breadcrumb\"},\"inLanguage\":\"es\",\"potentialAction\":[{\"@type\":\"ReadAction\",\"target\":[\"https:\\\/\\\/www.llobetregals.com\\\/es\\\/producto\\\/estuche-coleccion-16-bombones-variados-casa-cacao-112-g-anacardo-con-jalapeno-pistacho-almendra-pipas-de-girasol-con-limon-nuez-pecana-con-cafe-caramelo-con-pimienta-timut-melocoton-con-rosa\\\/\"]}]},{\"@type\":\"BreadcrumbList\",\"@id\":\"https:\\\/\\\/www.llobetregals.com\\\/es\\\/producto\\\/estuche-coleccion-16-bombones-variados-casa-cacao-112-g-anacardo-con-jalapeno-pistacho-almendra-pipas-de-girasol-con-limon-nuez-pecana-con-cafe-caramelo-con-pimienta-timut-melocoton-con-rosa\\\/#breadcrumb\",\"itemListElement\":[{\"@type\":\"ListItem\",\"position\":1,\"name\":\"Inici\",\"item\":\"https:\\\/\\\/www.llobetregals.com\\\/es\\\/\"},{\"@type\":\"ListItem\",\"position\":2,\"name\":\"Regalos\",\"item\":\"https:\\\/\\\/www.llobetregals.com\\\/es\\\/regalos\\\/\"},{\"@type\":\"ListItem\",\"position\":3,\"name\":\"Estuche Colecci\u00f3n 16 Bombones Variados CASA CACAO 112 g (Anacardo con &#8216;jalape\u00f1o&#8217;, Pistacho, Almendra, Pipas de girasol con lim\u00f3n, Nuez pecana con caf\u00e9, Caramelo con pimienta Timut, Melocot\u00f3n con rosa , Lavanda)\"}]},{\"@type\":\"WebSite\",\"@id\":\"https:\\\/\\\/www.llobetregals.com\\\/#website\",\"url\":\"https:\\\/\\\/www.llobetregals.com\\\/\",\"name\":\"Llobet Regals\",\"description\":\"Fem Lots Nadal des de fa m\u00e9s de 50 anys.\",\"potentialAction\":[{\"@type\":\"SearchAction\",\"target\":{\"@type\":\"EntryPoint\",\"urlTemplate\":\"https:\\\/\\\/www.llobetregals.com\\\/?s={search_term_string}\"},\"query-input\":{\"@type\":\"PropertyValueSpecification\",\"valueRequired\":true,\"valueName\":\"search_term_string\"}}],\"inLanguage\":\"es\"}]}<\/script>\n<!-- \/ Yoast SEO plugin. -->","yoast_head_json":{"title":"Estuche Colecci\u00f3n 16 Bombones Variados CASA CACAO 112 g (Anacardo con 'jalape\u00f1o', Pistacho, Almendra, Pipas de girasol con lim\u00f3n, Nuez pecana con caf\u00e9, Caramelo con pimienta Timut, Melocot\u00f3n con rosa , Lavanda) - Llobet Regals","robots":{"index":"index","follow":"follow","max-snippet":"max-snippet:-1","max-image-preview":"max-image-preview:large","max-video-preview":"max-video-preview:-1"},"canonical":"https:\/\/www.llobetregals.com\/es\/producto\/estuche-coleccion-16-bombones-variados-casa-cacao-112-g-anacardo-con-jalapeno-pistacho-almendra-pipas-de-girasol-con-limon-nuez-pecana-con-cafe-caramelo-con-pimienta-timut-melocoton-con-rosa\/","og_locale":"es_ES","og_type":"article","og_title":"Estuche Colecci\u00f3n 16 Bombones Variados CASA CACAO 112 g (Anacardo con 'jalape\u00f1o', Pistacho, Almendra, Pipas de girasol con lim\u00f3n, Nuez pecana con caf\u00e9, Caramelo con pimienta Timut, Melocot\u00f3n con rosa , Lavanda) - Llobet Regals","og_url":"https:\/\/www.llobetregals.com\/es\/producto\/estuche-coleccion-16-bombones-variados-casa-cacao-112-g-anacardo-con-jalapeno-pistacho-almendra-pipas-de-girasol-con-limon-nuez-pecana-con-cafe-caramelo-con-pimienta-timut-melocoton-con-rosa\/","og_site_name":"Llobet Regals","article_modified_time":"2025-09-09T13:08:15+00:00","twitter_card":"summary_large_image","schema":{"@context":"https:\/\/schema.org","@graph":[{"@type":"WebPage","@id":"https:\/\/www.llobetregals.com\/es\/producto\/estuche-coleccion-16-bombones-variados-casa-cacao-112-g-anacardo-con-jalapeno-pistacho-almendra-pipas-de-girasol-con-limon-nuez-pecana-con-cafe-caramelo-con-pimienta-timut-melocoton-con-rosa\/","url":"https:\/\/www.llobetregals.com\/es\/producto\/estuche-coleccion-16-bombones-variados-casa-cacao-112-g-anacardo-con-jalapeno-pistacho-almendra-pipas-de-girasol-con-limon-nuez-pecana-con-cafe-caramelo-con-pimienta-timut-melocoton-con-rosa\/","name":"Estuche Colecci\u00f3n 16 Bombones Variados CASA CACAO 112 g (Anacardo con 'jalape\u00f1o', Pistacho, Almendra, Pipas de girasol con lim\u00f3n, Nuez pecana con caf\u00e9, Caramelo con pimienta Timut, Melocot\u00f3n con rosa , Lavanda) - Llobet Regals","isPartOf":{"@id":"https:\/\/www.llobetregals.com\/#website"},"datePublished":"2025-09-09T13:07:45+00:00","dateModified":"2025-09-09T13:08:15+00:00","breadcrumb":{"@id":"https:\/\/www.llobetregals.com\/es\/producto\/estuche-coleccion-16-bombones-variados-casa-cacao-112-g-anacardo-con-jalapeno-pistacho-almendra-pipas-de-girasol-con-limon-nuez-pecana-con-cafe-caramelo-con-pimienta-timut-melocoton-con-rosa\/#breadcrumb"},"inLanguage":"es","potentialAction":[{"@type":"ReadAction","target":["https:\/\/www.llobetregals.com\/es\/producto\/estuche-coleccion-16-bombones-variados-casa-cacao-112-g-anacardo-con-jalapeno-pistacho-almendra-pipas-de-girasol-con-limon-nuez-pecana-con-cafe-caramelo-con-pimienta-timut-melocoton-con-rosa\/"]}]},{"@type":"BreadcrumbList","@id":"https:\/\/www.llobetregals.com\/es\/producto\/estuche-coleccion-16-bombones-variados-casa-cacao-112-g-anacardo-con-jalapeno-pistacho-almendra-pipas-de-girasol-con-limon-nuez-pecana-con-cafe-caramelo-con-pimienta-timut-melocoton-con-rosa\/#breadcrumb","itemListElement":[{"@type":"ListItem","position":1,"name":"Inici","item":"https:\/\/www.llobetregals.com\/es\/"},{"@type":"ListItem","position":2,"name":"Regalos","item":"https:\/\/www.llobetregals.com\/es\/regalos\/"},{"@type":"ListItem","position":3,"name":"Estuche Colecci\u00f3n 16 Bombones Variados CASA CACAO 112 g (Anacardo con &#8216;jalape\u00f1o&#8217;, Pistacho, Almendra, Pipas de girasol con lim\u00f3n, Nuez pecana con caf\u00e9, Caramelo con pimienta Timut, Melocot\u00f3n con rosa , Lavanda)"}]},{"@type":"WebSite","@id":"https:\/\/www.llobetregals.com\/#website","url":"https:\/\/www.llobetregals.com\/","name":"Llobet Regals","description":"Fem Lots Nadal des de fa m\u00e9s de 50 anys.","potentialAction":[{"@type":"SearchAction","target":{"@type":"EntryPoint","urlTemplate":"https:\/\/www.llobetregals.com\/?s={search_term_string}"},"query-input":{"@type":"PropertyValueSpecification","valueRequired":true,"valueName":"search_term_string"}}],"inLanguage":"es"}]}},"_links":{"self":[{"href":"https:\/\/www.llobetregals.com\/es\/wp-json\/wp\/v2\/product\/42069","targetHints":{"allow":["GET"]}}],"collection":[{"href":"https:\/\/www.llobetregals.com\/es\/wp-json\/wp\/v2\/product"}],"about":[{"href":"https:\/\/www.llobetregals.com\/es\/wp-json\/wp\/v2\/types\/product"}],"replies":[{"embeddable":true,"href":"https:\/\/www.llobetregals.com\/es\/wp-json\/wp\/v2\/comments?post=42069"}],"wp:attachment":[{"href":"https:\/\/www.llobetregals.com\/es\/wp-json\/wp\/v2\/media?parent=42069"}],"wp:term":[{"taxonomy":"product_brand","embeddable":true,"href":"https:\/\/www.llobetregals.com\/es\/wp-json\/wp\/v2\/product_brand?post=42069"},{"taxonomy":"product_cat","embeddable":true,"href":"https:\/\/www.llobetregals.com\/es\/wp-json\/wp\/v2\/product_cat?post=42069"},{"taxonomy":"product_tag","embeddable":true,"href":"https:\/\/www.llobetregals.com\/es\/wp-json\/wp\/v2\/product_tag?post=42069"}],"curies":[{"name":"wp","href":"https:\/\/api.w.org\/{rel}","templated":true}]}}