{"id":11013,"date":"2020-10-28T13:45:07","date_gmt":"2020-10-28T12:45:07","guid":{"rendered":"https:\/\/www.llobetregals.com\/?page_id=11013"},"modified":"2026-03-20T17:00:56","modified_gmt":"2026-03-20T16:00:56","slug":"aviso-legal","status":"publish","type":"page","link":"https:\/\/www.llobetregals.com\/es\/aviso-legal\/","title":{"rendered":"Av\u00eds legal"},"content":{"rendered":"<h2>Aviso legal<\/h2>\n<p class=\"p1\">El prop\u00f3sito de este Aviso Legal, es informar a los usuarios de <a href=\"http:\/\/www.llobetregals.com\"><span class=\"s1\">www.llobetregals.com<\/span><\/a><span class=\"Apple-converted-space\">\u00a0 <\/span>domiciliada en, Carretera de Manresa a Berga, Km 2,7, 08272 Santo Fruit\u00f3s del Bages, la raz\u00f3n social del Responsable del tratamiento es SUPERMERCADOS LLOBET, S.A. , de cu\u00e1l es su pol\u00edtica de protecci\u00f3n de la privacidad y confidencialidad de los datos de car\u00e1cter personal seg\u00fan el Reglamento General de Protecci\u00f3n de datos (RGPD) que sus usuarios facilitan de forma libre y voluntaria.<\/p>\n<p class=\"p1\">SUPERMERCADOS LLOBET, S.A. pone en su conocimiento que dispone de sus datos de car\u00e1cter personal especificados en el correspondiente registro de actividades del tratamiento de la empresa denominado Gesti\u00f3n de Usuarios web.<\/p>\n<p class=\"p1\">La base legal para el tratamiento de sus datos es el consentimiento obtenido del mismo titular del tratamiento en el momento de rellenar el formulario on-line y aceptar de forma expresa el mismo.<\/p>\n<p class=\"p1\">La finalidad de la creaci\u00f3n, existencia y mantenimiento es el tratamiento de los datos con exclusivos fines de de poder hacer efectiva su solicitud de registro como cliente a trav\u00e9s de esta v\u00eda.<\/p>\n<p class=\"p1\">Los destinatarios de la informaci\u00f3n son todos los departamentos, compartimentos, locales y entes asociados en los cuales se organiza SUPERMERCADOS LLOBET, S.A.<span class=\"Apple-converted-space\">\u00a0 <\/span>y no ser\u00e1n cedidos a ning\u00fan tercero excepto en los casos que haya una obligaci\u00f3n legal.<\/p>\n<p class=\"p1\">En todo caso, usted tiene derecho a obtener confirmaci\u00f3n sobre s\u00ed en SUPERMERCADOS LLOBET, S.A. , estamos tratando sus datos personales por lo tanto tiene derecho a acceder a los mismos, rectificar los inexactos o solicitar su supresi\u00f3n cuando ya no resulten necessarios.<\/p>\n<p class=\"p1\">Todos los campos del formulario on-line son de obligada cumplimentaci\u00f3n para poder hacer efectiva su solicitud de registro.<\/p>\n<p class=\"p1\">La Web <a href=\"http:\/\/www.llobetregals.com\"><span class=\"s1\">www.llobetregals.com<\/span><\/a> ha adoptado las medidas de \u00edndole t\u00e9cnica y organizativas necesarias, seg\u00fan el nivel de seguridad de protecci\u00f3n de datos que le corresponde legalmente, para garantizar la seguridad del tratamiento de datos de car\u00e1cter personal que constituyen su tratamiento automatizado. Sin embargo, el usuario tiene que ser consciente que en la actualidad las medidas de seguridad en Internet no son inexpugnables y por tanto no se est\u00e1 a salvo de posibles intromisiones ilegales e indebidas, que no ser\u00edan responsabilidad de SUPERMERCADOS LLOBET, S.A. , puesto que ella ha actuado con la diligencia debida para proteger los datos conforme determina la ley.<\/p>\n<p class=\"p1\">La Web <a href=\"http:\/\/www.llobetregals.com\"><span class=\"s1\">www.llobetregals.com<\/span><\/a> usa cookies u otros procedimientos similares con fines meramente estad\u00edsticas. Estas informaciones se captan de forma autom\u00e1tica y an\u00f3nima, de forma que no es posible identificar individualmente a ning\u00fan usuario. Los usuarios pueden impedir el funcionamiento de las cookies mediante las opciones que todos los navegadores posan a su disposici\u00f3n. Se recomienda a los usuarios que quieran desactivar las galletas que consulten los sistemas de ayuda de los navegadores que utilizan<\/p>\n<p class=\"p1\">La Web <a href=\"http:\/\/www.llobetregals.com\"><span class=\"s1\">www.llobetregals.com<\/span><\/a> har\u00e1 todo el posible porque sus datos est\u00e9n siempre actualizados. Sin embargo, la responsabilidad sobre la calidad de los mismos depende del titular de ellos, por este motivo si hay alguna modificaci\u00f3n de los datos el usuario de la web los comunicar\u00e1 al Responsable del Tratamiento, declinando esta toda responsabilidad en caso de que omita su obligaci\u00f3n de notificar los cambios.<\/p>\n<p class=\"p1\">La prestaci\u00f3n del servicio de portal y las presentes condiciones de uso del sitio web se rigen por la Ley Espa\u00f1ola. Para cualquier discrepancia en la ejecuci\u00f3n, interpretaci\u00f3n, cumplimiento de estas condiciones, las partes se someten a los juzgados y tribunales competentes.<\/p>\n","protected":false},"excerpt":{"rendered":"<p>Aviso legal El prop\u00f3sito de este Aviso Legal, es informar a los usuarios de www.llobetregals.com\u00a0 domiciliada en, Carretera de Manresa a Berga, Km 2,7, 08272&#8230;<\/p>\n","protected":false},"author":1,"featured_media":0,"parent":0,"menu_order":0,"comment_status":"closed","ping_status":"closed","template":"","meta":{"om_disable_all_campaigns":false,"_joinchat":[],"footnotes":""},"class_list":["post-11013","page","type-page","status-publish","hentry"],"acf":[],"yoast_head":"<!-- This site is optimized with the Yoast SEO plugin v27.3 - https:\/\/yoast.com\/product\/yoast-seo-wordpress\/ -->\n<title>Av\u00eds legal - Llobet Regals<\/title>\n<meta name=\"robots\" content=\"noindex, nofollow\" \/>\n<meta property=\"og:locale\" content=\"es_ES\" \/>\n<meta property=\"og:type\" content=\"article\" \/>\n<meta property=\"og:title\" content=\"Av\u00eds legal - Llobet Regals\" \/>\n<meta property=\"og:description\" content=\"Aviso legal El prop\u00f3sito de este Aviso Legal, es informar a los usuarios de www.llobetregals.com\u00a0 domiciliada en, Carretera de Manresa a Berga, Km 2,7, 08272...\" \/>\n<meta property=\"og:url\" content=\"https:\/\/www.llobetregals.com\/avis-legal\/\" \/>\n<meta property=\"og:site_name\" content=\"Llobet Regals\" \/>\n<meta property=\"article:modified_time\" content=\"2026-03-20T16:00:56+00:00\" \/>\n<meta name=\"twitter:card\" content=\"summary_large_image\" \/>\n<meta name=\"twitter:label1\" content=\"Tiempo de lectura\" \/>\n\t<meta name=\"twitter:data1\" content=\"3 minutos\" \/>\n<script type=\"application\/ld+json\" class=\"yoast-schema-graph\">{\"@context\":\"https:\\\/\\\/schema.org\",\"@graph\":[{\"@type\":\"WebPage\",\"@id\":\"https:\\\/\\\/www.llobetregals.com\\\/avis-legal\\\/\",\"url\":\"https:\\\/\\\/www.llobetregals.com\\\/avis-legal\\\/\",\"name\":\"Av\u00eds legal - Llobet Regals\",\"isPartOf\":{\"@id\":\"https:\\\/\\\/www.llobetregals.com\\\/#website\"},\"datePublished\":\"2020-10-28T12:45:07+00:00\",\"dateModified\":\"2026-03-20T16:00:56+00:00\",\"breadcrumb\":{\"@id\":\"https:\\\/\\\/www.llobetregals.com\\\/avis-legal\\\/#breadcrumb\"},\"inLanguage\":\"es\",\"potentialAction\":[{\"@type\":\"ReadAction\",\"target\":[\"https:\\\/\\\/www.llobetregals.com\\\/avis-legal\\\/\"]}]},{\"@type\":\"BreadcrumbList\",\"@id\":\"https:\\\/\\\/www.llobetregals.com\\\/avis-legal\\\/#breadcrumb\",\"itemListElement\":[{\"@type\":\"ListItem\",\"position\":1,\"name\":\"Inici\",\"item\":\"https:\\\/\\\/www.llobetregals.com\\\/es\\\/\"},{\"@type\":\"ListItem\",\"position\":2,\"name\":\"Av\u00eds legal\"}]},{\"@type\":\"WebSite\",\"@id\":\"https:\\\/\\\/www.llobetregals.com\\\/#website\",\"url\":\"https:\\\/\\\/www.llobetregals.com\\\/\",\"name\":\"Llobet Regals\",\"description\":\"Fem Lots Nadal des de fa m\u00e9s de 50 anys.\",\"potentialAction\":[{\"@type\":\"SearchAction\",\"target\":{\"@type\":\"EntryPoint\",\"urlTemplate\":\"https:\\\/\\\/www.llobetregals.com\\\/?s={search_term_string}\"},\"query-input\":{\"@type\":\"PropertyValueSpecification\",\"valueRequired\":true,\"valueName\":\"search_term_string\"}}],\"inLanguage\":\"es\"}]}<\/script>\n<!-- \/ Yoast SEO plugin. -->","yoast_head_json":{"title":"Av\u00eds legal - Llobet Regals","robots":{"index":"noindex","follow":"nofollow"},"og_locale":"es_ES","og_type":"article","og_title":"Av\u00eds legal - Llobet Regals","og_description":"Aviso legal El prop\u00f3sito de este Aviso Legal, es informar a los usuarios de www.llobetregals.com\u00a0 domiciliada en, Carretera de Manresa a Berga, Km 2,7, 08272...","og_url":"https:\/\/www.llobetregals.com\/avis-legal\/","og_site_name":"Llobet Regals","article_modified_time":"2026-03-20T16:00:56+00:00","twitter_card":"summary_large_image","twitter_misc":{"Tiempo de lectura":"3 minutos"},"schema":{"@context":"https:\/\/schema.org","@graph":[{"@type":"WebPage","@id":"https:\/\/www.llobetregals.com\/avis-legal\/","url":"https:\/\/www.llobetregals.com\/avis-legal\/","name":"Av\u00eds legal - Llobet Regals","isPartOf":{"@id":"https:\/\/www.llobetregals.com\/#website"},"datePublished":"2020-10-28T12:45:07+00:00","dateModified":"2026-03-20T16:00:56+00:00","breadcrumb":{"@id":"https:\/\/www.llobetregals.com\/avis-legal\/#breadcrumb"},"inLanguage":"es","potentialAction":[{"@type":"ReadAction","target":["https:\/\/www.llobetregals.com\/avis-legal\/"]}]},{"@type":"BreadcrumbList","@id":"https:\/\/www.llobetregals.com\/avis-legal\/#breadcrumb","itemListElement":[{"@type":"ListItem","position":1,"name":"Inici","item":"https:\/\/www.llobetregals.com\/es\/"},{"@type":"ListItem","position":2,"name":"Av\u00eds legal"}]},{"@type":"WebSite","@id":"https:\/\/www.llobetregals.com\/#website","url":"https:\/\/www.llobetregals.com\/","name":"Llobet Regals","description":"Fem Lots Nadal des de fa m\u00e9s de 50 anys.","potentialAction":[{"@type":"SearchAction","target":{"@type":"EntryPoint","urlTemplate":"https:\/\/www.llobetregals.com\/?s={search_term_string}"},"query-input":{"@type":"PropertyValueSpecification","valueRequired":true,"valueName":"search_term_string"}}],"inLanguage":"es"}]}},"_links":{"self":[{"href":"https:\/\/www.llobetregals.com\/es\/wp-json\/wp\/v2\/pages\/11013","targetHints":{"allow":["GET"]}}],"collection":[{"href":"https:\/\/www.llobetregals.com\/es\/wp-json\/wp\/v2\/pages"}],"about":[{"href":"https:\/\/www.llobetregals.com\/es\/wp-json\/wp\/v2\/types\/page"}],"author":[{"embeddable":true,"href":"https:\/\/www.llobetregals.com\/es\/wp-json\/wp\/v2\/users\/1"}],"replies":[{"embeddable":true,"href":"https:\/\/www.llobetregals.com\/es\/wp-json\/wp\/v2\/comments?post=11013"}],"version-history":[{"count":1,"href":"https:\/\/www.llobetregals.com\/es\/wp-json\/wp\/v2\/pages\/11013\/revisions"}],"predecessor-version":[{"id":44772,"href":"https:\/\/www.llobetregals.com\/es\/wp-json\/wp\/v2\/pages\/11013\/revisions\/44772"}],"wp:attachment":[{"href":"https:\/\/www.llobetregals.com\/es\/wp-json\/wp\/v2\/media?parent=11013"}],"curies":[{"name":"wp","href":"https:\/\/api.w.org\/{rel}","templated":true}]}}