{"id":10891,"date":"2020-08-04T11:50:22","date_gmt":"2020-08-04T09:50:22","guid":{"rendered":"https:\/\/www.llobetregals.com\/?page_id=10891"},"modified":"2026-03-20T17:03:31","modified_gmt":"2026-03-20T16:03:31","slug":"termes-i-condicions","status":"publish","type":"page","link":"https:\/\/www.llobetregals.com\/es\/termes-i-condicions\/","title":{"rendered":"T\u00e9rminos y condiciones"},"content":{"rendered":"\r\n<h2 class=\"wp-block-heading\">\u00a0<\/h2>\r\n<h2>Contenidos<\/h2>\r\n\r\n\r\n\r\n<p>Los contenidos reales son los indicados en el texto. En caso de discrepancia entre texto y fotograf\u00eda, siempre predomina aquello indicado en el texto.<br \/>Las decoraciones est\u00e1n sujetas a suministro por parte de terceros. En caso de no disponer de la decoraci\u00f3n de la fotograf\u00eda, Llobet Regals har\u00e1 los cambios necesarios<br \/>para ofrecer el mejor servicio.<\/p>\r\n\r\n\r\n\r\n<h2 class=\"wp-block-heading\">Presupuestos a medida<\/h2>\r\n\r\n\r\n\r\n<p>Si no encuentra nada que se acabe de adaptar a sus necesidades, le podemos confeccionar presupuestos a medida de forma inmediata.<br \/>La fecha tope para realizar este tipo de presupuestos es el d\u00eda <strong>30 de noviembre.<\/strong><\/p>\r\n\r\n\r\n\r\n<h2 class=\"wp-block-heading\">Condiciones de entrega<\/h2>\r\n\r\n\r\n\r\n<p>El transporte es puerta a puerta y no incluye: manipulaciones, descargas manuales o con necesidades de equipos especiales, etc.<br \/>Estos importes se facturar\u00e1n aparte en funci\u00f3n de las necesidades del cliente.<\/p>\r\n<p><strong>A EMPRESAS<\/strong><br \/>\u00b7 Tienen que indicar la persona encargada de la recepci\u00f3n, tel\u00e9fono de contacto y los horarios.<br \/>Las entregas ser\u00e1n en planta calle y en el caso de necesitar despaletizado o subida a planta, se tendr\u00e1 que indicar y consultar el importe de servicio.<\/p>\r\n<p><strong>A DOMICILIOS PARTICULARES<\/strong><br \/>\u00b7 No podemos garantizar una fecha exacta de entrega a causa de las ausencias y cambios de domicilio. Todas las entregas de tarjetas libradas antes de la 1de diciembre se<br \/>efectuar\u00e1n antes de Navidad excepto ausencias prolongadas del destinataria, errores en la direcci\u00f3n o de carencia de tel\u00e9fono de contacto.<br \/>Muy importante: direcciones actualizadas y con un tel\u00e9fono de contacto.<br \/>\u00b7 Nos tendr\u00e1n que facilitar los datos actualizados por medio de un archivo adjunto a un correo electr\u00f3nico, se facilita el trabajo y se evitan errores. Si los datos facilitados por el cliente son err\u00f3neos o se modifica la direcci\u00f3n de entrega, los gastos generados por segundos env\u00edos recaer\u00e1n a cargo del cliente.<br \/>\u00b7 En caso de querer acompa\u00f1ar sus obsequios con una tarjeta de felicitaci\u00f3n, <strong>hace falta que nos las haga llegar m\u00ednimo 15 d\u00edas antes de la fecha de entrega, y siempre ANTES del d\u00eda 1 de diciembre<\/strong>; le recomendamos que avance sus env\u00edos, puesto que posteriormente, y debido al colapso que se produce a las agencias de transporte, las entregas pueden presentar m\u00e1s dificultades. Acompa\u00f1e siempre de un tel\u00e9fono de contacto sus tarjetas de felicitaci\u00f3n. Este servicio de personalizaci\u00f3n puede comportar un incremento de precio en funci\u00f3n de las necesidades del cliente. <strong>Consultar con el Departamento Comercial.<\/strong><br \/>\u00b7 Las mercanc\u00edas viajan aseguradas a todo riesgo. Para que el seguro contratado se haga cargo de cualquier deficiencia, es requisito indispensable que se anote la incidencia en el albar\u00e1n de entrega. Sin este requisito, el seguro no se har\u00e1 cargo.<\/p>\r\n\r\n\r\n\r\n\r\n\r\n<h2 class=\"wp-block-heading\">Garant\u00eda de servicio y presentaci\u00f3n<\/h2>\r\n\r\n\r\n\r\n<p>&#8211; Trabajamos con los mejores productores de alimentaci\u00f3n, que nos garantizan entrega pr\u00e1cticamente diaria del g\u00e9nero solicitado. Ahora bien, en caso totalmente ajeno a nuestra voluntad, si alg\u00fan producto se agotara, ser\u00eda sustituido por otro de equivalente o superior en calidad y precio, sin ning\u00fan tipo de coste a\u00f1adido por parte del cliente.<br \/>&#8211; El obsequio que usted haya seleccionado en nuestro cat\u00e1logo o a nuestra exposici\u00f3n ser\u00e1 librado al destino en iguales condiciones de presentaci\u00f3n<br \/>que ha visto en el cat\u00e1logo, excepto los modelos que *Llobet Regalos considera que necesitan embalaje especial para su env\u00edo.<br \/>&#8211; Los modelos <strong>BA, CL y L90<\/strong> se presentan cerrados para su transporte. Consulte condiciones y precios de env\u00edo para los modelos CF.<br \/>&#8211; La decoraci\u00f3n presente en los art\u00edculos de este cat\u00e1logo es orientativa. Consulte con su comercial si su elecci\u00f3n tiene alguna modificaci\u00f3n en su presentaci\u00f3n.<\/p>\r\n\r\n\r\n\r\n<h2><strong>Reclamaciones<\/strong><\/h2>\r\n<p>\u00b7 Los cambios de producto se realizar\u00e1n hasta el<strong> 14 de enero siguiente a Navidad<\/strong>, siempre presentando el art\u00edculo afectado.<br \/>\u00b7 No se admiten reclamaciones por p\u00e9rdidas de vac\u00edo transcurridas<strong> 72 horas posteriores a la entrega.<\/strong><\/p>\r\n<h2><strong>Condicions de pagament<\/strong><\/h2>\r\n\r\n\r\n\r\n<p><strong>Pedidos inferiores a 1.000 \u20ac y clientes nuevos con entregas a domicilios:<\/strong> PAGO ANTES DE LA ENTREGA.<br \/>Resto de casos: el pago hay que realizarlo mediante EFECTIVO, CHEQUE BANCARIO o TRANSFERENCIA BANCARIA, o bien facilit\u00e1ndonos un n\u00famero de cuenta para cargar el importe facturado con un vencimiento m\u00e1ximo de 30 d\u00edas. Todas las operaciones estar\u00e1n garantizadas por Cr\u00e9dito y Cauci\u00f3n.<\/p>\r\n<p><strong>En el caso de pedido web, el pago ser\u00e0 mediante tarjeta bancaria o bizum<\/strong><\/p>\r\n","protected":false},"excerpt":{"rendered":"<p>\u00a0 Contenidos Los contenidos reales son los indicados en el texto. En caso de discrepancia entre texto y fotograf\u00eda, siempre predomina aquello indicado en el&#8230;<\/p>\n","protected":false},"author":1,"featured_media":0,"parent":0,"menu_order":0,"comment_status":"closed","ping_status":"closed","template":"","meta":{"om_disable_all_campaigns":false,"_joinchat":[],"footnotes":""},"class_list":["post-10891","page","type-page","status-publish","hentry"],"acf":[],"yoast_head":"<!-- This site is optimized with the Yoast SEO plugin v27.3 - https:\/\/yoast.com\/product\/yoast-seo-wordpress\/ -->\n<title>T\u00e9rminos y condiciones - Llobet Regals<\/title>\n<meta name=\"robots\" content=\"noindex, nofollow\" \/>\n<meta property=\"og:locale\" content=\"es_ES\" \/>\n<meta property=\"og:type\" content=\"article\" \/>\n<meta property=\"og:title\" content=\"T\u00e9rminos y condiciones - Llobet Regals\" \/>\n<meta property=\"og:description\" content=\"\u00a0 Contenidos Los contenidos reales son los indicados en el texto. En caso de discrepancia entre texto y fotograf\u00eda, siempre predomina aquello indicado en el...\" \/>\n<meta property=\"og:url\" content=\"https:\/\/www.llobetregals.com\/termes-i-condicions\/\" \/>\n<meta property=\"og:site_name\" content=\"Llobet Regals\" \/>\n<meta property=\"article:modified_time\" content=\"2026-03-20T16:03:31+00:00\" \/>\n<meta name=\"twitter:card\" content=\"summary_large_image\" \/>\n<meta name=\"twitter:label1\" content=\"Tiempo de lectura\" \/>\n\t<meta name=\"twitter:data1\" content=\"4 minutos\" \/>\n<script type=\"application\/ld+json\" class=\"yoast-schema-graph\">{\"@context\":\"https:\\\/\\\/schema.org\",\"@graph\":[{\"@type\":\"WebPage\",\"@id\":\"https:\\\/\\\/www.llobetregals.com\\\/termes-i-condicions\\\/\",\"url\":\"https:\\\/\\\/www.llobetregals.com\\\/termes-i-condicions\\\/\",\"name\":\"T\u00e9rminos y condiciones - Llobet Regals\",\"isPartOf\":{\"@id\":\"https:\\\/\\\/www.llobetregals.com\\\/#website\"},\"datePublished\":\"2020-08-04T09:50:22+00:00\",\"dateModified\":\"2026-03-20T16:03:31+00:00\",\"breadcrumb\":{\"@id\":\"https:\\\/\\\/www.llobetregals.com\\\/termes-i-condicions\\\/#breadcrumb\"},\"inLanguage\":\"es\",\"potentialAction\":[{\"@type\":\"ReadAction\",\"target\":[\"https:\\\/\\\/www.llobetregals.com\\\/termes-i-condicions\\\/\"]}]},{\"@type\":\"BreadcrumbList\",\"@id\":\"https:\\\/\\\/www.llobetregals.com\\\/termes-i-condicions\\\/#breadcrumb\",\"itemListElement\":[{\"@type\":\"ListItem\",\"position\":1,\"name\":\"Inici\",\"item\":\"https:\\\/\\\/www.llobetregals.com\\\/es\\\/\"},{\"@type\":\"ListItem\",\"position\":2,\"name\":\"T\u00e9rminos y condiciones\"}]},{\"@type\":\"WebSite\",\"@id\":\"https:\\\/\\\/www.llobetregals.com\\\/#website\",\"url\":\"https:\\\/\\\/www.llobetregals.com\\\/\",\"name\":\"Llobet Regals\",\"description\":\"Fem Lots Nadal des de fa m\u00e9s de 50 anys.\",\"potentialAction\":[{\"@type\":\"SearchAction\",\"target\":{\"@type\":\"EntryPoint\",\"urlTemplate\":\"https:\\\/\\\/www.llobetregals.com\\\/?s={search_term_string}\"},\"query-input\":{\"@type\":\"PropertyValueSpecification\",\"valueRequired\":true,\"valueName\":\"search_term_string\"}}],\"inLanguage\":\"es\"}]}<\/script>\n<!-- \/ Yoast SEO plugin. -->","yoast_head_json":{"title":"T\u00e9rminos y condiciones - Llobet Regals","robots":{"index":"noindex","follow":"nofollow"},"og_locale":"es_ES","og_type":"article","og_title":"T\u00e9rminos y condiciones - Llobet Regals","og_description":"\u00a0 Contenidos Los contenidos reales son los indicados en el texto. En caso de discrepancia entre texto y fotograf\u00eda, siempre predomina aquello indicado en el...","og_url":"https:\/\/www.llobetregals.com\/termes-i-condicions\/","og_site_name":"Llobet Regals","article_modified_time":"2026-03-20T16:03:31+00:00","twitter_card":"summary_large_image","twitter_misc":{"Tiempo de lectura":"4 minutos"},"schema":{"@context":"https:\/\/schema.org","@graph":[{"@type":"WebPage","@id":"https:\/\/www.llobetregals.com\/termes-i-condicions\/","url":"https:\/\/www.llobetregals.com\/termes-i-condicions\/","name":"T\u00e9rminos y condiciones - Llobet Regals","isPartOf":{"@id":"https:\/\/www.llobetregals.com\/#website"},"datePublished":"2020-08-04T09:50:22+00:00","dateModified":"2026-03-20T16:03:31+00:00","breadcrumb":{"@id":"https:\/\/www.llobetregals.com\/termes-i-condicions\/#breadcrumb"},"inLanguage":"es","potentialAction":[{"@type":"ReadAction","target":["https:\/\/www.llobetregals.com\/termes-i-condicions\/"]}]},{"@type":"BreadcrumbList","@id":"https:\/\/www.llobetregals.com\/termes-i-condicions\/#breadcrumb","itemListElement":[{"@type":"ListItem","position":1,"name":"Inici","item":"https:\/\/www.llobetregals.com\/es\/"},{"@type":"ListItem","position":2,"name":"T\u00e9rminos y condiciones"}]},{"@type":"WebSite","@id":"https:\/\/www.llobetregals.com\/#website","url":"https:\/\/www.llobetregals.com\/","name":"Llobet Regals","description":"Fem Lots Nadal des de fa m\u00e9s de 50 anys.","potentialAction":[{"@type":"SearchAction","target":{"@type":"EntryPoint","urlTemplate":"https:\/\/www.llobetregals.com\/?s={search_term_string}"},"query-input":{"@type":"PropertyValueSpecification","valueRequired":true,"valueName":"search_term_string"}}],"inLanguage":"es"}]}},"_links":{"self":[{"href":"https:\/\/www.llobetregals.com\/es\/wp-json\/wp\/v2\/pages\/10891","targetHints":{"allow":["GET"]}}],"collection":[{"href":"https:\/\/www.llobetregals.com\/es\/wp-json\/wp\/v2\/pages"}],"about":[{"href":"https:\/\/www.llobetregals.com\/es\/wp-json\/wp\/v2\/types\/page"}],"author":[{"embeddable":true,"href":"https:\/\/www.llobetregals.com\/es\/wp-json\/wp\/v2\/users\/1"}],"replies":[{"embeddable":true,"href":"https:\/\/www.llobetregals.com\/es\/wp-json\/wp\/v2\/comments?post=10891"}],"version-history":[{"count":7,"href":"https:\/\/www.llobetregals.com\/es\/wp-json\/wp\/v2\/pages\/10891\/revisions"}],"predecessor-version":[{"id":38048,"href":"https:\/\/www.llobetregals.com\/es\/wp-json\/wp\/v2\/pages\/10891\/revisions\/38048"}],"wp:attachment":[{"href":"https:\/\/www.llobetregals.com\/es\/wp-json\/wp\/v2\/media?parent=10891"}],"curies":[{"name":"wp","href":"https:\/\/api.w.org\/{rel}","templated":true}]}}