{"id":10887,"date":"2020-07-20T14:47:44","date_gmt":"2020-07-20T12:47:44","guid":{"rendered":"https:\/\/www.llobetregals.com\/politica-de-privacidad\/"},"modified":"2026-03-20T17:03:00","modified_gmt":"2026-03-20T16:03:00","slug":"politica-de-privacidad","status":"publish","type":"page","link":"https:\/\/www.llobetregals.com\/es\/politica-de-privacidad\/","title":{"rendered":"Pol\u00edtica de privacidad"},"content":{"rendered":"<h1>Pol\u00edtica de Privacidad<\/h1>\n<p class=\"p1\">En\u00a0SUPERMERCADOS\u00a0LLOBET, S.A. estamos especialmente concienciados por la confidencialidad de los datos de car\u00e1cter personal que usted como cliente\/usuario nos facilita, y mediante este texto le informamos de forma detallada de nuestra\u00a0politica\u00a0de privacidad en materia de protecci\u00f3n de datos, as\u00ed como de los derechos que le asisten.<\/p>\n<p class=\"p1\">Por ello, y en virtud del Reglamento General de Protecci\u00f3n de Datos de la Uni\u00f3n Europea (RGPD), Reglamento UE 2016\/679 del Parlamento Europeo y de Consejo de 27 de abril de 2016, as\u00ed como la Ley Org\u00e1nica 3\/2018 de 5 de Diciembre de Protecci\u00f3n de datos y Garant\u00eda de los Derechos Digitales y en atenci\u00f3n al principio de transparencia, ponemos a su disposici\u00f3n informaci\u00f3n relevante sobre el tratamiento de datos personales, con el fin de dar a conocer en todo momento, como tratamos los mismos, con qu\u00e9 finalidad y los derechos correspondientes.<br \/>\n<b>RESPONSABLE DEL TRATAMIENTO<\/b>:\u00a0SUPERMERCADOS\u00a0LLOBET, S.A. &#8211; A08612103, con domicilio en Carretera de Manresa a Berga, Km 2,7. 08272 Santo\u00a0Fruit\u00f3s\u00a0del Bages. Tel\u00e9fono 938788078 y mail: <a href=\"mailto:rgpd@grupllobet.com\"><span class=\"s1\">rgpd@grupllobet.com<\/span><\/a><\/p>\n<p class=\"p1\"><b>FINALIDAD:<\/b><\/p>\n<p class=\"p1\">La finalidad de la creaci\u00f3n, existencia y mantenimiento del tratamiento de datos del tratamiento General de Administraci\u00f3n, es la de poder realizar, gestionar, administrar, dirigir, informar, facturar y realizar las tareas de seguimiento pertinente de clientes y proveedores, con exclusivos fines de de poder hacer efectiva nuestra relaci\u00f3n comercial\/contractual<br \/>\nEn relaci\u00f3n a los datos personales recogidos a trav\u00e9s de la \u201cTarjeta Cliente\u201d el objetivo se gestionar las ofertas\/ promociones\/descuentos y\u00a0otras\u00a0acciones comerciales vinculadas al cliente.<\/p>\n<p><b>LEGITIMACI\u00d3N:<\/b><\/p>\n<p>La base legal para el tratamiento de los datos de clientes y proveedores\u00a0correspondientes\u00a0al tratamiento General d\u00b4Administraci\u00f3n es la ejecuci\u00f3n de la relaci\u00f3n comercial con los mismos y su correspondiente facturaci\u00f3n.La informaci\u00f3n personal se conservar\u00e1 mientras se mantenga la relaci\u00f3n contractual\/comercial o durante el tiempo estrictamente necesario para cumplir con las obligaciones legales.<\/p>\n<p class=\"p1\">En relaci\u00f3n a la gesti\u00f3n de la \u201cTarjeta Cliente\u201d la base legal que justifica la recogida y tenencia de datos de car\u00e1cter personal de los clientes es el consentimiento expreso obtenido del titular del dato (\u201cFormulario Alta Cliente\u201d) as\u00ed como l\u00b4inter\u00e9s leg\u00edtimo del mismo para poder beneficiarse de los descuentos\/ofertas y\/o promociones correspondientes. En este caso, la informaci\u00f3n de car\u00e1cter personal del interesado se conservar\u00e1 hasta que \u00e9l mismo no solicite la baja.<\/p>\n<p class=\"p1\"><b>COMUNICACIONES COMERCIALES<\/b><\/p>\n<p class=\"p1\">En base al consentimiento otorgado de manera afirmativa y expr\u00e9s, nos permite poder enviarle informaci\u00f3n comercial sobre nuestros productos\/promociones\/ofertas\/novedades y otras a trav\u00e9s de correo electr\u00f3nico\/SMS\/Whatsapp y\/o correo postal. El propio cliente marcar\u00e1 de forma expresa el canal a trav\u00e9s del cual querr\u00e1 recibir la mencionada informaci\u00f3n. Este consentimiento podr\u00e1 ser revocado en cualquier momento a trav\u00e9s de nuestro correo electr\u00f3nico.<span class=\"Apple-converted-space\">\u00a0 <\/span><a href=\"mailto:rgpd@grupllobet.com\"><span class=\"s1\">rgpd@grupllobet.com<\/span><\/a><span class=\"Apple-converted-space\">\u00a0 <\/span>en caso de los correos\u00a0electronicos\u00a0y\/o postales o bien escribiendo la palabra \u201cBaja\u201d si se hace a trav\u00e9s de SMS\/Whatsapp.<br \/>\n<b><\/b><\/p>\n<p class=\"p1\"><b>PERIODO DE CONSERVACI\u00d3N<\/b><\/p>\n<p class=\"p2\">Los datos proporcionados se conservar\u00e1n mientras se mantenga la relaci\u00f3n comercial entre el responsable del tratamiento y titular de los datos o durante los a\u00f1os necesarios para cumplir con las obligaciones legales. En relaci\u00f3n a los datos recogidos a trav\u00e9s de nuestra Tarjeta Cliente se conservar\u00e1n mientras no solicite el cese de la actividad a trav\u00e9s de nuestros canales de contacto especificados<span class=\"Apple-converted-space\">\u00a0 <\/span>en el apartado anterior<\/p>\n<p><b>DESTINATARIOS:<\/b><\/p>\n<p class=\"p2\">Mientras dure el tratamiento de los datos del interesado\u00a0SUPERMERCADOS\u00a0LLOBET, S.A. no ceder\u00e1 los datos a terceros, salvo que haya<span class=\"Apple-converted-space\">\u00a0 <\/span>una obligaci\u00f3n legal.<\/p>\n<p>En los supuestos que, para la realizaci\u00f3n de tratamientos de tipo administrativo,fiscal, contable\/comercial\/gesti\u00f3n servicios,etc. se cuente con los servicios de terceros, se formalizar\u00e1 debidamente el preceptivo contrato de encargado de tratamiento, con el fin de garantizar la seguridad y confidencialidad de los datos del interesado ante terceros.<\/p>\n<p>SUPERMERCADOS\u00a0LLOBET, S.A., no realizar\u00e1 en ning\u00fan caso\u00a0Transferencies\u00a0Internacionales de los datos de sus clientes y\/o proveedores.<\/p>\n<p><b>DERECHOS:<\/b><\/p>\n<p class=\"p1\">Las personas interesadas tienen derecho a acceder a sus datos de car\u00e1cter personal, as\u00ed como a solicitar la rectificaci\u00f3n de las inexactos o, si procede, solicitar la supresi\u00f3n cuando, entre otros motivos, los datos ya no sean necessaries por el fin que fueron entregados as\u00ed como retirar el consentimiento otorgado. El ejercicio de oposici\u00f3n al tratamiento de sus datos para el env\u00edo de informaci\u00f3n publicitaria por v\u00eda electr\u00f3nica. Tambi\u00e9n puede ejercer su derecho en la limitaci\u00f3n del tratamiento, de forma que sus datos no ser\u00e1n suprimidos pero el tratamiento de los mismos estar\u00e1 sujeto a limitaciones.<\/p>\n<p class=\"p1\">Los ejercicios de portabilidad y automatizaci\u00f3n de decisiones no se aplican en este caso por la tipolog\u00eda de datos y tratamiento de las mismos.<\/p>\n<p class=\"p1\">En caso de que sienta vulnerados sus derechos en cuanto a la protecci\u00f3n de sus datos personales, especialmente cuando no haya obtenido satisfacci\u00f3n en el ejercicio de Derechos, puede presentar una reclamaci\u00f3n ante la Autoridad de Control en materia de protecci\u00f3n de datos competente Autoridad de Control.<\/p>\n<p class=\"p1\">Si usted necesita de m\u00e1s informaci\u00f3n y \/ o ayuda en materia de protecci\u00f3n de datos, tiene que saber que, la autoridad de control en Espa\u00f1a que vela por el cumplimiento de la normativa sobre protecci\u00f3n de datos, que garantiza y tutela el derecho fundamental a la protecci\u00f3n de datos personales es:<\/p>\n<p class=\"p2\">Agencia Espa\u00f1ola de Protecci\u00f3n de Datos (AEPD)<br \/>\nC \/\u00a0JorgeJuanN\u00ba6<br \/>\n28001-Madrid<br \/>\n901100099-91263517<br \/>\n<a href=\"http:\/\/www.agpd.es\"><span class=\"s1\">www.agpd.es<\/span><\/a><\/p>\n","protected":false},"excerpt":{"rendered":"<p>Pol\u00edtica de Privacidad En\u00a0SUPERMERCADOS\u00a0LLOBET, S.A. estamos especialmente concienciados por la confidencialidad de los datos de car\u00e1cter personal que usted como cliente\/usuario nos facilita, y mediante&#8230;<\/p>\n","protected":false},"author":1,"featured_media":0,"parent":0,"menu_order":0,"comment_status":"closed","ping_status":"closed","template":"","meta":{"om_disable_all_campaigns":false,"_joinchat":[],"footnotes":""},"class_list":["post-10887","page","type-page","status-publish","hentry"],"acf":[],"yoast_head":"<!-- This site is optimized with the Yoast SEO plugin v27.3 - https:\/\/yoast.com\/product\/yoast-seo-wordpress\/ -->\n<title>Pol\u00edtica de privacidad - Llobet Regals<\/title>\n<meta name=\"robots\" content=\"noindex, nofollow\" \/>\n<meta property=\"og:locale\" content=\"es_ES\" \/>\n<meta property=\"og:type\" content=\"article\" \/>\n<meta property=\"og:title\" content=\"Pol\u00edtica de privacidad - Llobet Regals\" \/>\n<meta property=\"og:description\" content=\"Pol\u00edtica de Privacidad En\u00a0SUPERMERCADOS\u00a0LLOBET, S.A. estamos especialmente concienciados por la confidencialidad de los datos de car\u00e1cter personal que usted como cliente\/usuario nos facilita, y mediante...\" \/>\n<meta property=\"og:url\" content=\"https:\/\/www.llobetregals.com\/politica-de-privadesa\/\" \/>\n<meta property=\"og:site_name\" content=\"Llobet Regals\" \/>\n<meta property=\"article:modified_time\" content=\"2026-03-20T16:03:00+00:00\" \/>\n<meta name=\"twitter:card\" content=\"summary_large_image\" \/>\n<meta name=\"twitter:label1\" content=\"Tiempo de lectura\" \/>\n\t<meta name=\"twitter:data1\" content=\"5 minutos\" \/>\n<script type=\"application\/ld+json\" class=\"yoast-schema-graph\">{\"@context\":\"https:\\\/\\\/schema.org\",\"@graph\":[{\"@type\":\"WebPage\",\"@id\":\"https:\\\/\\\/www.llobetregals.com\\\/politica-de-privadesa\\\/\",\"url\":\"https:\\\/\\\/www.llobetregals.com\\\/politica-de-privadesa\\\/\",\"name\":\"Pol\u00edtica de privacidad - Llobet Regals\",\"isPartOf\":{\"@id\":\"https:\\\/\\\/www.llobetregals.com\\\/#website\"},\"datePublished\":\"2020-07-20T12:47:44+00:00\",\"dateModified\":\"2026-03-20T16:03:00+00:00\",\"breadcrumb\":{\"@id\":\"https:\\\/\\\/www.llobetregals.com\\\/politica-de-privadesa\\\/#breadcrumb\"},\"inLanguage\":\"es\",\"potentialAction\":[{\"@type\":\"ReadAction\",\"target\":[\"https:\\\/\\\/www.llobetregals.com\\\/politica-de-privadesa\\\/\"]}]},{\"@type\":\"BreadcrumbList\",\"@id\":\"https:\\\/\\\/www.llobetregals.com\\\/politica-de-privadesa\\\/#breadcrumb\",\"itemListElement\":[{\"@type\":\"ListItem\",\"position\":1,\"name\":\"Inici\",\"item\":\"https:\\\/\\\/www.llobetregals.com\\\/es\\\/\"},{\"@type\":\"ListItem\",\"position\":2,\"name\":\"Pol\u00edtica de privacidad\"}]},{\"@type\":\"WebSite\",\"@id\":\"https:\\\/\\\/www.llobetregals.com\\\/#website\",\"url\":\"https:\\\/\\\/www.llobetregals.com\\\/\",\"name\":\"Llobet Regals\",\"description\":\"Fem Lots Nadal des de fa m\u00e9s de 50 anys.\",\"potentialAction\":[{\"@type\":\"SearchAction\",\"target\":{\"@type\":\"EntryPoint\",\"urlTemplate\":\"https:\\\/\\\/www.llobetregals.com\\\/?s={search_term_string}\"},\"query-input\":{\"@type\":\"PropertyValueSpecification\",\"valueRequired\":true,\"valueName\":\"search_term_string\"}}],\"inLanguage\":\"es\"}]}<\/script>\n<!-- \/ Yoast SEO plugin. -->","yoast_head_json":{"title":"Pol\u00edtica de privacidad - Llobet Regals","robots":{"index":"noindex","follow":"nofollow"},"og_locale":"es_ES","og_type":"article","og_title":"Pol\u00edtica de privacidad - Llobet Regals","og_description":"Pol\u00edtica de Privacidad En\u00a0SUPERMERCADOS\u00a0LLOBET, S.A. estamos especialmente concienciados por la confidencialidad de los datos de car\u00e1cter personal que usted como cliente\/usuario nos facilita, y mediante...","og_url":"https:\/\/www.llobetregals.com\/politica-de-privadesa\/","og_site_name":"Llobet Regals","article_modified_time":"2026-03-20T16:03:00+00:00","twitter_card":"summary_large_image","twitter_misc":{"Tiempo de lectura":"5 minutos"},"schema":{"@context":"https:\/\/schema.org","@graph":[{"@type":"WebPage","@id":"https:\/\/www.llobetregals.com\/politica-de-privadesa\/","url":"https:\/\/www.llobetregals.com\/politica-de-privadesa\/","name":"Pol\u00edtica de privacidad - Llobet Regals","isPartOf":{"@id":"https:\/\/www.llobetregals.com\/#website"},"datePublished":"2020-07-20T12:47:44+00:00","dateModified":"2026-03-20T16:03:00+00:00","breadcrumb":{"@id":"https:\/\/www.llobetregals.com\/politica-de-privadesa\/#breadcrumb"},"inLanguage":"es","potentialAction":[{"@type":"ReadAction","target":["https:\/\/www.llobetregals.com\/politica-de-privadesa\/"]}]},{"@type":"BreadcrumbList","@id":"https:\/\/www.llobetregals.com\/politica-de-privadesa\/#breadcrumb","itemListElement":[{"@type":"ListItem","position":1,"name":"Inici","item":"https:\/\/www.llobetregals.com\/es\/"},{"@type":"ListItem","position":2,"name":"Pol\u00edtica de privacidad"}]},{"@type":"WebSite","@id":"https:\/\/www.llobetregals.com\/#website","url":"https:\/\/www.llobetregals.com\/","name":"Llobet Regals","description":"Fem Lots Nadal des de fa m\u00e9s de 50 anys.","potentialAction":[{"@type":"SearchAction","target":{"@type":"EntryPoint","urlTemplate":"https:\/\/www.llobetregals.com\/?s={search_term_string}"},"query-input":{"@type":"PropertyValueSpecification","valueRequired":true,"valueName":"search_term_string"}}],"inLanguage":"es"}]}},"_links":{"self":[{"href":"https:\/\/www.llobetregals.com\/es\/wp-json\/wp\/v2\/pages\/10887","targetHints":{"allow":["GET"]}}],"collection":[{"href":"https:\/\/www.llobetregals.com\/es\/wp-json\/wp\/v2\/pages"}],"about":[{"href":"https:\/\/www.llobetregals.com\/es\/wp-json\/wp\/v2\/types\/page"}],"author":[{"embeddable":true,"href":"https:\/\/www.llobetregals.com\/es\/wp-json\/wp\/v2\/users\/1"}],"replies":[{"embeddable":true,"href":"https:\/\/www.llobetregals.com\/es\/wp-json\/wp\/v2\/comments?post=10887"}],"version-history":[{"count":1,"href":"https:\/\/www.llobetregals.com\/es\/wp-json\/wp\/v2\/pages\/10887\/revisions"}],"predecessor-version":[{"id":44778,"href":"https:\/\/www.llobetregals.com\/es\/wp-json\/wp\/v2\/pages\/10887\/revisions\/44778"}],"wp:attachment":[{"href":"https:\/\/www.llobetregals.com\/es\/wp-json\/wp\/v2\/media?parent=10887"}],"curies":[{"name":"wp","href":"https:\/\/api.w.org\/{rel}","templated":true}]}}