{"id":10858,"date":"2019-07-19T13:46:55","date_gmt":"2019-07-19T11:46:55","guid":{"rendered":"https:\/\/www.llobetregals.com\/contacto\/"},"modified":"2026-03-20T17:01:35","modified_gmt":"2026-03-20T16:01:35","slug":"contacto","status":"publish","type":"page","link":"https:\/\/www.llobetregals.com\/es\/contacto\/","title":{"rendered":"Contacto"},"content":{"rendered":"<p>[vc_row css=\u00bb.vc_custom_1563699020322{margin-bottom: 4vw !important;padding-top: 2vw !important;}\u00bb][vc_column width=\u00bb1\/4&#8243; offset=\u00bbvc_hidden-sm vc_hidden-xs\u00bb][\/vc_column][vc_column el_class=\u00bbtext-center\u00bb offset=\u00bbvc_col-lg-6 vc_col-md-6&#8243;][vc_column_text el_class=\u00bbtext-center\u00bb]<\/p>\n<h2><\/h2>\n<h2>Nada supera una llamada 93 876 18 50,<\/h2>\n<h2>pero si quieres env\u00edanos un email<\/h2>\n<p>&nbsp;<\/p>\n<p>Nos encanta <strong>personalizar los regalos de Navidad<\/strong>. Por ello, nos gustar\u00eda mucho conocer tus preferencias para hacerte una propuesta de <strong>cesta o lote de Navidad<\/strong> que te encaje perfectamente. Puedes utilizar el tel\u00e9fono, donde encontrar\u00e1s todo un equipo a tu servicio, o bien rellenar este formulario.<\/p>\n<p><strong>Muchas gracias<\/strong> por tenernos en cuenta a la hora de sorprender las personas a las que aprecias.[\/vc_column_text]\n<div class=\"wpcf7 no-js\" id=\"wpcf7-f11022-o1\" lang=\"en-US\" dir=\"ltr\" data-wpcf7-id=\"11022\">\n<div class=\"screen-reader-response\"><p role=\"status\" aria-live=\"polite\" aria-atomic=\"true\"><\/p> <ul><\/ul><\/div>\n<form action=\"\/es\/wp-json\/wp\/v2\/pages\/10858#wpcf7-f11022-o1\" method=\"post\" class=\"wpcf7-form init\" aria-label=\"Contact form\" novalidate=\"novalidate\" data-status=\"init\">\n<fieldset class=\"hidden-fields-container\"><input type=\"hidden\" name=\"_wpcf7\" value=\"11022\" \/><input type=\"hidden\" name=\"_wpcf7_version\" value=\"6.1.5\" \/><input type=\"hidden\" name=\"_wpcf7_locale\" value=\"en_US\" \/><input type=\"hidden\" name=\"_wpcf7_unit_tag\" value=\"wpcf7-f11022-o1\" \/><input type=\"hidden\" name=\"_wpcf7_container_post\" value=\"0\" \/><input type=\"hidden\" name=\"_wpcf7_posted_data_hash\" value=\"\" \/>\n<\/fieldset>\n<div class=\"form-group\">\n\t<p><span class=\"wpcf7-form-control-wrap\" data-name=\"text-375\"><input size=\"40\" maxlength=\"400\" class=\"wpcf7-form-control wpcf7-text wpcf7-validates-as-required\" aria-required=\"true\" aria-invalid=\"false\" placeholder=\"Nombre\" value=\"\" type=\"text\" name=\"text-375\" \/><\/span>\n\t<\/p>\n\t<p><span class=\"wpcf7-form-control-wrap\" data-name=\"text-878\"><input size=\"40\" maxlength=\"400\" class=\"wpcf7-form-control wpcf7-email wpcf7-validates-as-required wpcf7-text wpcf7-validates-as-email\" aria-required=\"true\" aria-invalid=\"false\" placeholder=\"Email\" value=\"\" type=\"email\" name=\"text-878\" \/><\/span>\n\t<\/p>\n<\/div>\n<p><span class=\"wpcf7-form-control-wrap\" data-name=\"textarea-949\"><textarea cols=\"40\" rows=\"3\" maxlength=\"2000\" class=\"wpcf7-form-control wpcf7-textarea\" aria-invalid=\"false\" placeholder=\"Mensaje\" name=\"textarea-949\"><\/textarea><\/span>\n<\/p>\n<p style=\"font-size: 11px; line-height: 1.2\">En nombre de SUPERMERCADOS LLOBET, S.A. Propietaria del dominio web www.llobetregals.com y en virtud de lo que establece el Reglamento General de Protecci\u00f3n de Datos (UE 1679\/2016) les informamos que tratamos los datos que nos facilita en el presente formulario para poder hacer efectiva su solicitud de registro como cliente. Los datos proporcionados se conservar\u00e1n mientras se mantenga la relaci\u00f3n comercial o los a\u00f1os necessarios para cumplir con las obligaciones legales. Usted tiene derecho a obtener confirmaci\u00f3n sobre s\u00ed en SUPERMERCADOS LLOBET, S.A. estamos tratando sus datos personales por lo tanto tiene derecho a acceder a los mismos, rectificar los inexactos o solicitar su supresi\u00f3n cuando ya no sean necessarios.\n<\/p>\n<p><span class=\"wpcf7-form-control-wrap\" data-name=\"acceptance-938\"><span class=\"wpcf7-form-control wpcf7-acceptance\"><span class=\"wpcf7-list-item\"><input type=\"checkbox\" name=\"acceptance-938\" value=\"1\" aria-invalid=\"false\" \/><\/span><\/span><\/span> He le\u00eddo y acepto el <a href=\"\/es\/aviso-legal\" target=\"_blank\">aviso legal<\/a>\n<\/p>\n<p><input class=\"wpcf7-form-control wpcf7-submit has-spinner\" type=\"submit\" value=\"Enviar\" \/>\n<\/p><div class=\"wpcf7-response-output\" aria-hidden=\"true\"><\/div>\n<\/form>\n<\/div>\n[vc_column_text css=\u00bb.vc_custom_1601017108538{margin-top: 40px !important;}\u00bb]<\/p>\n<p style=\"font-weight: 400;\"><strong>Tienda y Exposici\u00f3n de Lotes de Navidad<\/strong><br \/>\nCrta C16c. Pol\u00edgon Industrial \u201cLa Serreta\u201d<br \/>\nC\/Vallcebre, naus 1-11<br \/>\n08272 Sant Fruit\u00f3s de Bages<br \/>\nBarcelona<\/p>\n<p>[\/vc_column_text][\/vc_column][vc_column width=\u00bb1\/4&#8243; offset=\u00bbvc_hidden-sm vc_hidden-xs\u00bb][\/vc_column][\/vc_row]<\/p>\n","protected":false},"excerpt":{"rendered":"<p>[vc_row css=\u00bb.vc_custom_1563699020322{margin-bottom: 4vw !important;padding-top: 2vw !important;}\u00bb][vc_column width=\u00bb1\/4&#8243; offset=\u00bbvc_hidden-sm vc_hidden-xs\u00bb][\/vc_column][vc_column el_class=\u00bbtext-center\u00bb offset=\u00bbvc_col-lg-6 vc_col-md-6&#8243;][vc_column_text el_class=\u00bbtext-center\u00bb] Nada supera una llamada 93 876 18 50, pero si quieres env\u00edanos&#8230;<\/p>\n","protected":false},"author":1,"featured_media":0,"parent":0,"menu_order":0,"comment_status":"closed","ping_status":"closed","template":"","meta":{"om_disable_all_campaigns":false,"_joinchat":[],"footnotes":""},"class_list":["post-10858","page","type-page","status-publish","hentry"],"acf":[],"yoast_head":"<!-- This site is optimized with the Yoast SEO plugin v27.3 - https:\/\/yoast.com\/product\/yoast-seo-wordpress\/ -->\n<title>Contacto - Llobet Regals<\/title>\n<meta name=\"robots\" content=\"noindex, nofollow\" \/>\n<meta property=\"og:locale\" content=\"es_ES\" \/>\n<meta property=\"og:type\" content=\"article\" \/>\n<meta property=\"og:title\" content=\"Contacto - Llobet Regals\" \/>\n<meta property=\"og:description\" content=\"[vc_row css=\u00bb.vc_custom_1563699020322{margin-bottom: 4vw !important;padding-top: 2vw !important;}\u00bb][vc_column width=\u00bb1\/4&#8243; offset=\u00bbvc_hidden-sm vc_hidden-xs\u00bb][\/vc_column][vc_column el_class=\u00bbtext-center\u00bb offset=\u00bbvc_col-lg-6 vc_col-md-6&#8243;][vc_column_text el_class=\u00bbtext-center\u00bb] Nada supera una llamada 93 876 18 50, pero si quieres env\u00edanos...\" \/>\n<meta property=\"og:url\" content=\"https:\/\/www.llobetregals.com\/es\/contacto\/\" \/>\n<meta property=\"og:site_name\" content=\"Llobet Regals\" \/>\n<meta property=\"article:modified_time\" content=\"2026-03-20T16:01:35+00:00\" \/>\n<meta name=\"twitter:card\" content=\"summary_large_image\" \/>\n<meta name=\"twitter:label1\" content=\"Tiempo de lectura\" \/>\n\t<meta name=\"twitter:data1\" content=\"1 minuto\" \/>\n<script type=\"application\/ld+json\" class=\"yoast-schema-graph\">{\"@context\":\"https:\\\/\\\/schema.org\",\"@graph\":[{\"@type\":\"WebPage\",\"@id\":\"https:\\\/\\\/www.llobetregals.com\\\/es\\\/contacto\\\/\",\"url\":\"https:\\\/\\\/www.llobetregals.com\\\/es\\\/contacto\\\/\",\"name\":\"Contacto - Llobet Regals\",\"isPartOf\":{\"@id\":\"https:\\\/\\\/www.llobetregals.com\\\/#website\"},\"datePublished\":\"2019-07-19T11:46:55+00:00\",\"dateModified\":\"2026-03-20T16:01:35+00:00\",\"breadcrumb\":{\"@id\":\"https:\\\/\\\/www.llobetregals.com\\\/es\\\/contacto\\\/#breadcrumb\"},\"inLanguage\":\"es\",\"potentialAction\":[{\"@type\":\"ReadAction\",\"target\":[\"https:\\\/\\\/www.llobetregals.com\\\/es\\\/contacto\\\/\"]}]},{\"@type\":\"BreadcrumbList\",\"@id\":\"https:\\\/\\\/www.llobetregals.com\\\/es\\\/contacto\\\/#breadcrumb\",\"itemListElement\":[{\"@type\":\"ListItem\",\"position\":1,\"name\":\"Inici\",\"item\":\"https:\\\/\\\/www.llobetregals.com\\\/es\\\/\"},{\"@type\":\"ListItem\",\"position\":2,\"name\":\"Contacto\"}]},{\"@type\":\"WebSite\",\"@id\":\"https:\\\/\\\/www.llobetregals.com\\\/#website\",\"url\":\"https:\\\/\\\/www.llobetregals.com\\\/\",\"name\":\"Llobet Regals\",\"description\":\"Fem Lots Nadal des de fa m\u00e9s de 50 anys.\",\"potentialAction\":[{\"@type\":\"SearchAction\",\"target\":{\"@type\":\"EntryPoint\",\"urlTemplate\":\"https:\\\/\\\/www.llobetregals.com\\\/?s={search_term_string}\"},\"query-input\":{\"@type\":\"PropertyValueSpecification\",\"valueRequired\":true,\"valueName\":\"search_term_string\"}}],\"inLanguage\":\"es\"}]}<\/script>\n<!-- \/ Yoast SEO plugin. -->","yoast_head_json":{"title":"Contacto - Llobet Regals","robots":{"index":"noindex","follow":"nofollow"},"og_locale":"es_ES","og_type":"article","og_title":"Contacto - Llobet Regals","og_description":"[vc_row css=\u00bb.vc_custom_1563699020322{margin-bottom: 4vw !important;padding-top: 2vw !important;}\u00bb][vc_column width=\u00bb1\/4&#8243; offset=\u00bbvc_hidden-sm vc_hidden-xs\u00bb][\/vc_column][vc_column el_class=\u00bbtext-center\u00bb offset=\u00bbvc_col-lg-6 vc_col-md-6&#8243;][vc_column_text el_class=\u00bbtext-center\u00bb] Nada supera una llamada 93 876 18 50, pero si quieres env\u00edanos...","og_url":"https:\/\/www.llobetregals.com\/es\/contacto\/","og_site_name":"Llobet Regals","article_modified_time":"2026-03-20T16:01:35+00:00","twitter_card":"summary_large_image","twitter_misc":{"Tiempo de lectura":"1 minuto"},"schema":{"@context":"https:\/\/schema.org","@graph":[{"@type":"WebPage","@id":"https:\/\/www.llobetregals.com\/es\/contacto\/","url":"https:\/\/www.llobetregals.com\/es\/contacto\/","name":"Contacto - Llobet Regals","isPartOf":{"@id":"https:\/\/www.llobetregals.com\/#website"},"datePublished":"2019-07-19T11:46:55+00:00","dateModified":"2026-03-20T16:01:35+00:00","breadcrumb":{"@id":"https:\/\/www.llobetregals.com\/es\/contacto\/#breadcrumb"},"inLanguage":"es","potentialAction":[{"@type":"ReadAction","target":["https:\/\/www.llobetregals.com\/es\/contacto\/"]}]},{"@type":"BreadcrumbList","@id":"https:\/\/www.llobetregals.com\/es\/contacto\/#breadcrumb","itemListElement":[{"@type":"ListItem","position":1,"name":"Inici","item":"https:\/\/www.llobetregals.com\/es\/"},{"@type":"ListItem","position":2,"name":"Contacto"}]},{"@type":"WebSite","@id":"https:\/\/www.llobetregals.com\/#website","url":"https:\/\/www.llobetregals.com\/","name":"Llobet Regals","description":"Fem Lots Nadal des de fa m\u00e9s de 50 anys.","potentialAction":[{"@type":"SearchAction","target":{"@type":"EntryPoint","urlTemplate":"https:\/\/www.llobetregals.com\/?s={search_term_string}"},"query-input":{"@type":"PropertyValueSpecification","valueRequired":true,"valueName":"search_term_string"}}],"inLanguage":"es"}]}},"_links":{"self":[{"href":"https:\/\/www.llobetregals.com\/es\/wp-json\/wp\/v2\/pages\/10858","targetHints":{"allow":["GET"]}}],"collection":[{"href":"https:\/\/www.llobetregals.com\/es\/wp-json\/wp\/v2\/pages"}],"about":[{"href":"https:\/\/www.llobetregals.com\/es\/wp-json\/wp\/v2\/types\/page"}],"author":[{"embeddable":true,"href":"https:\/\/www.llobetregals.com\/es\/wp-json\/wp\/v2\/users\/1"}],"replies":[{"embeddable":true,"href":"https:\/\/www.llobetregals.com\/es\/wp-json\/wp\/v2\/comments?post=10858"}],"version-history":[{"count":3,"href":"https:\/\/www.llobetregals.com\/es\/wp-json\/wp\/v2\/pages\/10858\/revisions"}],"predecessor-version":[{"id":38074,"href":"https:\/\/www.llobetregals.com\/es\/wp-json\/wp\/v2\/pages\/10858\/revisions\/38074"}],"wp:attachment":[{"href":"https:\/\/www.llobetregals.com\/es\/wp-json\/wp\/v2\/media?parent=10858"}],"curies":[{"name":"wp","href":"https:\/\/api.w.org\/{rel}","templated":true}]}}