{"id":10852,"date":"2019-07-19T13:46:46","date_gmt":"2019-07-19T11:46:46","guid":{"rendered":"https:\/\/www.llobetregals.com\/nosotros\/"},"modified":"2026-03-20T17:02:27","modified_gmt":"2026-03-20T16:02:27","slug":"nosotros","status":"publish","type":"page","link":"https:\/\/www.llobetregals.com\/es\/nosotros\/","title":{"rendered":"Nosotros"},"content":{"rendered":"<p>[vc_row full_width=\u00bbstretch_row_content_no_spaces\u00bb equal_height=\u00bbyes\u00bb content_placement=\u00bbmiddle\u00bb et_uniqid=\u00bbet_custom_uniqid_5f3fdbf2962c5&#8243; _et_uniqid=\u00bbet_custom_uniqid_new_65007e007f53f\u00bb css=\u00bb.vc_custom_1694531118752{padding-top: 100px !important;padding-bottom: 6vw !important;background-image: url(https:\/\/www.llobetregals.com\/wp-content\/uploads\/2023\/09\/10-scaled.jpg?id=30396) !important;background-position: center !important;background-repeat: no-repeat !important;background-size: cover !important;}\u00bb][vc_column et_uniqid=\u00bbet_custom_uniqid_5f4366ca42417&#8243; css=\u00bb.vc_custom_1598598849409{padding-top: 120px !important;padding-bottom: 50px !important;background-position: center !important;background-repeat: no-repeat !important;background-size: cover !important;}\u00bb _et_uniqid=\u00bbet_custom_uniqid_new_5f48aea78d174&#8243;][vc_custom_heading text=\u00bbNosotros\u00bb font_container=\u00bbtag:p|font_size:40|text_align:center|color:%23ffffff|line_height:1.3&#8243; google_fonts=\u00bbfont_family:caslon-black%3A\u00bb][vc_column_text css=\u00bb.vc_custom_1601885852241{margin-bottom: 40px !important;}\u00bb el_class=\u00bbtext-white\u00bb]<\/p>\n<p style=\"text-align: center; max-width: 660px; margin: 0 auto;\"><strong>Hacemos lotes y cestas de Navidad desde hace m\u00e1s de 50 a\u00f1os. Ramon Llobet, actualmente presidente de la compa\u00f1\u00eda, fue uno de los pioneros de todo el Estado espa\u00f1ol y, desde entonces, no hemos dejado de innovar.<\/strong><br \/>\nHoy somos una de las empresas de referencia tanto para proveedores como para clientes.<\/p>\n<p style=\"text-align: center; max-width: 660px; margin: 0 auto;\">Sin embargo, cada campa\u00f1a supone para nosotros un nuevo reto. Cada verano, el contador se pone a cero y trabajamos para ofrecer las mejores propuestas, al mejor precio y con el mejor servicio.<\/p>\n<p>[\/vc_column_text][\/vc_column][\/vc_row][vc_row full_width=\u00bbstretch_row_content_no_spaces\u00bb equal_height=\u00bbyes\u00bb content_placement=\u00bbmiddle\u00bb et_uniqid=\u00bbet_custom_uniqid_5f3fdbf2962c5&#8243; _et_uniqid=\u00bbet_custom_uniqid_new_5f48b024befd5&#8243; css=\u00bb.vc_custom_1598599224973{border-top-width: 4px !important;border-bottom-width: 4px !important;border-top-color: #ffffff !important;border-top-style: solid !important;border-bottom-color: #ffffff !important;border-bottom-style: solid !important;}\u00bb][vc_column width=\u00bb1\/2&#8243; et_uniqid=\u00bbet_custom_uniqid_5f436ae33ca5a\u00bb css=\u00bb.vc_custom_1762504430982{background-image: url(https:\/\/www.llobetregals.com\/wp-content\/uploads\/2020\/09\/ENVIADA-LLOBET-0223-1.jpg?id=10786) !important;background-position: center !important;background-repeat: no-repeat !important;background-size: cover !important;}\u00bb _et_uniqid=\u00bbet_custom_uniqid_new_690daee65e181&#8243; el_class=\u00bbcolumn-img\u00bb][\/vc_column][vc_column width=\u00bb1\/2&#8243; et_uniqid=\u00bbet_custom_uniqid_5f3fdb59456c6&#8243; css=\u00bb.vc_custom_1694531211551{padding-top: 4vw !important;padding-right: 4vw !important;padding-bottom: 4vw !important;padding-left: 8vw !important;background-color: #e0e1e6 !important;}\u00bb _et_uniqid=\u00bbet_custom_uniqid_new_65007e78861d8&#8243; el_class=\u00bbtext-white\u00bb][vc_custom_heading text=\u00bbUna familia<br \/>\ncompletamente<br \/>\ninvolucrada<br \/>\nen cada campa\u00f1a\u00bb font_container=\u00bbtag:p|font_size:45|text_align:left|color:%23737373|line_height:1.1&#8243; google_fonts=\u00bbfont_family:Caslon-black%3A\u00bb][vc_column_text css=\u00bb.vc_custom_1694531244607{margin-bottom: 40px !important;}\u00bb]<\/p>\n<p style=\"color: #737373; max-width: 280px;\"><strong>Ramon Llobet, Ignasi Llobet e Isabel Hern\u00e1ndez <\/strong> trabajan en cada una de las campa\u00f1as, incansablemente, para mantener el prestigio que <strong>Llobet Regals<\/strong> ha ido adquiriendo a lo largo de los a\u00f1os.<br \/>\nCon ellos, un equipo de un centenar de personas se implica ya desde septiembre para que los <strong>lotes y cestas de Navidad<\/strong> lleguen perfectas a casa de los clientes que conf\u00edan en nosotros.<\/p>\n<p>[\/vc_column_text][\/vc_column][\/vc_row][vc_row full_width=\u00bbstretch_row_content_no_spaces\u00bb equal_height=\u00bbyes\u00bb content_placement=\u00bbmiddle\u00bb et_uniqid=\u00bbet_custom_uniqid_5f3fdbf2962c5&#8243; _et_uniqid=\u00bbet_custom_uniqid_new_65007eeb75111&#8243; css=\u00bb.vc_custom_1694531322069{background-image: url(https:\/\/www.llobetregals.com\/wp-content\/uploads\/2023\/09\/9-scaled.jpg?id=30629) !important;background-position: center !important;background-repeat: no-repeat !important;background-size: cover !important;}\u00bb][vc_column width=\u00bb1\/2&#8243; et_uniqid=\u00bbet_custom_uniqid_5f436ae33ca5a\u00bb css=\u00bb.vc_custom_1598599384409{padding-top: 4vw !important;padding-right: 30px !important;padding-bottom: 4vw !important;padding-left: 30px !important;background-position: center !important;background-repeat: no-repeat !important;background-size: cover !important;}\u00bb _et_uniqid=\u00bbet_custom_uniqid_new_5f48b0c4cd94b\u00bb][vc_custom_heading text=\u00bbLa tienda f\u00edsica:<br \/>\nuna experienca<br \/>\nsin comparaci\u00f3n\u00bb font_container=\u00bbtag:p|font_size:45|text_align:center|color:%23ffffff|line_height:1.1&#8243; google_fonts=\u00bbfont_family:caslon-black%3A\u00bb css=\u00bb.vc_custom_1599750162185{margin-top: 0px !important;padding-top: 0px !important;}\u00bb][\/vc_column][vc_column width=\u00bb1\/2&#8243; et_uniqid=\u00bbet_custom_uniqid_5f3fdb59456c6&#8243; css=\u00bb.vc_custom_1598254307268{padding-top: 6vw !important;padding-right: 4vw !important;padding-bottom: 6vw !important;padding-left: 40px !important;}\u00bb _et_uniqid=\u00bbet_custom_uniqid_new_5f436cd983606&#8243; el_class=\u00bbtext-white\u00bb][\/vc_column][\/vc_row][vc_row full_width=\u00bbstretch_row_content_no_spaces\u00bb equal_height=\u00bbyes\u00bb content_placement=\u00bbmiddle\u00bb columns_reverse=\u00bbtrue\u00bb][vc_column et_uniqid=\u00bbet_custom_uniqid_5f3fdf46120ae\u00bb css=\u00bb.vc_custom_1598021453806{padding-top: 4vw !important;padding-right: 30px !important;padding-bottom: 4vw !important;padding-left: 3vw !important;background-position: center !important;background-repeat: no-repeat !important;background-size: cover !important;}\u00bb _et_uniqid=\u00bbet_custom_uniqid_new_5f3fdf464dc4e\u00bb][vc_column_text css=\u00bb.vc_custom_1757929131218{margin-bottom: 45px !important;}\u00bb]<\/p>\n<p style=\"text-align: center;\"><strong>Del 8 DE NOVIEMBRE al 5 DE ENERO<\/strong><\/p>\n<h2 style=\"text-align: center; font-family: 'caslon-black'; font-size: 28px;\">La experiencia de venir a comprar<br \/>\nla cesta, el lote o el regalo de Navidad<br \/>\nen la tienda de Sant Fruit\u00f3s de Bages<\/h2>\n<p style=\"text-align: center; margin-top: 40px;\">Horarios:<br \/>\n<strong>Noviembre:<\/strong> de lunes a s\u00e1bado de <strong>9 a 14h<\/strong> y de <strong>16h a 20h<\/strong><br \/>\n<strong>Diciembre:<\/strong> de lunes a domingo y festivos de <strong>9 a 14h<\/strong> y de <strong>16h a 20h<\/strong><\/p>\n<p>[\/vc_column_text][vc_row_inner equal_height=\u00bbyes\u00bb content_placement=\u00bbmiddle\u00bb gap=\u00bb30&#8243; et_uniqid=\u00bbet_custom_uniqid_5f43687c2837c\u00bb _et_uniqid=\u00bbet_custom_uniqid_new_5f43691838a9b\u00bb css=\u00bb.vc_custom_1598253344483{padding-right: 40px !important;padding-left: 40px !important;}\u00bb][vc_column_inner width=\u00bb1\/2&#8243; css=\u00bb.vc_custom_1598253322024{padding-right: 0px !important;padding-left: 0px !important;}\u00bb offset=\u00bbvc_col-lg-6 vc_col-md-6 vc_col-xs-12&#8243;][vc_column_text css=\u00bb.vc_custom_1599751082662{margin-bottom: 30px !important;}\u00bb]<strong>\u00bfTe imaginas una tienda llena de regalos y lazos de todos colores? As\u00ed es la tienda de Llobet Regals<\/strong><br \/>\nCada a\u00f1o levantamos la persiana con la voluntad de abrir una versi\u00f3n m\u00e1s moderna, completa y competitiva de tienda. Intentamos que cada campa\u00f1a sea mejor que la anterior, con una mayor diversidad y con propuestas para todos los gustos y necesidades.<\/p>\n<p>En nuestra tienda f\u00edsica de Sant Fruit\u00f3s de Bages podr\u00e1s ver, en vivo y en directo, todas las <strong>cestas y lotes de Navidad<\/strong> del cat\u00e1logo y, adem\u00e1s, una serie de <strong>propuestas de regalo \u00fanicas y exclusivas<\/strong>: s\u00f3lo hay una unidad de cada.[\/vc_column_text][\/vc_column_inner][vc_column_inner width=\u00bb1\/2&#8243; offset=\u00bbvc_col-lg-6 vc_col-md-6 vc_col-xs-12&#8243;][vc_column_text css=\u00bb.vc_custom_1599750948106{margin-bottom: 30px !important;}\u00bb]Desde la apertura, a mediados de noviembre, y hasta la v\u00edspera de Reyes, si te acercas a la tienda, podr\u00e1s comprobar de primera mano todos los detalles de <strong>las cestas y lotes de Navidad<\/strong> que figuran en el cat\u00e1logo, pero tambi\u00e9n creaciones \u00fanicas que elaboran nuestras creadoras y creadores de detalles.<\/p>\n<p>Pero no todo termina en una combinaci\u00f3n ya cerrada. Dentro del establecimiento tienes la posibilidad de elegir, por separado, los productos que quieras que incluyamos y preparamos en forma de <strong>cesta de Navidad personalizada<\/strong> (o ni siquiera necesariamente de Navidad). Aprovecha la oportunidad de asesorarte con nuestros profesionales expertos.[\/vc_column_text][\/vc_column_inner][\/vc_row_inner][\/vc_column][\/vc_row][vc_row][vc_column][vc_column_text]<img decoding=\"async\" class=\"alignnone size-full wp-image-7619 aligncenter\" src=\"https:\/\/www.llobetregals.com\/wp-content\/uploads\/2020\/08\/icones-nosaltres.png\" alt=\"\" width=\"104\" height=\"29\" srcset=\"https:\/\/www.llobetregals.com\/wp-content\/uploads\/2020\/08\/icones-nosaltres.png 104w, https:\/\/www.llobetregals.com\/wp-content\/uploads\/2020\/08\/icones-nosaltres-100x29.png 100w\" sizes=\"(max-width: 104px) 100vw, 104px\" \/>[\/vc_column_text][\/vc_column][\/vc_row][vc_row][vc_column][vc_video link=\u00bbhttps:\/\/www.youtube.com\/watch?v=cq45qnfGcK8&#8243;][\/vc_column][\/vc_row]<\/p>\n","protected":false},"excerpt":{"rendered":"<p>[vc_row full_width=\u00bbstretch_row_content_no_spaces\u00bb equal_height=\u00bbyes\u00bb content_placement=\u00bbmiddle\u00bb et_uniqid=\u00bbet_custom_uniqid_5f3fdbf2962c5&#8243; _et_uniqid=\u00bbet_custom_uniqid_new_65007e007f53f\u00bb css=\u00bb.vc_custom_1694531118752{padding-top: 100px !important;padding-bottom: 6vw !important;background-image: url(https:\/\/www.llobetregals.com\/wp-content\/uploads\/2023\/09\/10-scaled.jpg?id=30396) !important;background-position: center !important;background-repeat: no-repeat !important;background-size: cover !important;}\u00bb][vc_column et_uniqid=\u00bbet_custom_uniqid_5f4366ca42417&#8243; css=\u00bb.vc_custom_1598598849409{padding-top: 120px !important;padding-bottom: 50px !important;background-position:&#8230;<\/p>\n","protected":false},"author":1,"featured_media":24724,"parent":0,"menu_order":0,"comment_status":"closed","ping_status":"closed","template":"","meta":{"om_disable_all_campaigns":false,"_joinchat":[],"footnotes":""},"class_list":["post-10852","page","type-page","status-publish","has-post-thumbnail","hentry"],"acf":[],"yoast_head":"<!-- This site is optimized with the Yoast SEO plugin v27.3 - https:\/\/yoast.com\/product\/yoast-seo-wordpress\/ -->\n<title>Nosotros - Llobet Regals<\/title>\n<meta name=\"robots\" content=\"noindex, nofollow\" \/>\n<meta property=\"og:locale\" content=\"es_ES\" \/>\n<meta property=\"og:type\" content=\"article\" \/>\n<meta property=\"og:title\" content=\"Nosotros - Llobet Regals\" \/>\n<meta property=\"og:description\" content=\"[vc_row full_width=\u00bbstretch_row_content_no_spaces\u00bb equal_height=\u00bbyes\u00bb content_placement=\u00bbmiddle\u00bb et_uniqid=\u00bbet_custom_uniqid_5f3fdbf2962c5&#8243; _et_uniqid=\u00bbet_custom_uniqid_new_65007e007f53f\u00bb css=\u00bb.vc_custom_1694531118752{padding-top: 100px !important;padding-bottom: 6vw !important;background-image: url(https:\/\/www.llobetregals.com\/wp-content\/uploads\/2023\/09\/10-scaled.jpg?id=30396) !important;background-position: center !important;background-repeat: no-repeat !important;background-size: cover !important;}\u00bb][vc_column et_uniqid=\u00bbet_custom_uniqid_5f4366ca42417&#8243; css=\u00bb.vc_custom_1598598849409{padding-top: 120px !important;padding-bottom: 50px !important;background-position:...\" \/>\n<meta property=\"og:url\" content=\"https:\/\/www.llobetregals.com\/nosaltres\/\" \/>\n<meta property=\"og:site_name\" content=\"Llobet Regals\" \/>\n<meta property=\"article:modified_time\" content=\"2026-03-20T16:02:27+00:00\" \/>\n<meta property=\"og:image\" content=\"https:\/\/www.llobetregals.com\/wp-content\/uploads\/2023\/09\/790758-scaled.jpg\" \/>\n\t<meta property=\"og:image:width\" content=\"2560\" \/>\n\t<meta property=\"og:image:height\" content=\"2560\" \/>\n\t<meta property=\"og:image:type\" content=\"image\/jpeg\" \/>\n<meta name=\"twitter:card\" content=\"summary_large_image\" \/>\n<meta name=\"twitter:label1\" content=\"Tiempo de lectura\" \/>\n\t<meta name=\"twitter:data1\" content=\"6 minutos\" \/>\n<script type=\"application\/ld+json\" class=\"yoast-schema-graph\">{\"@context\":\"https:\\\/\\\/schema.org\",\"@graph\":[{\"@type\":\"WebPage\",\"@id\":\"https:\\\/\\\/www.llobetregals.com\\\/nosaltres\\\/\",\"url\":\"https:\\\/\\\/www.llobetregals.com\\\/nosaltres\\\/\",\"name\":\"Nosotros - Llobet Regals\",\"isPartOf\":{\"@id\":\"https:\\\/\\\/www.llobetregals.com\\\/#website\"},\"primaryImageOfPage\":{\"@id\":\"https:\\\/\\\/www.llobetregals.com\\\/nosaltres\\\/#primaryimage\"},\"image\":{\"@id\":\"https:\\\/\\\/www.llobetregals.com\\\/nosaltres\\\/#primaryimage\"},\"thumbnailUrl\":\"https:\\\/\\\/www.llobetregals.com\\\/wp-content\\\/uploads\\\/2023\\\/09\\\/790758-scaled.jpg\",\"datePublished\":\"2019-07-19T11:46:46+00:00\",\"dateModified\":\"2026-03-20T16:02:27+00:00\",\"breadcrumb\":{\"@id\":\"https:\\\/\\\/www.llobetregals.com\\\/nosaltres\\\/#breadcrumb\"},\"inLanguage\":\"es\",\"potentialAction\":[{\"@type\":\"ReadAction\",\"target\":[\"https:\\\/\\\/www.llobetregals.com\\\/nosaltres\\\/\"]}]},{\"@type\":\"ImageObject\",\"inLanguage\":\"es\",\"@id\":\"https:\\\/\\\/www.llobetregals.com\\\/nosaltres\\\/#primaryimage\",\"url\":\"https:\\\/\\\/www.llobetregals.com\\\/wp-content\\\/uploads\\\/2023\\\/09\\\/790758-scaled.jpg\",\"contentUrl\":\"https:\\\/\\\/www.llobetregals.com\\\/wp-content\\\/uploads\\\/2023\\\/09\\\/790758-scaled.jpg\",\"width\":2560,\"height\":2560},{\"@type\":\"BreadcrumbList\",\"@id\":\"https:\\\/\\\/www.llobetregals.com\\\/nosaltres\\\/#breadcrumb\",\"itemListElement\":[{\"@type\":\"ListItem\",\"position\":1,\"name\":\"Inici\",\"item\":\"https:\\\/\\\/www.llobetregals.com\\\/es\\\/\"},{\"@type\":\"ListItem\",\"position\":2,\"name\":\"Nosotros\"}]},{\"@type\":\"WebSite\",\"@id\":\"https:\\\/\\\/www.llobetregals.com\\\/#website\",\"url\":\"https:\\\/\\\/www.llobetregals.com\\\/\",\"name\":\"Llobet Regals\",\"description\":\"Fem Lots Nadal des de fa m\u00e9s de 50 anys.\",\"potentialAction\":[{\"@type\":\"SearchAction\",\"target\":{\"@type\":\"EntryPoint\",\"urlTemplate\":\"https:\\\/\\\/www.llobetregals.com\\\/?s={search_term_string}\"},\"query-input\":{\"@type\":\"PropertyValueSpecification\",\"valueRequired\":true,\"valueName\":\"search_term_string\"}}],\"inLanguage\":\"es\"}]}<\/script>\n<!-- \/ Yoast SEO plugin. -->","yoast_head_json":{"title":"Nosotros - Llobet Regals","robots":{"index":"noindex","follow":"nofollow"},"og_locale":"es_ES","og_type":"article","og_title":"Nosotros - Llobet Regals","og_description":"[vc_row full_width=\u00bbstretch_row_content_no_spaces\u00bb equal_height=\u00bbyes\u00bb content_placement=\u00bbmiddle\u00bb et_uniqid=\u00bbet_custom_uniqid_5f3fdbf2962c5&#8243; _et_uniqid=\u00bbet_custom_uniqid_new_65007e007f53f\u00bb css=\u00bb.vc_custom_1694531118752{padding-top: 100px !important;padding-bottom: 6vw !important;background-image: url(https:\/\/www.llobetregals.com\/wp-content\/uploads\/2023\/09\/10-scaled.jpg?id=30396) !important;background-position: center !important;background-repeat: no-repeat !important;background-size: cover !important;}\u00bb][vc_column et_uniqid=\u00bbet_custom_uniqid_5f4366ca42417&#8243; css=\u00bb.vc_custom_1598598849409{padding-top: 120px !important;padding-bottom: 50px !important;background-position:...","og_url":"https:\/\/www.llobetregals.com\/nosaltres\/","og_site_name":"Llobet Regals","article_modified_time":"2026-03-20T16:02:27+00:00","og_image":[{"width":2560,"height":2560,"url":"https:\/\/www.llobetregals.com\/wp-content\/uploads\/2023\/09\/790758-scaled.jpg","type":"image\/jpeg"}],"twitter_card":"summary_large_image","twitter_misc":{"Tiempo de lectura":"6 minutos"},"schema":{"@context":"https:\/\/schema.org","@graph":[{"@type":"WebPage","@id":"https:\/\/www.llobetregals.com\/nosaltres\/","url":"https:\/\/www.llobetregals.com\/nosaltres\/","name":"Nosotros - Llobet Regals","isPartOf":{"@id":"https:\/\/www.llobetregals.com\/#website"},"primaryImageOfPage":{"@id":"https:\/\/www.llobetregals.com\/nosaltres\/#primaryimage"},"image":{"@id":"https:\/\/www.llobetregals.com\/nosaltres\/#primaryimage"},"thumbnailUrl":"https:\/\/www.llobetregals.com\/wp-content\/uploads\/2023\/09\/790758-scaled.jpg","datePublished":"2019-07-19T11:46:46+00:00","dateModified":"2026-03-20T16:02:27+00:00","breadcrumb":{"@id":"https:\/\/www.llobetregals.com\/nosaltres\/#breadcrumb"},"inLanguage":"es","potentialAction":[{"@type":"ReadAction","target":["https:\/\/www.llobetregals.com\/nosaltres\/"]}]},{"@type":"ImageObject","inLanguage":"es","@id":"https:\/\/www.llobetregals.com\/nosaltres\/#primaryimage","url":"https:\/\/www.llobetregals.com\/wp-content\/uploads\/2023\/09\/790758-scaled.jpg","contentUrl":"https:\/\/www.llobetregals.com\/wp-content\/uploads\/2023\/09\/790758-scaled.jpg","width":2560,"height":2560},{"@type":"BreadcrumbList","@id":"https:\/\/www.llobetregals.com\/nosaltres\/#breadcrumb","itemListElement":[{"@type":"ListItem","position":1,"name":"Inici","item":"https:\/\/www.llobetregals.com\/es\/"},{"@type":"ListItem","position":2,"name":"Nosotros"}]},{"@type":"WebSite","@id":"https:\/\/www.llobetregals.com\/#website","url":"https:\/\/www.llobetregals.com\/","name":"Llobet Regals","description":"Fem Lots Nadal des de fa m\u00e9s de 50 anys.","potentialAction":[{"@type":"SearchAction","target":{"@type":"EntryPoint","urlTemplate":"https:\/\/www.llobetregals.com\/?s={search_term_string}"},"query-input":{"@type":"PropertyValueSpecification","valueRequired":true,"valueName":"search_term_string"}}],"inLanguage":"es"}]}},"_links":{"self":[{"href":"https:\/\/www.llobetregals.com\/es\/wp-json\/wp\/v2\/pages\/10852","targetHints":{"allow":["GET"]}}],"collection":[{"href":"https:\/\/www.llobetregals.com\/es\/wp-json\/wp\/v2\/pages"}],"about":[{"href":"https:\/\/www.llobetregals.com\/es\/wp-json\/wp\/v2\/types\/page"}],"author":[{"embeddable":true,"href":"https:\/\/www.llobetregals.com\/es\/wp-json\/wp\/v2\/users\/1"}],"replies":[{"embeddable":true,"href":"https:\/\/www.llobetregals.com\/es\/wp-json\/wp\/v2\/comments?post=10852"}],"version-history":[{"count":10,"href":"https:\/\/www.llobetregals.com\/es\/wp-json\/wp\/v2\/pages\/10852\/revisions"}],"predecessor-version":[{"id":44129,"href":"https:\/\/www.llobetregals.com\/es\/wp-json\/wp\/v2\/pages\/10852\/revisions\/44129"}],"wp:featuredmedia":[{"embeddable":true,"href":"https:\/\/www.llobetregals.com\/es\/wp-json\/wp\/v2\/media\/24724"}],"wp:attachment":[{"href":"https:\/\/www.llobetregals.com\/es\/wp-json\/wp\/v2\/media?parent=10852"}],"curies":[{"name":"wp","href":"https:\/\/api.w.org\/{rel}","templated":true}]}}