{"id":10850,"date":"2020-08-04T11:52:11","date_gmt":"2020-08-04T09:52:11","guid":{"rendered":"https:\/\/www.llobetregals.com\/envio\/"},"modified":"2026-03-20T17:01:58","modified_gmt":"2026-03-20T16:01:58","slug":"envio","status":"publish","type":"page","link":"https:\/\/www.llobetregals.com\/es\/envio\/","title":{"rendered":"Env\u00edo"},"content":{"rendered":"<p><strong>Precios de env\u00edo<\/strong><\/p>\r\n<ul>\r\n<li>En las entregas unitarias, se cobrar\u00e1 seg\u00fan peso del modelo y\/o volum\u00e9trico y la zona geogr\u00e1fica<\/li>\r\n<li>Para pedidos de cat\u00e1logo<strong> superiores a 1200\u20ac en un mismo punto<\/strong> (Provincia de Barcelona) = PORTES GRATIS<\/li>\r\n<li>Para pedidos de cat\u00e1logo <strong>inferiores a 1200\u20ac en un mismo punto<\/strong> (Provincia de Barcelona) se cobrar\u00e1 seg\u00fan peso de los modelos y zona geogr\u00e1fica)<\/li>\r\n<li>Para pedidos de cat\u00e1logo<strong> superiores a 1800\u20ac en un mismo punto<\/strong> (Resto de Catalu\u00f1a) = PORTES GRATIS<\/li>\r\n<li>Para pedidos de cat\u00e1logo <strong>inferiores a 1800\u20ac en un mismo punto<\/strong> (Resto de Catalu\u00f1a) se cobrar\u00e1 seg\u00fan peso de los modelos y zona geogr\u00e1fica)<\/li>\r\n<li>Para pedidos de cat\u00e1logo <strong>superiores a 2800\u20ac en un mismo punto<\/strong> (Espa\u00f1a Peninsular) = PORTES GRATIS<\/li>\r\n<li>Para pedidos de cat\u00e1logo <strong>inferiores a 2800\u20ac en un mismo punto<\/strong> (Espa\u00f1a Peninsular: se cobrar\u00e1 seg\u00fan peso de los modelos y zona geogr\u00e1fica)<\/li>\r\n<li>Para pedidos para entregar en Baleares, Canarias u otros pa\u00edses: Consultar con el departamento comercial<\/li>\r\n<li>Para otras zonas, pedidos o env\u00edos,\u00a0 consulta a nuestro Departamento Comercial a trav\u00e9s del mail: <a href=\"mailto:llobet@llobetregals.com\">llobet@llobetregals.com<\/a> o llamando al 93 876 18 50<\/li>\r\n<li>Los precios de los transportes son sin\u00a0iva.<\/li>\r\n<\/ul>\r\n\r\n<figure class=\"wp-block-table is-style-stripes\"><\/figure>\r\n<p><em><strong>IMPORTANTE:<\/strong><\/em><\/p>\r\n<p><strong><em>Las agencias entregan los lotes puerta a puerta. Aunque la entrega sea gratuita a partir de cierto importe, cualquier manipulaci\u00f3n adicional, como despaletizar o subir la mercanc\u00eda a planta, tendr\u00e1 un coste extra a consultar y abonar aparte.<\/em><\/strong><\/p>\r\n<p><strong><em>En caso de ampliaciones de pedido una vez que la mercanc\u00eda est\u00e9 log\u00edsticamente preparada y fuera de nuestro almac\u00e9n, se contemplar\u00e1 el coste adicional del transporte.<\/em><\/strong><\/p>\r\n","protected":false},"excerpt":{"rendered":"<p>Precios de env\u00edo En las entregas unitarias, se cobrar\u00e1 seg\u00fan peso del modelo y\/o volum\u00e9trico y la zona geogr\u00e1fica Para pedidos de cat\u00e1logo superiores a&#8230;<\/p>\n","protected":false},"author":1,"featured_media":0,"parent":0,"menu_order":0,"comment_status":"closed","ping_status":"closed","template":"","meta":{"om_disable_all_campaigns":false,"_joinchat":[],"footnotes":""},"class_list":["post-10850","page","type-page","status-publish","hentry"],"acf":[],"yoast_head":"<!-- This site is optimized with the Yoast SEO plugin v27.3 - https:\/\/yoast.com\/product\/yoast-seo-wordpress\/ -->\n<title>Env\u00edo - Llobet Regals<\/title>\n<meta name=\"robots\" content=\"noindex, nofollow\" \/>\n<meta property=\"og:locale\" content=\"es_ES\" \/>\n<meta property=\"og:type\" content=\"article\" \/>\n<meta property=\"og:title\" content=\"Env\u00edo - Llobet Regals\" \/>\n<meta property=\"og:description\" content=\"Precios de env\u00edo En las entregas unitarias, se cobrar\u00e1 seg\u00fan peso del modelo y\/o volum\u00e9trico y la zona geogr\u00e1fica Para pedidos de cat\u00e1logo superiores a...\" \/>\n<meta property=\"og:url\" content=\"https:\/\/www.llobetregals.com\/enviament\/\" \/>\n<meta property=\"og:site_name\" content=\"Llobet Regals\" \/>\n<meta property=\"article:modified_time\" content=\"2026-03-20T16:01:58+00:00\" \/>\n<meta name=\"twitter:card\" content=\"summary_large_image\" \/>\n<meta name=\"twitter:label1\" content=\"Tiempo de lectura\" \/>\n\t<meta name=\"twitter:data1\" content=\"1 minuto\" \/>\n<script type=\"application\/ld+json\" class=\"yoast-schema-graph\">{\"@context\":\"https:\\\/\\\/schema.org\",\"@graph\":[{\"@type\":\"WebPage\",\"@id\":\"https:\\\/\\\/www.llobetregals.com\\\/enviament\\\/\",\"url\":\"https:\\\/\\\/www.llobetregals.com\\\/enviament\\\/\",\"name\":\"Env\u00edo - Llobet Regals\",\"isPartOf\":{\"@id\":\"https:\\\/\\\/www.llobetregals.com\\\/#website\"},\"datePublished\":\"2020-08-04T09:52:11+00:00\",\"dateModified\":\"2026-03-20T16:01:58+00:00\",\"breadcrumb\":{\"@id\":\"https:\\\/\\\/www.llobetregals.com\\\/enviament\\\/#breadcrumb\"},\"inLanguage\":\"es\",\"potentialAction\":[{\"@type\":\"ReadAction\",\"target\":[\"https:\\\/\\\/www.llobetregals.com\\\/enviament\\\/\"]}]},{\"@type\":\"BreadcrumbList\",\"@id\":\"https:\\\/\\\/www.llobetregals.com\\\/enviament\\\/#breadcrumb\",\"itemListElement\":[{\"@type\":\"ListItem\",\"position\":1,\"name\":\"Inici\",\"item\":\"https:\\\/\\\/www.llobetregals.com\\\/es\\\/\"},{\"@type\":\"ListItem\",\"position\":2,\"name\":\"Env\u00edo\"}]},{\"@type\":\"WebSite\",\"@id\":\"https:\\\/\\\/www.llobetregals.com\\\/#website\",\"url\":\"https:\\\/\\\/www.llobetregals.com\\\/\",\"name\":\"Llobet Regals\",\"description\":\"Fem Lots Nadal des de fa m\u00e9s de 50 anys.\",\"potentialAction\":[{\"@type\":\"SearchAction\",\"target\":{\"@type\":\"EntryPoint\",\"urlTemplate\":\"https:\\\/\\\/www.llobetregals.com\\\/?s={search_term_string}\"},\"query-input\":{\"@type\":\"PropertyValueSpecification\",\"valueRequired\":true,\"valueName\":\"search_term_string\"}}],\"inLanguage\":\"es\"}]}<\/script>\n<!-- \/ Yoast SEO plugin. -->","yoast_head_json":{"title":"Env\u00edo - Llobet Regals","robots":{"index":"noindex","follow":"nofollow"},"og_locale":"es_ES","og_type":"article","og_title":"Env\u00edo - Llobet Regals","og_description":"Precios de env\u00edo En las entregas unitarias, se cobrar\u00e1 seg\u00fan peso del modelo y\/o volum\u00e9trico y la zona geogr\u00e1fica Para pedidos de cat\u00e1logo superiores a...","og_url":"https:\/\/www.llobetregals.com\/enviament\/","og_site_name":"Llobet Regals","article_modified_time":"2026-03-20T16:01:58+00:00","twitter_card":"summary_large_image","twitter_misc":{"Tiempo de lectura":"1 minuto"},"schema":{"@context":"https:\/\/schema.org","@graph":[{"@type":"WebPage","@id":"https:\/\/www.llobetregals.com\/enviament\/","url":"https:\/\/www.llobetregals.com\/enviament\/","name":"Env\u00edo - Llobet Regals","isPartOf":{"@id":"https:\/\/www.llobetregals.com\/#website"},"datePublished":"2020-08-04T09:52:11+00:00","dateModified":"2026-03-20T16:01:58+00:00","breadcrumb":{"@id":"https:\/\/www.llobetregals.com\/enviament\/#breadcrumb"},"inLanguage":"es","potentialAction":[{"@type":"ReadAction","target":["https:\/\/www.llobetregals.com\/enviament\/"]}]},{"@type":"BreadcrumbList","@id":"https:\/\/www.llobetregals.com\/enviament\/#breadcrumb","itemListElement":[{"@type":"ListItem","position":1,"name":"Inici","item":"https:\/\/www.llobetregals.com\/es\/"},{"@type":"ListItem","position":2,"name":"Env\u00edo"}]},{"@type":"WebSite","@id":"https:\/\/www.llobetregals.com\/#website","url":"https:\/\/www.llobetregals.com\/","name":"Llobet Regals","description":"Fem Lots Nadal des de fa m\u00e9s de 50 anys.","potentialAction":[{"@type":"SearchAction","target":{"@type":"EntryPoint","urlTemplate":"https:\/\/www.llobetregals.com\/?s={search_term_string}"},"query-input":{"@type":"PropertyValueSpecification","valueRequired":true,"valueName":"search_term_string"}}],"inLanguage":"es"}]}},"_links":{"self":[{"href":"https:\/\/www.llobetregals.com\/es\/wp-json\/wp\/v2\/pages\/10850","targetHints":{"allow":["GET"]}}],"collection":[{"href":"https:\/\/www.llobetregals.com\/es\/wp-json\/wp\/v2\/pages"}],"about":[{"href":"https:\/\/www.llobetregals.com\/es\/wp-json\/wp\/v2\/types\/page"}],"author":[{"embeddable":true,"href":"https:\/\/www.llobetregals.com\/es\/wp-json\/wp\/v2\/users\/1"}],"replies":[{"embeddable":true,"href":"https:\/\/www.llobetregals.com\/es\/wp-json\/wp\/v2\/comments?post=10850"}],"version-history":[{"count":8,"href":"https:\/\/www.llobetregals.com\/es\/wp-json\/wp\/v2\/pages\/10850\/revisions"}],"predecessor-version":[{"id":38151,"href":"https:\/\/www.llobetregals.com\/es\/wp-json\/wp\/v2\/pages\/10850\/revisions\/38151"}],"wp:attachment":[{"href":"https:\/\/www.llobetregals.com\/es\/wp-json\/wp\/v2\/media?parent=10850"}],"curies":[{"name":"wp","href":"https:\/\/api.w.org\/{rel}","templated":true}]}}